{"id":1028,"date":"2020-09-15T19:50:52","date_gmt":"2020-09-15T17:50:52","guid":{"rendered":"http:\/\/korunahor.cz\/?page_id=1028"},"modified":"2020-09-25T06:12:19","modified_gmt":"2020-09-25T04:12:19","slug":"zestawienie-wg-prowincji-subprowincji-i-wysokosci-2","status":"publish","type":"page","link":"https:\/\/korunahor.cz\/index.php\/zestawienie-wg-prowincji-subprowincji-i-wysokosci-2\/","title":{"rendered":"ZESTAWIENIE WG PROWINCJI, SUBPROWINCJI I WYSOKO\u015aCI_OUT"},"content":{"rendered":"<p><\/p>\r\n<p><strong>MASYW CZESKI<\/strong><br \/><strong>Kraina Rudaw (Kru\u0161nohorsk\u00e1 subprovincie)<\/strong><\/p>\r\n<p><\/p>\r\n<p><\/p>\r\n<figure class=\"wp-block-table\">\r\n<table>\r\n<tbody>\r\n<tr>\r\n<td>\u00a0<\/td>\r\n<td>\u00a0<\/td>\r\n<td>\u00a0<\/td>\r\n<td>\u00a0<\/td>\r\n<\/tr>\r\n<tr>\r\n<td>1. Chebsk\u00e1 p\u00e1nev<\/td>\r\n<td>Doubravsk\u00fd vrch<\/td>\r\n<td>527 m <sup>n.p.m.<\/sup><\/td>\r\n<td>D<\/td>\r\n<\/tr>\r\n<tr>\r\n<td>2. Sokolovsk\u00e1 p\u00e1nev<\/td>\r\n<td>Zelen\u00fd vrch<\/td>\r\n<td>570 m <sup>n.p.m.<\/sup><\/td>\r\n<td>Z<\/td>\r\n<\/tr>\r\n<tr>\r\n<td>3. D\u011b\u010d\u00ednsk\u00e1 vrchovina<\/td>\r\n<td>D\u011b\u010d\u00ednsk\u00fd Sn\u011b\u017en\u00edk<\/td>\r\n<td>723 m <sup>n.p.m.<\/sup><\/td>\r\n<td>Z<\/td>\r\n<\/tr>\r\n<tr>\r\n<td>4. Smr\u010diny<\/td>\r\n<td>H\u00e1j<\/td>\r\n<td>758 m <sup>n.p.m.<\/sup><\/td>\r\n<td>Z<\/td>\r\n<\/tr>\r\n<tr>\r\n<td>5. \u010cesk\u00e9 st\u0159edoho\u0159\u00ed<\/td>\r\n<td>Mile\u0161ovka<\/td>\r\n<td>837 m <sup>n.p.m.<\/sup><\/td>\r\n<td>Z<\/td>\r\n<\/tr>\r\n<tr>\r\n<td>6. Tepelsk\u00e1 vrchovina<\/td>\r\n<td>Podhorn\u00ed vrch<\/td>\r\n<td>847 m <sup>n.p.m.<\/sup><\/td>\r\n<td>Z<\/td>\r\n<\/tr>\r\n<tr>\r\n<td>7. Slavkovsk\u00fd les<\/td>\r\n<td>Lesn\u00fd<\/td>\r\n<td>983 m <sup>n.p.m.<\/sup><\/td>\r\n<td>S<\/td>\r\n<\/tr>\r\n<tr>\r\n<td>8. Kru\u0161n\u00e9 hory<\/td>\r\n<td>Kl\u00ednovec<\/td>\r\n<td>1244 m <sup>n.p.m.<\/sup><\/td>\r\n<td>B<\/td>\r\n<\/tr>\r\n<\/tbody>\r\n<\/table>\r\n<\/figure>\r\n<p><\/p>\r\n<p><\/p>\r\n<p><strong>Sudety (Krkono\u0161sko-jesenick\u00e1 subprovincie)<\/strong><\/p>\r\n<p><\/p>\r\n<p><\/p>\r\n<figure class=\"wp-block-table\">\r\n<table>\r\n<tbody>\r\n<tr>\r\n<td>\u00a0<\/td>\r\n<td>\u00a0<\/td>\r\n<td>\u00a0<\/td>\r\n<td>\u00a0<\/td>\r\n<\/tr>\r\n<tr>\r\n<td>1. \u017dulovsk\u00e1 pahorkatina<\/td>\r\n<td>Bo\u017e\u00ed hora<\/td>\r\n<td>527 m <sup>n.p.m.<\/sup><\/td>\r\n<td>S<\/td>\r\n<\/tr>\r\n<tr>\r\n<td>2. Fr\u00fddlantsk\u00e1 pahorkatina<\/td>\r\n<td>And\u011blsk\u00fd vrch<\/td>\r\n<td>572 m <sup>n.p.m.<\/sup><\/td>\r\n<td>D<\/td>\r\n<\/tr>\r\n<tr>\r\n<td>3. Kladsk\u00e1 kotlina<\/td>\r\n<td>H\u016frka<\/td>\r\n<td>585 m <sup>n.p.m.<\/sup><\/td>\r\n<td>D<\/td>\r\n<\/tr>\r\n<tr>\r\n<td>4. \u017ditavsk\u00e1 p\u00e1nev<\/td>\r\n<td>Prose\u010dsk\u00fd h\u0159eben<\/td>\r\n<td>593 m <sup>n.p.m.<\/sup><\/td>\r\n<td>Z<\/td>\r\n<\/tr>\r\n<tr>\r\n<td>5. \u0160luknovsk\u00e1 pahorkatina<\/td>\r\n<td>Hrazen\u00fd<\/td>\r\n<td>610 m <sup>n.p.m.<\/sup><\/td>\r\n<td>Z<\/td>\r\n<\/tr>\r\n<tr>\r\n<td>6. Z\u00e1b\u0159e\u017esk\u00e1 vrchovina<\/td>\r\n<td>L\u00e1zek<\/td>\r\n<td>714 m <sup>n.p.m.<\/sup><\/td>\r\n<td>Z<\/td>\r\n<\/tr>\r\n<tr>\r\n<td>7. Lu\u017eick\u00e9 hory<\/td>\r\n<td>Lu\u017e (Lausche)<\/td>\r\n<td>793 m <sup>n.p.m.<\/sup><\/td>\r\n<td>Z<\/td>\r\n<\/tr>\r\n<tr>\r\n<td>8. N\u00edzk\u00fd Jesen\u00edk<\/td>\r\n<td>Slune\u010dn\u00e1<\/td>\r\n<td>800 m <sup>n.p.m.<\/sup><\/td>\r\n<td>Z<\/td>\r\n<\/tr>\r\n<tr>\r\n<td>9. Krkono\u0161sk\u00e9 podh\u016f\u0159\u00ed<\/td>\r\n<td>Hejlov<\/td>\r\n<td>835 m <sup>n.p.m.<\/sup><\/td>\r\n<td>D<\/td>\r\n<\/tr>\r\n<tr>\r\n<td>10. Podorlick\u00e1 pahorkatina<\/td>\r\n<td>\u0160pi\u010d\u00e1k<\/td>\r\n<td>841 m <sup>n.p.m.<\/sup><\/td>\r\n<td>D<\/td>\r\n<\/tr>\r\n<tr>\r\n<td>11. Broumovsk\u00e1 vrchovina<\/td>\r\n<td>Kr\u00e1loveck\u00fd \u0160pi\u010d\u00e1k<\/td>\r\n<td>881 m <sup>n.p.m.<\/sup><\/td>\r\n<td>Z<\/td>\r\n<\/tr>\r\n<tr>\r\n<td>12. Zlatohorsk\u00e1 vrchovina<\/td>\r\n<td>P\u0159\u00ed\u010dn\u00fd vrch<\/td>\r\n<td>975 m <sup>n.p.m.<\/sup><\/td>\r\n<td>Z<\/td>\r\n<\/tr>\r\n<tr>\r\n<td>13. Hanu\u0161ovick\u00e1 vrchovina<\/td>\r\n<td>Je\u0159\u00e1b<\/td>\r\n<td>1003 m <sup>n.p.m.<\/sup><\/td>\r\n<td>Z<\/td>\r\n<\/tr>\r\n<tr>\r\n<td>14. Je\u0161t\u011bdsko-koz\u00e1kovsk\u00fd h\u0159bet<\/td>\r\n<td>Je\u0161t\u011bd<\/td>\r\n<td>1012 m <sup>n.p.m.<\/sup><\/td>\r\n<td>Z<\/td>\r\n<\/tr>\r\n<tr>\r\n<td>15. Orlick\u00e9 hory<\/td>\r\n<td>Velk\u00e1 De\u0161tn\u00e1<\/td>\r\n<td>1115 m <sup>n.p.m.<\/sup><\/td>\r\n<td>S<\/td>\r\n<\/tr>\r\n<tr>\r\n<td>16. Jizersk\u00e9 hory<\/td>\r\n<td>Smrk<\/td>\r\n<td>1124 m <sup>n.p.m.<\/sup><\/td>\r\n<td>Z<\/td>\r\n<\/tr>\r\n<tr>\r\n<td>17. Rychlebsk\u00e9 hory<\/td>\r\n<td>Smrk<\/td>\r\n<td>1127 m <sup>n.p.m.<\/sup><\/td>\r\n<td>Z<\/td>\r\n<\/tr>\r\n<tr>\r\n<td>18. Kr\u00e1lick\u00fd Sn\u011b\u017en\u00edk<\/td>\r\n<td>Kr\u00e1lick\u00fd Sn\u011b\u017en\u00edk (\u015anie\u017cnik)<\/td>\r\n<td>1424 m <sup>n.p.m.<\/sup><\/td>\r\n<td>Z<\/td>\r\n<\/tr>\r\n<tr>\r\n<td>19. Hrub\u00fd Jesen\u00edk<\/td>\r\n<td>Prad\u011bd<\/td>\r\n<td>1491 m <sup>n.p.m.<\/sup><\/td>\r\n<td>S<\/td>\r\n<\/tr>\r\n<tr>\r\n<td>20. Krkono\u0161e Sn\u011b\u017eka<\/td>\r\n<td>(\u015anie\u017cka)<\/td>\r\n<td>1603 m <sup>n.p.m.<\/sup><\/td>\r\n<td>B<\/td>\r\n<\/tr>\r\n<\/tbody>\r\n<\/table>\r\n<\/figure>\r\n<p><\/p>\r\n<p><\/p>\r\n<p><strong>P\u0142yta Czeska (\u010cesk\u00e1 tabule)<\/strong><\/p>\r\n<p><\/p>\r\n<p><\/p>\r\n<figure class=\"wp-block-table\">\r\n<table>\r\n<tbody>\r\n<tr>\r\n<td>\u00a0<\/td>\r\n<td>\u00a0<\/td>\r\n<td>\u00a0<\/td>\r\n<td>\u00a0<\/td>\r\n<\/tr>\r\n<tr>\r\n<td>1. V\u00fdchodolabsk\u00e1 tabule<\/td>\r\n<td>Na \u0160anc\u00edch<\/td>\r\n<td>353 m <sup>n.p.m.<\/sup><\/td>\r\n<td>D<\/td>\r\n<\/tr>\r\n<tr>\r\n<td>2. Jizersk\u00e1 tabule<\/td>\r\n<td>Rokytsk\u00e1 horka<\/td>\r\n<td>410 m <sup>n.p.m.<\/sup><\/td>\r\n<td>D<\/td>\r\n<\/tr>\r\n<tr>\r\n<td>3. Orlick\u00e1 tabule<\/td>\r\n<td>U Rozhledny<\/td>\r\n<td>451 m <sup>n.p.m.<\/sup><\/td>\r\n<td>D<\/td>\r\n<\/tr>\r\n<tr>\r\n<td>4. Dolnooharsk\u00e1 tabule<\/td>\r\n<td>\u0158\u00edp<\/td>\r\n<td>455 m <sup>n.p.m.<\/sup><\/td>\r\n<td>S<\/td>\r\n<\/tr>\r\n<tr>\r\n<td>5. Ji\u010d\u00ednsk\u00e1 pahorkatina<\/td>\r\n<td>Sokol<\/td>\r\n<td>562 m <sup>n.p.m.<\/sup><\/td>\r\n<td>Z<\/td>\r\n<\/tr>\r\n<tr>\r\n<td>6. Svitavsk\u00e1 pahorkatina<\/td>\r\n<td>Baldsk\u00fd vrch<\/td>\r\n<td>692 m <sup>n.p.m.<\/sup><\/td>\r\n<td>D<\/td>\r\n<\/tr>\r\n<tr>\r\n<td>7. Ralsk\u00e1 pahorkatina<\/td>\r\n<td>Ralsko<\/td>\r\n<td>696 m <sup>n.p.m.<\/sup><\/td>\r\n<td>B<\/td>\r\n<\/tr>\r\n<\/tbody>\r\n<\/table>\r\n<\/figure>\r\n<p><\/p>\r\n<p><\/p>\r\n<p><strong>Wy\u017cyna Czesko-Morawska (\u010cesko-moravsk\u00e1 subprovincie)<\/strong><\/p>\r\n<p><\/p>\r\n<p><\/p>\r\n<figure class=\"wp-block-table\">\r\n<table>\r\n<tbody>\r\n<tr>\r\n<td>\u00a0<\/td>\r\n<td>\u00a0<\/td>\r\n<td>\u00a0<\/td>\r\n<td>\u00a0<\/td>\r\n<\/tr>\r\n<tr>\r\n<td>1. Bobravsk\u00e1 vrchovina<\/td>\r\n<td>Kope\u010dek<\/td>\r\n<td>479 m <sup>n.p.m.<\/sup><\/td>\r\n<td>D<\/td>\r\n<\/tr>\r\n<tr>\r\n<td>2. \u010ceskobud\u011bjovick\u00e1 p\u00e1nev<\/td>\r\n<td>Vr\u00e1\u017ee<\/td>\r\n<td>480 m <sup>n.p.m.<\/sup><\/td>\r\n<td>Z<\/td>\r\n<\/tr>\r\n<tr>\r\n<td>3. Boskovick\u00e1 br\u00e1zda<\/td>\r\n<td>Nad Amerikou<\/td>\r\n<td>553 m <sup>n.p.m.<\/sup><\/td>\r\n<td>D<\/td>\r\n<\/tr>\r\n<tr>\r\n<td>4. Jiho\u010desk\u00e9 p\u00e1nve<\/td>\r\n<td>Baba<\/td>\r\n<td>583 m <sup>n.p.m.<\/sup><\/td>\r\n<td>D<\/td>\r\n<\/tr>\r\n<tr>\r\n<td>5. T\u00e1borsk\u00e1 pahorkatina<\/td>\r\n<td>Velk\u00fd Meheln\u00edk<\/td>\r\n<td>633 m <sup>n.p.m.<\/sup><\/td>\r\n<td>Z<\/td>\r\n<\/tr>\r\n<tr>\r\n<td>6. Jevi\u0161ovick\u00e1 pahorkatina<\/td>\r\n<td>Zadn\u00ed hora<\/td>\r\n<td>634 m <sup>n.p.m.<\/sup><\/td>\r\n<td>D<\/td>\r\n<\/tr>\r\n<tr>\r\n<td>7. Bene\u0161ovsk\u00e1 pahorkatina<\/td>\r\n<td>Str\u00e1\u017e<\/td>\r\n<td>638 m <sup>n.p.m.<\/sup><\/td>\r\n<td>Z<\/td>\r\n<\/tr>\r\n<tr>\r\n<td>8. Hornos\u00e1zavsk\u00e1 pahorkatina<\/td>\r\n<td>Roudnice<\/td>\r\n<td>661 m <sup>n.p.m.<\/sup><\/td>\r\n<td>D<\/td>\r\n<\/tr>\r\n<tr>\r\n<td>9. Vla\u0161imsk\u00e1 pahorkatina<\/td>\r\n<td>Javorov\u00e1 sk\u00e1la<\/td>\r\n<td>723 m <sup>n.p.m.<\/sup><\/td>\r\n<td>Z<\/td>\r\n<\/tr>\r\n<tr>\r\n<td>10. St\u0159edo\u010desk\u00e1 pahorkatina<\/td>\r\n<td>Drkoln\u00e1<\/td>\r\n<td>729 m <sup>n.p.m.<\/sup><\/td>\r\n<td>D<\/td>\r\n<\/tr>\r\n<tr>\r\n<td>11. Drahansk\u00e1 vrchovina<\/td>\r\n<td>Skalky<\/td>\r\n<td>735 m <sup>n.p.m.<\/sup><\/td>\r\n<td>S<\/td>\r\n<\/tr>\r\n<tr>\r\n<td>12. \u017delezn\u00e9 hory<\/td>\r\n<td>U Ob\u011b\u0161en\u00e9h<\/td>\r\n<td>737 m <sup>n.p.m.<\/sup><\/td>\r\n<td>D<\/td>\r\n<\/tr>\r\n<tr>\r\n<td>13. K\u0159i\u017eanovsk\u00e1 vrchovina<\/td>\r\n<td>Harus\u016fv kopec<\/td>\r\n<td>741 m <sup>n.p.m.<\/sup><\/td>\r\n<td>Z<\/td>\r\n<\/tr>\r\n<tr>\r\n<td>14. K\u0159eme\u0161nick\u00e1 vrchovina<\/td>\r\n<td>K\u0159eme\u0161n\u00edk<\/td>\r\n<td>765 m <sup>n.p.m.<\/sup><\/td>\r\n<td>Z<\/td>\r\n<\/tr>\r\n<tr>\r\n<td>15. Hornosvrateck\u00e1 vrchovina<\/td>\r\n<td>Dev\u011bt skal<\/td>\r\n<td>836 m <sup>n.p.m.<\/sup><\/td>\r\n<td>Z<\/td>\r\n<\/tr>\r\n<tr>\r\n<td>16. Javo\u0159ick\u00e1 vrchovina<\/td>\r\n<td>Javo\u0159ice<\/td>\r\n<td>837 m <sup>n.p.m.<\/sup><\/td>\r\n<td>B<\/td>\r\n<\/tr>\r\n<\/tbody>\r\n<\/table>\r\n<\/figure>\r\n<p><\/p>\r\n<p><\/p>\r\n<p><strong>Kraina Szumawska (\u0160umavsk\u00e1 subprovincie)<\/strong><\/p>\r\n<p><\/p>\r\n<p><\/p>\r\n<figure class=\"wp-block-table\">\r\n<table>\r\n<tbody>\r\n<tr>\r\n<td>\u00a0<\/td>\r\n<td>\u00a0<\/td>\r\n<td>\u00a0<\/td>\r\n<td>\u00a0<\/td>\r\n<\/tr>\r\n<tr>\r\n<td>Pod\u010deskolesk\u00e1 pahorkatina<\/td>\r\n<td>Chebsk\u00fd vr\u0161ek<\/td>\r\n<td>679 m <sup>n.p.m.<\/sup><\/td>\r\n<td>D<\/td>\r\n<\/tr>\r\n<tr>\r\n<td>V\u0161erubsk\u00e1 vrchovina<\/td>\r\n<td>Kame\u0148\u00e1k<\/td>\r\n<td>751 m <sup>n.p.m.<\/sup><\/td>\r\n<td>D<\/td>\r\n<\/tr>\r\n<tr>\r\n<td>Novohradsk\u00e9 podh\u016f\u0159\u00ed<\/td>\r\n<td>Kohout<\/td>\r\n<td>871 m <sup>n.p.m.<\/sup><\/td>\r\n<td>Z<\/td>\r\n<\/tr>\r\n<tr>\r\n<td>\u010cesk\u00fd les<\/td>\r\n<td>\u010cerchov<\/td>\r\n<td>1042 m <sup>n.p.m.<\/sup><\/td>\r\n<td>S<\/td>\r\n<\/tr>\r\n<tr>\r\n<td>Novohradsk\u00e9 hory<\/td>\r\n<td>Kamenec<\/td>\r\n<td>1072 m <sup>n.p.m.<\/sup><\/td>\r\n<td>Z<\/td>\r\n<\/tr>\r\n<tr>\r\n<td>\u0160umavsk\u00e9 podh\u016f\u0159\u00ed<\/td>\r\n<td>Lib\u00edn<\/td>\r\n<td>1093 m <sup>n.p.m.<\/sup><\/td>\r\n<td>Z<\/td>\r\n<\/tr>\r\n<tr>\r\n<td>\u0160umava Plech\u00fd<\/td>\r\n<td>(Pl\u00f6ckenstein)<\/td>\r\n<td>1378 m <sup>n.p.m.<\/sup><\/td>\r\n<td>B<\/td>\r\n<\/tr>\r\n<\/tbody>\r\n<\/table>\r\n<\/figure>\r\n<p><\/p>\r\n<p><\/p>\r\n<p><strong>Wy\u017cyna Berounki (Poberounsk\u00e1 subprovincie)<\/strong><\/p>\r\n<p><\/p>\r\n<p><\/p>\r\n<figure class=\"wp-block-table\">\r\n<table>\r\n<tbody>\r\n<tr>\r\n<td>\u00a0<\/td>\r\n<td>\u00a0<\/td>\r\n<td>\u00a0<\/td>\r\n<td>\u00a0<\/td>\r\n<\/tr>\r\n<tr>\r\n<td>Ho\u0159ovick\u00e1 pahorkatina<\/td>\r\n<td>Bac\u00edn<\/td>\r\n<td>499 m <sup>n.p.m.<\/sup><\/td>\r\n<td>D<\/td>\r\n<\/tr>\r\n<tr>\r\n<td>D\u017eb\u00e1n<\/td>\r\n<td>D\u017eb\u00e1n<\/td>\r\n<td>536 m <sup>n.p.m.<\/sup><\/td>\r\n<td>D<\/td>\r\n<\/tr>\r\n<tr>\r\n<td>Rakovnick\u00e1 pahorkatina<\/td>\r\n<td>Li\u0161\u00e1k<\/td>\r\n<td>677 m <sup>n.p.m.<\/sup><\/td>\r\n<td>D<\/td>\r\n<\/tr>\r\n<tr>\r\n<td>Plask\u00e1 pahorkatina<\/td>\r\n<td>Vl\u010d\u00ed hora<\/td>\r\n<td>704 m <sup>n.p.m.<\/sup><\/td>\r\n<td>Z<\/td>\r\n<\/tr>\r\n<tr>\r\n<td>K\u0159ivokl\u00e1tsk\u00e1 vrchovina<\/td>\r\n<td>Rade\u010d<\/td>\r\n<td>721 m <sup>n.p.m.<\/sup><\/td>\r\n<td>Z<\/td>\r\n<\/tr>\r\n<tr>\r\n<td>\u0160vihovsk\u00e1 vrchovina<\/td>\r\n<td>Kor\u00e1b<\/td>\r\n<td>773 m <sup>n.p.m.<\/sup><\/td>\r\n<td>S<\/td>\r\n<\/tr>\r\n<tr>\r\n<td>Brdsk\u00e1 vrchovina<\/td>\r\n<td>Tok<\/td>\r\n<td>865 m <sup>n.p.m.<\/sup><\/td>\r\n<td>B<\/td>\r\n<\/tr>\r\n<\/tbody>\r\n<\/table>\r\n<\/figure>\r\n<p><\/p>\r\n<p><\/p>\r\n<p><strong>KARPATY ZACHODNIE<\/strong><br \/><strong>Zewn\u0119trzne Karpaty Zachodnie (Vn\u011bj\u0161\u00ed Z\u00e1padn\u00ed Karpaty)<\/strong><\/p>\r\n<p><\/p>\r\n<p><\/p>\r\n<figure class=\"wp-block-table\">\r\n<table>\r\n<tbody>\r\n<tr>\r\n<td>\u00a0<\/td>\r\n<td>\u00a0<\/td>\r\n<td>\u00a0<\/td>\r\n<td>\u00a0<\/td>\r\n<\/tr>\r\n<tr>\r\n<td>1. Kyjovsk\u00e1 pahorkatina<\/td>\r\n<td>Bab\u00ed lom<\/td>\r\n<td>417 m <sup>n.p.m.<\/sup><\/td>\r\n<td>Z<\/td>\r\n<\/tr>\r\n<tr>\r\n<td>2. \u017dd\u00e1nick\u00fd les<\/td>\r\n<td>U Slepice<\/td>\r\n<td>437 m <sup>n.p.m.<\/sup><\/td>\r\n<td>Z<\/td>\r\n<\/tr>\r\n<tr>\r\n<td>3. Liten\u010dick\u00e1 pahorkatina<\/td>\r\n<td>Hradisko (Z)<\/td>\r\n<td>518 m <sup>n.p.m.<\/sup><\/td>\r\n<td>Z<\/td>\r\n<\/tr>\r\n<tr>\r\n<td>4. Mikulovsk\u00e1 vrchovina<\/td>\r\n<td>D\u011bv\u00edn<\/td>\r\n<td>550 m <sup>n.p.m.<\/sup><\/td>\r\n<td>S<\/td>\r\n<\/tr>\r\n<tr>\r\n<td>5. Ch\u0159iby Brdo<\/td>\r\n<td>Brdo<\/td>\r\n<td>587 m <sup>n.p.m.<\/sup><\/td>\r\n<td>S<\/td>\r\n<\/tr>\r\n<tr>\r\n<td>6. Vizovick\u00e1 vrchovina<\/td>\r\n<td>Kl\u00e1\u0161\u0165ov<\/td>\r\n<td>753 m <sup>n.p.m.<\/sup><\/td>\r\n<td>Z<\/td>\r\n<\/tr>\r\n<tr>\r\n<td>7. Ro\u017enovsk\u00e1 br\u00e1zda<\/td>\r\n<td>\u0160or\u0161t\u00fdn<\/td>\r\n<td>781 m <sup>n.p.m.<\/sup><\/td>\r\n<td>D<\/td>\r\n<\/tr>\r\n<tr>\r\n<td>8. Jablunkovsk\u00e9 meziho\u0159\u00ed<\/td>\r\n<td>G\u00edrov\u00e1<\/td>\r\n<td>840 m <sup>n.p.m.<\/sup><\/td>\r\n<td>Z<\/td>\r\n<\/tr>\r\n<tr>\r\n<td>9. Podbeskydsk\u00e1 pahorkatina<\/td>\r\n<td>Skalka<\/td>\r\n<td>964 m <sup>n.p.m.<\/sup><\/td>\r\n<td>S<\/td>\r\n<\/tr>\r\n<tr>\r\n<td>10. B\u00edl\u00e9 Karpaty<\/td>\r\n<td>Velk\u00e1 Javo\u0159ina (Ve\u013ek\u00e1 Javorina)<\/td>\r\n<td>970 m <sup>n.p.m.<\/sup><\/td>\r\n<td>Z<\/td>\r\n<\/tr>\r\n<tr>\r\n<td>11. Slezsk\u00e9 Beskydy Velk\u00e1<\/td>\r\n<td>\u010cantoryje (Czantoria Wlk.)<\/td>\r\n<td>995 m <sup>n.p.m.<\/sup><\/td>\r\n<td>Z<\/td>\r\n<\/tr>\r\n<tr>\r\n<td>12. Javorn\u00edky<\/td>\r\n<td>Mal\u00fd Javorn\u00edk<\/td>\r\n<td>1021 m <sup>n.p.m.<\/sup><\/td>\r\n<td>S<\/td>\r\n<\/tr>\r\n<tr>\r\n<td>13. Host\u00fdnsko-vset\u00ednsk\u00e1 hornatina<\/td>\r\n<td>Vysok\u00e1<\/td>\r\n<td>1024 m <sup>n.p.m.<\/sup><\/td>\r\n<td>Z<\/td>\r\n<\/tr>\r\n<tr>\r\n<td>14. Moravskoslezsk\u00e9 Beskydy<\/td>\r\n<td>Lys\u00e1 hora<\/td>\r\n<td>1323 m <sup>n.p.m.<\/sup><\/td>\r\n<td>B<\/td>\r\n<\/tr>\r\n<\/tbody>\r\n<\/table>\r\n<\/figure>\r\n<p><\/p>\r\n<p><\/p>\r\n<p><strong>Podkarpacie (Vn\u011bkarpatsk\u00e9 sn\u00ed\u017eeniny)<\/strong><\/p>\r\n<p><\/p>\r\n<p><\/p>\r\n<figure class=\"wp-block-table\">\r\n<table>\r\n<tbody>\r\n<tr>\r\n<td>\u00a0<\/td>\r\n<td>\u00a0<\/td>\r\n<td>\u00a0<\/td>\r\n<td>\u00a0<\/td>\r\n<\/tr>\r\n<tr>\r\n<td>Dyjsko-svrateck\u00fd \u00faval B<\/td>\r\n<td>V\u00fdhon<\/td>\r\n<td>355 m <sup>n.p.m.<\/sup><\/td>\r\n<td>B<\/td>\r\n<\/tr>\r\n<\/tbody>\r\n<\/table>\r\n<\/figure>\r\n<p><\/p>\r\n<p><\/p>\r\n<p><strong>NIZINA \u015aRODKOWOEUROPEJSKA<\/strong><\/p>\r\n<p><\/p>\r\n<p><\/p>\r\n<figure class=\"wp-block-table\">\r\n<table>\r\n<tbody>\r\n<tr>\r\n<td>\u00a0<\/td>\r\n<td>\u00a0<\/td>\r\n<td>\u00a0<\/td>\r\n<td>\u00a0<\/td>\r\n<\/tr>\r\n<tr>\r\n<td>St\u0159edopolsk\u00e9 n\u00ed\u017einy<\/td>\r\n<td>Almin kopec<\/td>\r\n<td>315 m <sup>n.p.m.<\/sup><\/td>\r\n<td>D<\/td>\r\n<\/tr>\r\n<\/tbody>\r\n<\/table>\r\n<\/figure>\r\n<p><\/p>","protected":false},"excerpt":{"rendered":"<p>MASYW CZESKIKraina Rudaw (Kru\u0161nohorsk\u00e1 subprovincie) \u00a0 \u00a0 \u00a0 \u00a0 1. Chebsk\u00e1 p\u00e1nev Doubravsk\u00fd vrch 527 m n.p.m. D 2. Sokolovsk\u00e1 p\u00e1nev Zelen\u00fd vrch 570 m n.p.m. Z 3. D\u011b\u010d\u00ednsk\u00e1 vrchovina D\u011b\u010d\u00ednsk\u00fd Sn\u011b\u017en\u00edk 723 m n.p.m. Z 4. Smr\u010diny H\u00e1j 758 m n.p.m. Z 5. \u010cesk\u00e9 st\u0159edoho\u0159\u00ed Mile\u0161ovka 837 m n.p.m. Z 6. Tepelsk\u00e1 vrchovina Podhorn\u00ed&#8230;<\/p>\n","protected":false},"author":1,"featured_media":0,"parent":0,"menu_order":0,"comment_status":"closed","ping_status":"closed","template":"","meta":{"footnotes":""},"class_list":["post-1028","page","type-page","status-publish","hentry"],"yoast_head":"<!-- This site is optimized with the Yoast SEO plugin v27.4 - https:\/\/yoast.com\/product\/yoast-seo-wordpress\/ -->\n<title>ZESTAWIENIE WG PROWINCJI, SUBPROWINCJI I WYSOKO\u015aCI_OUT - KORUNA HOR \u010cESK\u00c9 REPUBLIKY<\/title>\n<meta name=\"robots\" content=\"index, follow, max-snippet:-1, max-image-preview:large, max-video-preview:-1\" \/>\n<link rel=\"canonical\" href=\"https:\/\/korunahor.cz\/index.php\/zestawienie-wg-prowincji-subprowincji-i-wysokosci-2\/\" \/>\n<meta property=\"og:locale\" content=\"pl_PL\" \/>\n<meta property=\"og:type\" content=\"article\" \/>\n<meta property=\"og:title\" content=\"ZESTAWIENIE WG PROWINCJI, SUBPROWINCJI I WYSOKO\u015aCI_OUT - KORUNA HOR \u010cESK\u00c9 REPUBLIKY\" \/>\n<meta property=\"og:description\" content=\"MASYW CZESKIKraina Rudaw (Kru\u0161nohorsk\u00e1 subprovincie) \u00a0 \u00a0 \u00a0 \u00a0 1. Chebsk\u00e1 p\u00e1nev Doubravsk\u00fd vrch 527 m n.p.m. D 2. Sokolovsk\u00e1 p\u00e1nev Zelen\u00fd vrch 570 m n.p.m. Z 3. D\u011b\u010d\u00ednsk\u00e1 vrchovina D\u011b\u010d\u00ednsk\u00fd Sn\u011b\u017en\u00edk 723 m n.p.m. Z 4. Smr\u010diny H\u00e1j 758 m n.p.m. Z 5. \u010cesk\u00e9 st\u0159edoho\u0159\u00ed Mile\u0161ovka 837 m n.p.m. Z 6. Tepelsk\u00e1 vrchovina Podhorn\u00ed...\" \/>\n<meta property=\"og:url\" content=\"https:\/\/korunahor.cz\/index.php\/zestawienie-wg-prowincji-subprowincji-i-wysokosci-2\/\" \/>\n<meta property=\"og:site_name\" content=\"KORUNA HOR \u010cESK\u00c9 REPUBLIKY\" \/>\n<meta property=\"article:modified_time\" content=\"2020-09-25T04:12:19+00:00\" \/>\n<meta name=\"twitter:card\" content=\"summary_large_image\" \/>\n<meta name=\"twitter:label1\" content=\"Szacowany czas czytania\" \/>\n\t<meta name=\"twitter:data1\" content=\"4 minuty\" \/>\n<script type=\"application\/ld+json\" class=\"yoast-schema-graph\">{\"@context\":\"https:\\\/\\\/schema.org\",\"@graph\":[{\"@type\":\"WebPage\",\"@id\":\"https:\\\/\\\/korunahor.cz\\\/index.php\\\/zestawienie-wg-prowincji-subprowincji-i-wysokosci-2\\\/\",\"url\":\"https:\\\/\\\/korunahor.cz\\\/index.php\\\/zestawienie-wg-prowincji-subprowincji-i-wysokosci-2\\\/\",\"name\":\"ZESTAWIENIE WG PROWINCJI, SUBPROWINCJI I WYSOKO\u015aCI_OUT - KORUNA HOR \u010cESK\u00c9 REPUBLIKY\",\"isPartOf\":{\"@id\":\"https:\\\/\\\/korunahor.cz\\\/#website\"},\"datePublished\":\"2020-09-15T17:50:52+00:00\",\"dateModified\":\"2020-09-25T04:12:19+00:00\",\"breadcrumb\":{\"@id\":\"https:\\\/\\\/korunahor.cz\\\/index.php\\\/zestawienie-wg-prowincji-subprowincji-i-wysokosci-2\\\/#breadcrumb\"},\"inLanguage\":\"pl-PL\",\"potentialAction\":[{\"@type\":\"ReadAction\",\"target\":[\"https:\\\/\\\/korunahor.cz\\\/index.php\\\/zestawienie-wg-prowincji-subprowincji-i-wysokosci-2\\\/\"]}]},{\"@type\":\"BreadcrumbList\",\"@id\":\"https:\\\/\\\/korunahor.cz\\\/index.php\\\/zestawienie-wg-prowincji-subprowincji-i-wysokosci-2\\\/#breadcrumb\",\"itemListElement\":[{\"@type\":\"ListItem\",\"position\":1,\"name\":\"Strona g\u0142\u00f3wna\",\"item\":\"https:\\\/\\\/korunahor.cz\\\/\"},{\"@type\":\"ListItem\",\"position\":2,\"name\":\"ZESTAWIENIE WG PROWINCJI, SUBPROWINCJI I WYSOKO\u015aCI_OUT\"}]},{\"@type\":\"WebSite\",\"@id\":\"https:\\\/\\\/korunahor.cz\\\/#website\",\"url\":\"https:\\\/\\\/korunahor.cz\\\/\",\"name\":\"KORUNA HOR \u010cESK\u00c9 REPUBLIKY\",\"description\":\"R\u00e1di bychom v\u00e1s povzbudili k lep\u0161\u00edmu pozn\u00e1n\u00ed \u010cesk\u00e9 republiky d\u00edky z\u00edsk\u00e1v\u00e1n\u00ed jej\u00edch nejvy\u0161\u0161\u00edch vrch\u016f. Vybrali jsme 81 nejvy\u0161\u0161\u00edch vrchol\u016f nach\u00e1zej\u00edc\u00edch se na \u00fazem\u00ed t\u0159\u00ed ze \u010dty\u0159 geomorfologick\u00fdch provinci\u00ed \u010cesk\u00e9 republiky: \u010cesk\u00e9 Vyso\u010diny Z\u00e1padn\u00edch Karpat St\u0159edoevropsk\u00e9 n\u00ed\u017einy \u010dtvrt\u00e1 provincie, Z\u00e1padopanonsk\u00e1 p\u00e1nev, nebyla zde zahrnuta pro sv\u016fj n\u00ed\u017einn\u00fd charakter.\",\"publisher\":{\"@id\":\"https:\\\/\\\/korunahor.cz\\\/#organization\"},\"potentialAction\":[{\"@type\":\"SearchAction\",\"target\":{\"@type\":\"EntryPoint\",\"urlTemplate\":\"https:\\\/\\\/korunahor.cz\\\/?s={search_term_string}\"},\"query-input\":{\"@type\":\"PropertyValueSpecification\",\"valueRequired\":true,\"valueName\":\"search_term_string\"}}],\"inLanguage\":\"pl-PL\"},{\"@type\":\"Organization\",\"@id\":\"https:\\\/\\\/korunahor.cz\\\/#organization\",\"name\":\"KORUNA HOR \u010cESK\u00c9 REPUBLIKY\",\"url\":\"https:\\\/\\\/korunahor.cz\\\/\",\"logo\":{\"@type\":\"ImageObject\",\"inLanguage\":\"pl-PL\",\"@id\":\"https:\\\/\\\/korunahor.cz\\\/#\\\/schema\\\/logo\\\/image\\\/\",\"url\":\"https:\\\/\\\/korunahor.cz\\\/wp-content\\\/uploads\\\/2020\\\/08\\\/cropped-Gorne-logo-do-strony_CZ_OK-scaled-2.jpg\",\"contentUrl\":\"https:\\\/\\\/korunahor.cz\\\/wp-content\\\/uploads\\\/2020\\\/08\\\/cropped-Gorne-logo-do-strony_CZ_OK-scaled-2.jpg\",\"width\":2560,\"height\":311,\"caption\":\"KORUNA HOR \u010cESK\u00c9 REPUBLIKY\"},\"image\":{\"@id\":\"https:\\\/\\\/korunahor.cz\\\/#\\\/schema\\\/logo\\\/image\\\/\"}}]}<\/script>\n<!-- \/ Yoast SEO plugin. -->","yoast_head_json":{"title":"ZESTAWIENIE WG PROWINCJI, SUBPROWINCJI I WYSOKO\u015aCI_OUT - KORUNA HOR \u010cESK\u00c9 REPUBLIKY","robots":{"index":"index","follow":"follow","max-snippet":"max-snippet:-1","max-image-preview":"max-image-preview:large","max-video-preview":"max-video-preview:-1"},"canonical":"https:\/\/korunahor.cz\/index.php\/zestawienie-wg-prowincji-subprowincji-i-wysokosci-2\/","og_locale":"pl_PL","og_type":"article","og_title":"ZESTAWIENIE WG PROWINCJI, SUBPROWINCJI I WYSOKO\u015aCI_OUT - KORUNA HOR \u010cESK\u00c9 REPUBLIKY","og_description":"MASYW CZESKIKraina Rudaw (Kru\u0161nohorsk\u00e1 subprovincie) \u00a0 \u00a0 \u00a0 \u00a0 1. Chebsk\u00e1 p\u00e1nev Doubravsk\u00fd vrch 527 m n.p.m. D 2. Sokolovsk\u00e1 p\u00e1nev Zelen\u00fd vrch 570 m n.p.m. Z 3. D\u011b\u010d\u00ednsk\u00e1 vrchovina D\u011b\u010d\u00ednsk\u00fd Sn\u011b\u017en\u00edk 723 m n.p.m. Z 4. Smr\u010diny H\u00e1j 758 m n.p.m. Z 5. \u010cesk\u00e9 st\u0159edoho\u0159\u00ed Mile\u0161ovka 837 m n.p.m. Z 6. Tepelsk\u00e1 vrchovina Podhorn\u00ed...","og_url":"https:\/\/korunahor.cz\/index.php\/zestawienie-wg-prowincji-subprowincji-i-wysokosci-2\/","og_site_name":"KORUNA HOR \u010cESK\u00c9 REPUBLIKY","article_modified_time":"2020-09-25T04:12:19+00:00","twitter_card":"summary_large_image","twitter_misc":{"Szacowany czas czytania":"4 minuty"},"schema":{"@context":"https:\/\/schema.org","@graph":[{"@type":"WebPage","@id":"https:\/\/korunahor.cz\/index.php\/zestawienie-wg-prowincji-subprowincji-i-wysokosci-2\/","url":"https:\/\/korunahor.cz\/index.php\/zestawienie-wg-prowincji-subprowincji-i-wysokosci-2\/","name":"ZESTAWIENIE WG PROWINCJI, SUBPROWINCJI I WYSOKO\u015aCI_OUT - KORUNA HOR \u010cESK\u00c9 REPUBLIKY","isPartOf":{"@id":"https:\/\/korunahor.cz\/#website"},"datePublished":"2020-09-15T17:50:52+00:00","dateModified":"2020-09-25T04:12:19+00:00","breadcrumb":{"@id":"https:\/\/korunahor.cz\/index.php\/zestawienie-wg-prowincji-subprowincji-i-wysokosci-2\/#breadcrumb"},"inLanguage":"pl-PL","potentialAction":[{"@type":"ReadAction","target":["https:\/\/korunahor.cz\/index.php\/zestawienie-wg-prowincji-subprowincji-i-wysokosci-2\/"]}]},{"@type":"BreadcrumbList","@id":"https:\/\/korunahor.cz\/index.php\/zestawienie-wg-prowincji-subprowincji-i-wysokosci-2\/#breadcrumb","itemListElement":[{"@type":"ListItem","position":1,"name":"Strona g\u0142\u00f3wna","item":"https:\/\/korunahor.cz\/"},{"@type":"ListItem","position":2,"name":"ZESTAWIENIE WG PROWINCJI, SUBPROWINCJI I WYSOKO\u015aCI_OUT"}]},{"@type":"WebSite","@id":"https:\/\/korunahor.cz\/#website","url":"https:\/\/korunahor.cz\/","name":"KORUNA HOR \u010cESK\u00c9 REPUBLIKY","description":"R\u00e1di bychom v\u00e1s povzbudili k lep\u0161\u00edmu pozn\u00e1n\u00ed \u010cesk\u00e9 republiky d\u00edky z\u00edsk\u00e1v\u00e1n\u00ed jej\u00edch nejvy\u0161\u0161\u00edch vrch\u016f. Vybrali jsme 81 nejvy\u0161\u0161\u00edch vrchol\u016f nach\u00e1zej\u00edc\u00edch se na \u00fazem\u00ed t\u0159\u00ed ze \u010dty\u0159 geomorfologick\u00fdch provinci\u00ed \u010cesk\u00e9 republiky: \u010cesk\u00e9 Vyso\u010diny Z\u00e1padn\u00edch Karpat St\u0159edoevropsk\u00e9 n\u00ed\u017einy \u010dtvrt\u00e1 provincie, Z\u00e1padopanonsk\u00e1 p\u00e1nev, nebyla zde zahrnuta pro sv\u016fj n\u00ed\u017einn\u00fd charakter.","publisher":{"@id":"https:\/\/korunahor.cz\/#organization"},"potentialAction":[{"@type":"SearchAction","target":{"@type":"EntryPoint","urlTemplate":"https:\/\/korunahor.cz\/?s={search_term_string}"},"query-input":{"@type":"PropertyValueSpecification","valueRequired":true,"valueName":"search_term_string"}}],"inLanguage":"pl-PL"},{"@type":"Organization","@id":"https:\/\/korunahor.cz\/#organization","name":"KORUNA HOR \u010cESK\u00c9 REPUBLIKY","url":"https:\/\/korunahor.cz\/","logo":{"@type":"ImageObject","inLanguage":"pl-PL","@id":"https:\/\/korunahor.cz\/#\/schema\/logo\/image\/","url":"https:\/\/korunahor.cz\/wp-content\/uploads\/2020\/08\/cropped-Gorne-logo-do-strony_CZ_OK-scaled-2.jpg","contentUrl":"https:\/\/korunahor.cz\/wp-content\/uploads\/2020\/08\/cropped-Gorne-logo-do-strony_CZ_OK-scaled-2.jpg","width":2560,"height":311,"caption":"KORUNA HOR \u010cESK\u00c9 REPUBLIKY"},"image":{"@id":"https:\/\/korunahor.cz\/#\/schema\/logo\/image\/"}}]}},"_links":{"self":[{"href":"https:\/\/korunahor.cz\/index.php\/wp-json\/wp\/v2\/pages\/1028","targetHints":{"allow":["GET"]}}],"collection":[{"href":"https:\/\/korunahor.cz\/index.php\/wp-json\/wp\/v2\/pages"}],"about":[{"href":"https:\/\/korunahor.cz\/index.php\/wp-json\/wp\/v2\/types\/page"}],"author":[{"embeddable":true,"href":"https:\/\/korunahor.cz\/index.php\/wp-json\/wp\/v2\/users\/1"}],"replies":[{"embeddable":true,"href":"https:\/\/korunahor.cz\/index.php\/wp-json\/wp\/v2\/comments?post=1028"}],"version-history":[{"count":2,"href":"https:\/\/korunahor.cz\/index.php\/wp-json\/wp\/v2\/pages\/1028\/revisions"}],"predecessor-version":[{"id":1497,"href":"https:\/\/korunahor.cz\/index.php\/wp-json\/wp\/v2\/pages\/1028\/revisions\/1497"}],"wp:attachment":[{"href":"https:\/\/korunahor.cz\/index.php\/wp-json\/wp\/v2\/media?parent=1028"}],"curies":[{"name":"wp","href":"https:\/\/api.w.org\/{rel}","templated":true}]}}