{"id":1111,"date":"2020-09-16T09:05:23","date_gmt":"2020-09-16T07:05:23","guid":{"rendered":"http:\/\/korunahor.cz\/?page_id=1111"},"modified":"2024-05-20T05:26:01","modified_gmt":"2024-05-20T03:26:01","slug":"o-nas-2","status":"publish","type":"page","link":"https:\/\/korunahor.cz\/index.php\/o-nas-2\/","title":{"rendered":"O N\u00c1S"},"content":{"rendered":"<p><\/p>\r\n<p><span style=\"font-family: tahoma, arial, helvetica, sans-serif;\">R\u00e1di bychom v\u00e1s pob\u00eddli k lep\u0161\u00edmu pozn\u00e1n\u00ed \u010cesk\u00e9 republiky, a to d\u00edky dob\u00fdv\u00e1n\u00ed jej\u00edch nejvy\u0161\u0161\u00edch vrchol\u016f. Vybrali jsme <span style=\"color: #808080;\"><strong><a href=\"https:\/\/en.mapy.cz\/s\/molabakoce\" target=\"_blank\" rel=\"noopener noreferrer\" style=\"color: #808080;\">81 nejvy\u0161\u0161\u00edch vrchol\u016f<\/a><\/strong><\/span> nach\u00e1zej\u00edc\u00edch se na \u00fazem\u00ed t\u0159\u00ed ze \u010dty\u0159 <span style=\"color: #808080;\"><a href=\"https:\/\/korunahor.cz\/wp-content\/uploads\/2020\/08\/Czech_Republic_geomorphological_division_map_CZ.jpg\" target=\"_blank\" style=\"color: #808080;\" rel=\"noopener noreferrer\"><strong>geomorfologick\u00fdch provinci\u00ed \u010cesk\u00e9 republiky<\/strong><\/a><\/span>:<strong><br \/><\/strong><\/span><span style=\"font-family: tahoma, arial, helvetica, sans-serif;\"><strong><span style=\"color: #ff6400;\"><a href=\"https:\/\/korunahor.cz\/wp-content\/uploads\/2020\/08\/Ceska-Vysocina_CZ.jpg\" target=\"_blank\" style=\"color: #ff6400;\" rel=\"noopener noreferrer\">\u010cesk\u00e9 Vyso\u010diny<\/a><\/span><br \/><\/strong><\/span><span style=\"font-family: tahoma, arial, helvetica, sans-serif;\"><strong><span style=\"color: #0065ff;\"><a href=\"https:\/\/korunahor.cz\/wp-content\/uploads\/2020\/08\/Zapadni-Karpaty_CZ.jpg\" target=\"_blank\" style=\"color: #0065ff;\" rel=\"noopener noreferrer\">Z\u00e1padn\u00edch Karpat<\/a><\/span><br \/><\/strong><\/span><span style=\"font-family: tahoma, arial, helvetica, sans-serif;\"><strong><span style=\"color: #00c897;\"><a href=\"https:\/\/korunahor.cz\/wp-content\/uploads\/2020\/08\/Stredoevropska-nizina-z-tekstem_CZ.jpg\" target=\"_blank\" style=\"color: #00c897;\" rel=\"noopener noreferrer\">St\u0159edoevropsk\u00e9 n\u00ed\u017einy<\/a><\/span><br \/><\/strong><\/span><span style=\"font-family: tahoma, arial, helvetica, sans-serif;\">\u010dtvrt\u00e1 provincie, <span style=\"color: #ff0000;\"><a href=\"https:\/\/korunahor.cz\/wp-content\/uploads\/2020\/08\/Nizina-Zachodniopanonska_CZ.jpg\" target=\"_blank\" style=\"color: #ff0000;\" rel=\"noopener noreferrer\"><strong>Z\u00e1padopanonsk\u00e1 p\u00e1nev<\/strong><\/a><\/span>, nebyla zahrnuta pro sv\u016fj n\u00ed\u017einn\u00fd charakter.<\/span><\/p>\r\n<p><span style=\"font-family: tahoma, arial, helvetica, sans-serif;\">Uveden\u00e9 provincie se \u010dlen\u00ed do men\u0161\u00edch jednotek \u2013 subprovinci\u00ed (soustav). Ty se zase d\u011bl\u00ed na geomorfologick\u00e9 oblasti (t\u00e9\u017e podsoustavy), je\u017e se skl\u00e1daj\u00ed z je\u0161t\u011b men\u0161\u00edch jednotek, tj. geomorfologick\u00fdch celk\u016f.<\/span><\/p>\r\n<p><span style=\"font-family: tahoma, arial, helvetica, sans-serif;\">V tomto zpracov\u00e1n\u00ed se vyskytly vrchy v\u011bt\u0161iny vyjmenovan\u00fdch jednotek. N\u011bkter\u00e9 \u2013 jako t\u0159eba <span style=\"color: #808080;\"><u><a href=\"https:\/\/pl.mapy.cz\/s\/dagakamule\" target=\"_blank\" style=\"color: #808080;\" rel=\"noopener noreferrer\">Sn\u011b\u017eka<\/a><\/u> <\/span>nebo <span style=\"color: #808080;\"><u><a href=\"https:\/\/pl.mapy.cz\/s\/jasuvutoca\" style=\"color: #808080;\" target=\"_blank\" rel=\"noopener noreferrer\">Prad\u011bd<\/a><\/u><\/span> \u2013 jsou velmi popul\u00e1rn\u00ed, a proto tak\u00e9 \u010dasto nav\u0161t\u011bvovan\u00e9. V mnoha p\u0159\u00edpadech jsou to ale hory a kopce skoro nezn\u00e1m\u00e9.<\/span><\/p>\r\n<p><a href=\"https:\/\/pl.mapy.cz\/s\/kakevupupo\" target=\"_blank\" rel=\"noopener\"><img loading=\"lazy\" decoding=\"async\" class=\"alignnone size-full wp-image-3048\" src=\"https:\/\/korunahor.cz\/wp-content\/uploads\/2024\/05\/vrcholy-1.jpg\" alt=\"\" width=\"1290\" height=\"779\" srcset=\"https:\/\/korunahor.cz\/wp-content\/uploads\/2024\/05\/vrcholy-1.jpg 1290w, https:\/\/korunahor.cz\/wp-content\/uploads\/2024\/05\/vrcholy-1-300x180.jpg 300w, https:\/\/korunahor.cz\/wp-content\/uploads\/2024\/05\/vrcholy-1-1024x618.jpg 1024w, https:\/\/korunahor.cz\/wp-content\/uploads\/2024\/05\/vrcholy-1-768x464.jpg 768w, https:\/\/korunahor.cz\/wp-content\/uploads\/2024\/05\/vrcholy-1-850x513.jpg 850w\" sizes=\"auto, (max-width: 1290px) 100vw, 1290px\" \/><\/a><\/p>\r\n<p><span style=\"font-family: tahoma, arial, helvetica, sans-serif;\">Proto\u017ee na\u0161\u00edm c\u00edlem nen\u00ed jen v\u00e1s povzbudit k v\u00fdstupu na nejvy\u0161\u0161\u00ed vrcholy \u010cesk\u00e9 republiky, navrhujeme v\u00e1m tak\u00e9 n\u00e1v\u0161t\u011bvu zaj\u00edmav\u00fdch m\u00edst a objekt\u016f, nach\u00e1zej\u00edc\u00edch se relativn\u011b bl\u00edzko dob\u00fdvan\u00fdch vrch\u016f. Umo\u017en\u00ed v\u00e1m to poznat mnoho zaj\u00edmav\u00fdch m\u00edst, prohl\u00e9dnout si \u00fa\u017easn\u00e9 architektonick\u00e9 pam\u00e1tky a objevit okouzluj\u00edc\u00ed p\u0159\u00edrodn\u00ed scen\u00e9rie, kter\u00e9 utv\u00e1\u0159ej\u00ed vskutku fascinuj\u00edc\u00ed rozmanitost na\u0161\u00ed zem\u011b.<\/span><\/p>\r\n<p id=\"block-cbc844ab-ce6a-4041-b3e5-791eeb6abd40\" style=\"text-align: right;\"><span style=\"font-family: tahoma, arial, helvetica, sans-serif;\">Vydejte se na cestu s n\u00e1mi!<\/span><\/p>\r\n<p><img loading=\"lazy\" decoding=\"async\" class=\"size-full wp-image-3027 aligncenter\" src=\"https:\/\/korunahor.cz\/wp-content\/uploads\/2024\/05\/AKTUALNA_KORUNA_HOR.png\" alt=\"\" width=\"500\" height=\"500\" srcset=\"https:\/\/korunahor.cz\/wp-content\/uploads\/2024\/05\/AKTUALNA_KORUNA_HOR.png 500w, https:\/\/korunahor.cz\/wp-content\/uploads\/2024\/05\/AKTUALNA_KORUNA_HOR-300x300.png 300w, https:\/\/korunahor.cz\/wp-content\/uploads\/2024\/05\/AKTUALNA_KORUNA_HOR-150x150.png 150w\" sizes=\"auto, (max-width: 500px) 100vw, 500px\" \/><\/p>\r\n<p style=\"text-align: right;\"><span style=\"font-family: tahoma, arial, helvetica, sans-serif; font-size: 10px;\">Mapa se seznamem vrchol\u016f a QR k\u00f3d: <strong>mapy.cz<\/strong><\/span><\/p>\r\n<p><\/p>","protected":false},"excerpt":{"rendered":"<p>R\u00e1di bychom v\u00e1s pob\u00eddli k lep\u0161\u00edmu pozn\u00e1n\u00ed \u010cesk\u00e9 republiky, a to d\u00edky dob\u00fdv\u00e1n\u00ed jej\u00edch nejvy\u0161\u0161\u00edch vrchol\u016f. Vybrali jsme 81 nejvy\u0161\u0161\u00edch vrchol\u016f nach\u00e1zej\u00edc\u00edch se na \u00fazem\u00ed t\u0159\u00ed ze \u010dty\u0159 geomorfologick\u00fdch provinci\u00ed \u010cesk\u00e9 republiky:\u010cesk\u00e9 Vyso\u010dinyZ\u00e1padn\u00edch KarpatSt\u0159edoevropsk\u00e9 n\u00ed\u017einy\u010dtvrt\u00e1 provincie, Z\u00e1padopanonsk\u00e1 p\u00e1nev, nebyla zahrnuta pro sv\u016fj n\u00ed\u017einn\u00fd charakter. Uveden\u00e9 provincie se \u010dlen\u00ed do men\u0161\u00edch jednotek \u2013 subprovinci\u00ed (soustav). Ty&#8230;<\/p>\n","protected":false},"author":1,"featured_media":0,"parent":0,"menu_order":0,"comment_status":"closed","ping_status":"closed","template":"","meta":{"footnotes":""},"class_list":["post-1111","page","type-page","status-publish","hentry"],"yoast_head":"<!-- This site is optimized with the Yoast SEO plugin v27.4 - https:\/\/yoast.com\/product\/yoast-seo-wordpress\/ -->\n<title>O N\u00c1S - KORUNA HOR \u010cESK\u00c9 REPUBLIKY<\/title>\n<meta name=\"robots\" content=\"index, follow, max-snippet:-1, max-image-preview:large, max-video-preview:-1\" \/>\n<link rel=\"canonical\" href=\"https:\/\/korunahor.cz\/index.php\/o-nas-2\/\" \/>\n<meta property=\"og:locale\" content=\"pl_PL\" \/>\n<meta property=\"og:type\" content=\"article\" \/>\n<meta property=\"og:title\" content=\"O N\u00c1S - KORUNA HOR \u010cESK\u00c9 REPUBLIKY\" \/>\n<meta property=\"og:description\" content=\"R\u00e1di bychom v\u00e1s pob\u00eddli k lep\u0161\u00edmu pozn\u00e1n\u00ed \u010cesk\u00e9 republiky, a to d\u00edky dob\u00fdv\u00e1n\u00ed jej\u00edch nejvy\u0161\u0161\u00edch vrchol\u016f. Vybrali jsme 81 nejvy\u0161\u0161\u00edch vrchol\u016f nach\u00e1zej\u00edc\u00edch se na \u00fazem\u00ed t\u0159\u00ed ze \u010dty\u0159 geomorfologick\u00fdch provinci\u00ed \u010cesk\u00e9 republiky:\u010cesk\u00e9 Vyso\u010dinyZ\u00e1padn\u00edch KarpatSt\u0159edoevropsk\u00e9 n\u00ed\u017einy\u010dtvrt\u00e1 provincie, Z\u00e1padopanonsk\u00e1 p\u00e1nev, nebyla zahrnuta pro sv\u016fj n\u00ed\u017einn\u00fd charakter. Uveden\u00e9 provincie se \u010dlen\u00ed do men\u0161\u00edch jednotek \u2013 subprovinci\u00ed (soustav). Ty...\" \/>\n<meta property=\"og:url\" content=\"https:\/\/korunahor.cz\/index.php\/o-nas-2\/\" \/>\n<meta property=\"og:site_name\" content=\"KORUNA HOR \u010cESK\u00c9 REPUBLIKY\" \/>\n<meta property=\"article:modified_time\" content=\"2024-05-20T03:26:01+00:00\" \/>\n<meta property=\"og:image\" content=\"https:\/\/korunahor.cz\/wp-content\/uploads\/2024\/05\/vrcholy-1.jpg\" \/>\n<meta name=\"twitter:card\" content=\"summary_large_image\" \/>\n<meta name=\"twitter:label1\" content=\"Szacowany czas czytania\" \/>\n\t<meta name=\"twitter:data1\" content=\"2 minuty\" \/>\n<script type=\"application\/ld+json\" class=\"yoast-schema-graph\">{\"@context\":\"https:\\\/\\\/schema.org\",\"@graph\":[{\"@type\":\"WebPage\",\"@id\":\"https:\\\/\\\/korunahor.cz\\\/index.php\\\/o-nas-2\\\/\",\"url\":\"https:\\\/\\\/korunahor.cz\\\/index.php\\\/o-nas-2\\\/\",\"name\":\"O N\u00c1S - KORUNA HOR \u010cESK\u00c9 REPUBLIKY\",\"isPartOf\":{\"@id\":\"https:\\\/\\\/korunahor.cz\\\/#website\"},\"primaryImageOfPage\":{\"@id\":\"https:\\\/\\\/korunahor.cz\\\/index.php\\\/o-nas-2\\\/#primaryimage\"},\"image\":{\"@id\":\"https:\\\/\\\/korunahor.cz\\\/index.php\\\/o-nas-2\\\/#primaryimage\"},\"thumbnailUrl\":\"https:\\\/\\\/korunahor.cz\\\/wp-content\\\/uploads\\\/2024\\\/05\\\/vrcholy-1.jpg\",\"datePublished\":\"2020-09-16T07:05:23+00:00\",\"dateModified\":\"2024-05-20T03:26:01+00:00\",\"breadcrumb\":{\"@id\":\"https:\\\/\\\/korunahor.cz\\\/index.php\\\/o-nas-2\\\/#breadcrumb\"},\"inLanguage\":\"pl-PL\",\"potentialAction\":[{\"@type\":\"ReadAction\",\"target\":[\"https:\\\/\\\/korunahor.cz\\\/index.php\\\/o-nas-2\\\/\"]}]},{\"@type\":\"ImageObject\",\"inLanguage\":\"pl-PL\",\"@id\":\"https:\\\/\\\/korunahor.cz\\\/index.php\\\/o-nas-2\\\/#primaryimage\",\"url\":\"https:\\\/\\\/korunahor.cz\\\/wp-content\\\/uploads\\\/2024\\\/05\\\/vrcholy-1.jpg\",\"contentUrl\":\"https:\\\/\\\/korunahor.cz\\\/wp-content\\\/uploads\\\/2024\\\/05\\\/vrcholy-1.jpg\",\"width\":1290,\"height\":779},{\"@type\":\"BreadcrumbList\",\"@id\":\"https:\\\/\\\/korunahor.cz\\\/index.php\\\/o-nas-2\\\/#breadcrumb\",\"itemListElement\":[{\"@type\":\"ListItem\",\"position\":1,\"name\":\"Strona g\u0142\u00f3wna\",\"item\":\"https:\\\/\\\/korunahor.cz\\\/\"},{\"@type\":\"ListItem\",\"position\":2,\"name\":\"O N\u00c1S\"}]},{\"@type\":\"WebSite\",\"@id\":\"https:\\\/\\\/korunahor.cz\\\/#website\",\"url\":\"https:\\\/\\\/korunahor.cz\\\/\",\"name\":\"KORUNA HOR \u010cESK\u00c9 REPUBLIKY\",\"description\":\"R\u00e1di bychom v\u00e1s povzbudili k lep\u0161\u00edmu pozn\u00e1n\u00ed \u010cesk\u00e9 republiky d\u00edky z\u00edsk\u00e1v\u00e1n\u00ed jej\u00edch nejvy\u0161\u0161\u00edch vrch\u016f. Vybrali jsme 81 nejvy\u0161\u0161\u00edch vrchol\u016f nach\u00e1zej\u00edc\u00edch se na \u00fazem\u00ed t\u0159\u00ed ze \u010dty\u0159 geomorfologick\u00fdch provinci\u00ed \u010cesk\u00e9 republiky: \u010cesk\u00e9 Vyso\u010diny Z\u00e1padn\u00edch Karpat St\u0159edoevropsk\u00e9 n\u00ed\u017einy \u010dtvrt\u00e1 provincie, Z\u00e1padopanonsk\u00e1 p\u00e1nev, nebyla zde zahrnuta pro sv\u016fj n\u00ed\u017einn\u00fd charakter.\",\"publisher\":{\"@id\":\"https:\\\/\\\/korunahor.cz\\\/#organization\"},\"potentialAction\":[{\"@type\":\"SearchAction\",\"target\":{\"@type\":\"EntryPoint\",\"urlTemplate\":\"https:\\\/\\\/korunahor.cz\\\/?s={search_term_string}\"},\"query-input\":{\"@type\":\"PropertyValueSpecification\",\"valueRequired\":true,\"valueName\":\"search_term_string\"}}],\"inLanguage\":\"pl-PL\"},{\"@type\":\"Organization\",\"@id\":\"https:\\\/\\\/korunahor.cz\\\/#organization\",\"name\":\"KORUNA HOR \u010cESK\u00c9 REPUBLIKY\",\"url\":\"https:\\\/\\\/korunahor.cz\\\/\",\"logo\":{\"@type\":\"ImageObject\",\"inLanguage\":\"pl-PL\",\"@id\":\"https:\\\/\\\/korunahor.cz\\\/#\\\/schema\\\/logo\\\/image\\\/\",\"url\":\"https:\\\/\\\/korunahor.cz\\\/wp-content\\\/uploads\\\/2020\\\/08\\\/cropped-Gorne-logo-do-strony_CZ_OK-scaled-2.jpg\",\"contentUrl\":\"https:\\\/\\\/korunahor.cz\\\/wp-content\\\/uploads\\\/2020\\\/08\\\/cropped-Gorne-logo-do-strony_CZ_OK-scaled-2.jpg\",\"width\":2560,\"height\":311,\"caption\":\"KORUNA HOR \u010cESK\u00c9 REPUBLIKY\"},\"image\":{\"@id\":\"https:\\\/\\\/korunahor.cz\\\/#\\\/schema\\\/logo\\\/image\\\/\"}}]}<\/script>\n<!-- \/ Yoast SEO plugin. -->","yoast_head_json":{"title":"O N\u00c1S - KORUNA HOR \u010cESK\u00c9 REPUBLIKY","robots":{"index":"index","follow":"follow","max-snippet":"max-snippet:-1","max-image-preview":"max-image-preview:large","max-video-preview":"max-video-preview:-1"},"canonical":"https:\/\/korunahor.cz\/index.php\/o-nas-2\/","og_locale":"pl_PL","og_type":"article","og_title":"O N\u00c1S - KORUNA HOR \u010cESK\u00c9 REPUBLIKY","og_description":"R\u00e1di bychom v\u00e1s pob\u00eddli k lep\u0161\u00edmu pozn\u00e1n\u00ed \u010cesk\u00e9 republiky, a to d\u00edky dob\u00fdv\u00e1n\u00ed jej\u00edch nejvy\u0161\u0161\u00edch vrchol\u016f. Vybrali jsme 81 nejvy\u0161\u0161\u00edch vrchol\u016f nach\u00e1zej\u00edc\u00edch se na \u00fazem\u00ed t\u0159\u00ed ze \u010dty\u0159 geomorfologick\u00fdch provinci\u00ed \u010cesk\u00e9 republiky:\u010cesk\u00e9 Vyso\u010dinyZ\u00e1padn\u00edch KarpatSt\u0159edoevropsk\u00e9 n\u00ed\u017einy\u010dtvrt\u00e1 provincie, Z\u00e1padopanonsk\u00e1 p\u00e1nev, nebyla zahrnuta pro sv\u016fj n\u00ed\u017einn\u00fd charakter. Uveden\u00e9 provincie se \u010dlen\u00ed do men\u0161\u00edch jednotek \u2013 subprovinci\u00ed (soustav). Ty...","og_url":"https:\/\/korunahor.cz\/index.php\/o-nas-2\/","og_site_name":"KORUNA HOR \u010cESK\u00c9 REPUBLIKY","article_modified_time":"2024-05-20T03:26:01+00:00","og_image":[{"url":"https:\/\/korunahor.cz\/wp-content\/uploads\/2024\/05\/vrcholy-1.jpg","type":"","width":"","height":""}],"twitter_card":"summary_large_image","twitter_misc":{"Szacowany czas czytania":"2 minuty"},"schema":{"@context":"https:\/\/schema.org","@graph":[{"@type":"WebPage","@id":"https:\/\/korunahor.cz\/index.php\/o-nas-2\/","url":"https:\/\/korunahor.cz\/index.php\/o-nas-2\/","name":"O N\u00c1S - KORUNA HOR \u010cESK\u00c9 REPUBLIKY","isPartOf":{"@id":"https:\/\/korunahor.cz\/#website"},"primaryImageOfPage":{"@id":"https:\/\/korunahor.cz\/index.php\/o-nas-2\/#primaryimage"},"image":{"@id":"https:\/\/korunahor.cz\/index.php\/o-nas-2\/#primaryimage"},"thumbnailUrl":"https:\/\/korunahor.cz\/wp-content\/uploads\/2024\/05\/vrcholy-1.jpg","datePublished":"2020-09-16T07:05:23+00:00","dateModified":"2024-05-20T03:26:01+00:00","breadcrumb":{"@id":"https:\/\/korunahor.cz\/index.php\/o-nas-2\/#breadcrumb"},"inLanguage":"pl-PL","potentialAction":[{"@type":"ReadAction","target":["https:\/\/korunahor.cz\/index.php\/o-nas-2\/"]}]},{"@type":"ImageObject","inLanguage":"pl-PL","@id":"https:\/\/korunahor.cz\/index.php\/o-nas-2\/#primaryimage","url":"https:\/\/korunahor.cz\/wp-content\/uploads\/2024\/05\/vrcholy-1.jpg","contentUrl":"https:\/\/korunahor.cz\/wp-content\/uploads\/2024\/05\/vrcholy-1.jpg","width":1290,"height":779},{"@type":"BreadcrumbList","@id":"https:\/\/korunahor.cz\/index.php\/o-nas-2\/#breadcrumb","itemListElement":[{"@type":"ListItem","position":1,"name":"Strona g\u0142\u00f3wna","item":"https:\/\/korunahor.cz\/"},{"@type":"ListItem","position":2,"name":"O N\u00c1S"}]},{"@type":"WebSite","@id":"https:\/\/korunahor.cz\/#website","url":"https:\/\/korunahor.cz\/","name":"KORUNA HOR \u010cESK\u00c9 REPUBLIKY","description":"R\u00e1di bychom v\u00e1s povzbudili k lep\u0161\u00edmu pozn\u00e1n\u00ed \u010cesk\u00e9 republiky d\u00edky z\u00edsk\u00e1v\u00e1n\u00ed jej\u00edch nejvy\u0161\u0161\u00edch vrch\u016f. Vybrali jsme 81 nejvy\u0161\u0161\u00edch vrchol\u016f nach\u00e1zej\u00edc\u00edch se na \u00fazem\u00ed t\u0159\u00ed ze \u010dty\u0159 geomorfologick\u00fdch provinci\u00ed \u010cesk\u00e9 republiky: \u010cesk\u00e9 Vyso\u010diny Z\u00e1padn\u00edch Karpat St\u0159edoevropsk\u00e9 n\u00ed\u017einy \u010dtvrt\u00e1 provincie, Z\u00e1padopanonsk\u00e1 p\u00e1nev, nebyla zde zahrnuta pro sv\u016fj n\u00ed\u017einn\u00fd charakter.","publisher":{"@id":"https:\/\/korunahor.cz\/#organization"},"potentialAction":[{"@type":"SearchAction","target":{"@type":"EntryPoint","urlTemplate":"https:\/\/korunahor.cz\/?s={search_term_string}"},"query-input":{"@type":"PropertyValueSpecification","valueRequired":true,"valueName":"search_term_string"}}],"inLanguage":"pl-PL"},{"@type":"Organization","@id":"https:\/\/korunahor.cz\/#organization","name":"KORUNA HOR \u010cESK\u00c9 REPUBLIKY","url":"https:\/\/korunahor.cz\/","logo":{"@type":"ImageObject","inLanguage":"pl-PL","@id":"https:\/\/korunahor.cz\/#\/schema\/logo\/image\/","url":"https:\/\/korunahor.cz\/wp-content\/uploads\/2020\/08\/cropped-Gorne-logo-do-strony_CZ_OK-scaled-2.jpg","contentUrl":"https:\/\/korunahor.cz\/wp-content\/uploads\/2020\/08\/cropped-Gorne-logo-do-strony_CZ_OK-scaled-2.jpg","width":2560,"height":311,"caption":"KORUNA HOR \u010cESK\u00c9 REPUBLIKY"},"image":{"@id":"https:\/\/korunahor.cz\/#\/schema\/logo\/image\/"}}]}},"_links":{"self":[{"href":"https:\/\/korunahor.cz\/index.php\/wp-json\/wp\/v2\/pages\/1111","targetHints":{"allow":["GET"]}}],"collection":[{"href":"https:\/\/korunahor.cz\/index.php\/wp-json\/wp\/v2\/pages"}],"about":[{"href":"https:\/\/korunahor.cz\/index.php\/wp-json\/wp\/v2\/types\/page"}],"author":[{"embeddable":true,"href":"https:\/\/korunahor.cz\/index.php\/wp-json\/wp\/v2\/users\/1"}],"replies":[{"embeddable":true,"href":"https:\/\/korunahor.cz\/index.php\/wp-json\/wp\/v2\/comments?post=1111"}],"version-history":[{"count":20,"href":"https:\/\/korunahor.cz\/index.php\/wp-json\/wp\/v2\/pages\/1111\/revisions"}],"predecessor-version":[{"id":3068,"href":"https:\/\/korunahor.cz\/index.php\/wp-json\/wp\/v2\/pages\/1111\/revisions\/3068"}],"wp:attachment":[{"href":"https:\/\/korunahor.cz\/index.php\/wp-json\/wp\/v2\/media?parent=1111"}],"curies":[{"name":"wp","href":"https:\/\/api.w.org\/{rel}","templated":true}]}}