{"id":117,"date":"2020-08-29T18:28:52","date_gmt":"2020-08-29T16:28:52","guid":{"rendered":"http:\/\/korunahor.cz\/?page_id=117"},"modified":"2021-03-21T13:09:56","modified_gmt":"2021-03-21T12:09:56","slug":"reulamin-klubu","status":"publish","type":"page","link":"https:\/\/korunahor.cz\/index.php\/reulamin-klubu\/","title":{"rendered":"PRAVIDLA KLUBU"},"content":{"rendered":"<p><span style=\"font-family: tahoma, arial, helvetica, sans-serif; color: #ff0000;\"><strong>Pravidla ov\u011b\u0159ov\u00e1n\u00ed<\/strong><\/span><\/p>\n<p><span style=\"font-family: tahoma, arial, helvetica, sans-serif;\">Z\u00e1kladem pro ov\u011b\u0159en\u00ed tohoto odznaku je <strong>kn\u00ed\u017eka KORUNY HOR \u010cESK\u00c9 REPUBLIKY<\/strong>, veden\u00e1 osobou dob\u00fdvaj\u00edc\u00ed tyto vrcholy, je\u017e obsahuje potvrzen\u00ed o dobyt\u00ed dan\u00e9ho vrcholu. Potvrzen\u00edm dobyt\u00ed m\u016f\u017ee b\u00fdt: raz\u00edtko nejbli\u017e\u0161\u00edho turistick\u00e9ho objektu nebo obchodu, n\u00e1dra\u017e\u00ed, muzea \u010di fotografie z vrcholu nebo osv\u011bd\u010den\u00ed od cestovn\u00edho pr\u016fvodce.<\/span><\/p>\n<p><span style=\"font-family: tahoma, arial, helvetica, sans-serif;\">Osoba uch\u00e1zej\u00edc\u00ed se o dal\u0161\u00ed stupn\u011b odznaku p\u0159edkl\u00e1d\u00e1 po shrom\u00e1\u017ed\u011bn\u00ed potvrzen\u00ed tuto kn\u00ed\u017eku k ov\u011b\u0159en\u00ed.<\/span><\/p>\n<p><span style=\"font-family: tahoma, arial, helvetica, sans-serif;\">Po pozitivn\u00edm ov\u011b\u0159en\u00ed t\u00e9to kn\u00ed\u017eky z\u00edsk\u00e1v\u00e1 uchaze\u010d o odznak pr\u00e1vo koupit a nosit tento odznak ve stupni, kter\u00fd byl u n\u011bj ov\u011b\u0159en, zat\u00edmco jeho ov\u011b\u0159en\u00e1 kn\u00ed\u017eka se z\u00e1rove\u0148 st\u00e1v\u00e1 pr\u016fkazem o dosa\u017een\u00ed tohoto stupn\u011b.<\/span><\/p>\n<p><span style=\"font-family: tahoma, arial, helvetica, sans-serif;\">Dob\u00fdv\u00e1n\u00ed vrchol\u016f zahrnovan\u00fdch do vy\u0161\u0161\u00edho stupn\u011b odznaku je povoleno i b\u011bhem zdol\u00e1v\u00e1n\u00ed ni\u017e\u0161\u00edch stup\u0148\u016f.<\/span><\/p>\n<p><span style=\"font-family: tahoma, arial, helvetica, sans-serif;\">\u010cas na z\u00edsk\u00e1v\u00e1n\u00ed jednotliv\u00fdch stup\u0148\u016f odznaku je neomezen\u00fd.<\/span><\/p>\n<p><span style=\"font-family: tahoma, arial, helvetica, sans-serif;\">Pro z\u00edsk\u00e1n\u00ed odznaku se mohou zapo\u010d\u00edtat vrcholy, kter\u00e9 byly z\u00edsk\u00e1ny p\u0159ed prvn\u00edm vyd\u00e1n\u00edm tohoto zpracov\u00e1n\u00ed.<\/span><\/p>\n<p><span style=\"font-family: tahoma, arial, helvetica, sans-serif;\">B\u011bhem uch\u00e1zen\u00ed se o odznak je t\u0159eba pamatovat na pravidla bezpe\u010dn\u00e9ho cestov\u00e1n\u00ed a tak\u00e9 \u0159\u00e1dn\u00e9ho pohybu v chr\u00e1n\u011bn\u00fdch oblastech.<\/span><\/p>\n<p><span style=\"font-family: tahoma, arial, helvetica, sans-serif;\"><strong>Odznak KORUNY HOR \u010cESK\u00c9 REPUBLIKY <\/strong>byl vytvo\u0159en za \u00fa\u010delem povzbuzen\u00ed turist\u016f k lep\u0161\u00edmu pozn\u00e1n\u00ed \u010cesk\u00e9 republiky prost\u0159ednictv\u00edm zdol\u00e1v\u00e1n\u00ed jej\u00edch nejvy\u0161\u0161\u00edch vrchol\u016f.<\/span><\/p>\n<p><span style=\"font-family: tahoma, arial, helvetica, sans-serif;\">Tento odznak je \u010dty\u0159stup\u0148ov\u00fd.<\/span><\/p>\n<p><span style=\"font-family: tahoma, arial, helvetica, sans-serif;\">Auto\u0159i odznaku vych\u00e1zeli z p\u0159edpokladu, \u017ee za dobyt\u00ed vrchu, kter\u00fdm (nebo ve vzd\u00e1lenosti n\u011bkolika set metr\u016f) proch\u00e1z\u00ed turistick\u00e1 stezka, bude ud\u011blen odznak ve stupn\u00edch: <strong>bronzov\u00fd<\/strong>, <strong>st\u0159\u00edbrn\u00fd<\/strong>\u00a0a <strong>zlat\u00fd<\/strong>. Za z\u00edsk\u00e1n\u00ed vrch\u016f nach\u00e1zej\u00edc\u00edch se mimo turistick\u00e9 stezky se bude ud\u011blovat odznak v <strong>diamantov\u00e9m<\/strong> stupni.\u00a0<\/span><\/p>\n<p><span style=\"font-family: tahoma, arial, helvetica, sans-serif;\">K\u00a0 z\u00edsk\u00e1n\u00ed odznaku <strong>bronzov\u00e9ho stupn\u011b<\/strong> je t\u0159eba zdolat v\u0161echny nejvy\u0161\u0161\u00ed vrcholy subprovinci\u00ed zahrnut\u00e9 v tomto zpracov\u00e1n\u00ed. Ve <strong>st\u0159\u00edbrn\u00e9m stupni<\/strong> \u2013 oblast\u00ed. Ve <strong>zlat\u00e9m stupni<\/strong> \u2013 celk\u016f. K z\u00edsk\u00e1n\u00ed odznaku nejvy\u0161\u0161\u00edho \u2013 <strong>diamantov\u00e9ho stupn\u011b<\/strong> \u2013 dal\u0161\u00edch vrchol\u016f zahrnut\u00fdch v\u00a0tomto zpracov\u00e1n\u00ed.<\/span><\/p>\n<p><span style=\"font-family: tahoma, arial, helvetica, sans-serif;\">Odznaky je t\u0159eba z\u00edsk\u00e1vat postupn\u011b, a to v po\u0159ad\u00ed: <strong>bronzov\u00fd, st\u0159\u00edbrn\u00fd, zlat\u00fd, diamantov\u00fd.<\/strong><\/span><\/p>\n<p><span style=\"font-family: tahoma, arial, helvetica, sans-serif;\">V p\u0159\u00edpad\u011b pochybnost\u00ed, je\u017e by mohly vypl\u00fdvat z interpretace t\u011bchto pravidel, rozhoduje ov\u011b\u0159ovac\u00ed v\u00fdbor <strong>KORUNY HOR \u010cESK\u00c9 REPUBLIKY<\/strong><\/span><\/p>\n<p><span style=\"font-family: tahoma, arial, helvetica, sans-serif;\">Podm\u00ednkou pro z\u00edsk\u00e1n\u00ed <strong>odznaku<\/strong> <strong>KORUNY HOR \u010cESK\u00c9 REPUBLIKY<\/strong> je vstoupen\u00ed do <strong>klubu KORUNY HOR \u010cESK\u00c9 REPUBLIKY<\/strong> a tak\u00e9 po\u0159\u00edzen\u00ed <strong>kn\u00ed\u017eky<\/strong> <strong>KORUNY HOR \u010cESK\u00c9 REPUBLIKY<\/strong>.<\/span><\/p>\n<p><span style=\"font-family: tahoma, arial, helvetica, sans-serif; color: #ff0000;\"><strong>Podrobn\u00e1 pravidla Klubu KORUNY HOR \u010cESK\u00c9 REPUBLIKY<\/strong><\/span><\/p>\n<ol>\n<li><span style=\"font-family: tahoma, arial, helvetica, sans-serif;\">Klub sdru\u017euje lidi, kte\u0159\u00ed se rozhodli pro v\u00fdstup na nejvy\u0161\u0161\u00ed vrcholy tvo\u0159\u00edc\u00ed Korunu hor \u010cesk\u00e9 republiky jak\u00fdmkoli zp\u016fsobem a kdykoli.<\/span><\/li>\n<li><span style=\"font-family: tahoma, arial, helvetica, sans-serif;\">C\u00edlem klubu je popularizovat horskou turistiku a pozn\u00e1vac\u00ed z\u00e1jezdy v \u010cesk\u00e9 republice, pravidla bezpe\u010dn\u00e9ho cestov\u00e1n\u00ed a pozn\u00e1v\u00e1n\u00ed p\u0159\u00edrody, kulturn\u00edho d\u011bdictv\u00ed, historie a pam\u00e1tek.<\/span><\/li>\n<li><span style=\"font-family: tahoma, arial, helvetica, sans-serif;\">Klub podporuje spolupr\u00e1ci v\u0161ech lid\u00ed, kte\u0159\u00ed z\u00edsk\u00e1vaj\u00ed odznaky, a nezi\u0161tnou pomoc v\u0161em milovn\u00edk\u016fm hor.<\/span><\/li>\n<li><span style=\"font-family: tahoma, arial, helvetica, sans-serif;\">P\u0159ihl\u00e1\u0161ku k \u010dlenstv\u00ed v klubu od osob star\u0161\u00edch 7 let spolu se vstupn\u00edm poplatkem ve v\u00fd\u0161i 150 K\u010d p\u0159ij\u00edm\u00e1 spole\u010dnost Koruna Hor s.r.o. P\u0159ihl\u00e1\u0161ky nezletil\u00fdch osob mus\u00ed b\u00fdt podepsan\u00e9 rodi\u010dem nebo z\u00e1konn\u00fdm z\u00e1stupcem.<\/span><\/li>\n<li><span style=\"font-family: tahoma, arial, helvetica, sans-serif;\">Jak\u00e9koli zm\u011bny v\u00fd\u0161e uveden\u00fdch podrobn\u00fdch pravidel Klubu Koruny hor \u010cesk\u00e9 republiky mohou b\u00fdt provedeny pouze rozhodnut\u00edm spole\u010dnosti Koruna Hor s.r.o.<\/span><\/li>\n<\/ol>\n","protected":false},"excerpt":{"rendered":"<p>Pravidla ov\u011b\u0159ov\u00e1n\u00ed Z\u00e1kladem pro ov\u011b\u0159en\u00ed tohoto odznaku je kn\u00ed\u017eka KORUNY HOR \u010cESK\u00c9 REPUBLIKY, veden\u00e1 osobou dob\u00fdvaj\u00edc\u00ed tyto vrcholy, je\u017e obsahuje potvrzen\u00ed o dobyt\u00ed dan\u00e9ho vrcholu. Potvrzen\u00edm dobyt\u00ed m\u016f\u017ee b\u00fdt: raz\u00edtko nejbli\u017e\u0161\u00edho turistick\u00e9ho objektu nebo obchodu, n\u00e1dra\u017e\u00ed, muzea \u010di fotografie z vrcholu nebo osv\u011bd\u010den\u00ed od cestovn\u00edho pr\u016fvodce. Osoba uch\u00e1zej\u00edc\u00ed se o dal\u0161\u00ed stupn\u011b odznaku p\u0159edkl\u00e1d\u00e1 po&#8230;<\/p>\n","protected":false},"author":1,"featured_media":0,"parent":0,"menu_order":0,"comment_status":"closed","ping_status":"closed","template":"","meta":{"footnotes":""},"class_list":["post-117","page","type-page","status-publish","hentry"],"yoast_head":"<!-- This site is optimized with the Yoast SEO plugin v27.4 - https:\/\/yoast.com\/product\/yoast-seo-wordpress\/ -->\n<title>PRAVIDLA KLUBU - KORUNA HOR \u010cESK\u00c9 REPUBLIKY<\/title>\n<meta name=\"robots\" content=\"index, follow, max-snippet:-1, max-image-preview:large, max-video-preview:-1\" \/>\n<link rel=\"canonical\" href=\"https:\/\/korunahor.cz\/index.php\/reulamin-klubu\/\" \/>\n<meta property=\"og:locale\" content=\"pl_PL\" \/>\n<meta property=\"og:type\" content=\"article\" \/>\n<meta property=\"og:title\" content=\"PRAVIDLA KLUBU - KORUNA HOR \u010cESK\u00c9 REPUBLIKY\" \/>\n<meta property=\"og:description\" content=\"Pravidla ov\u011b\u0159ov\u00e1n\u00ed Z\u00e1kladem pro ov\u011b\u0159en\u00ed tohoto odznaku je kn\u00ed\u017eka KORUNY HOR \u010cESK\u00c9 REPUBLIKY, veden\u00e1 osobou dob\u00fdvaj\u00edc\u00ed tyto vrcholy, je\u017e obsahuje potvrzen\u00ed o dobyt\u00ed dan\u00e9ho vrcholu. Potvrzen\u00edm dobyt\u00ed m\u016f\u017ee b\u00fdt: raz\u00edtko nejbli\u017e\u0161\u00edho turistick\u00e9ho objektu nebo obchodu, n\u00e1dra\u017e\u00ed, muzea \u010di fotografie z vrcholu nebo osv\u011bd\u010den\u00ed od cestovn\u00edho pr\u016fvodce. Osoba uch\u00e1zej\u00edc\u00ed se o dal\u0161\u00ed stupn\u011b odznaku p\u0159edkl\u00e1d\u00e1 po...\" \/>\n<meta property=\"og:url\" content=\"https:\/\/korunahor.cz\/index.php\/reulamin-klubu\/\" \/>\n<meta property=\"og:site_name\" content=\"KORUNA HOR \u010cESK\u00c9 REPUBLIKY\" \/>\n<meta property=\"article:modified_time\" content=\"2021-03-21T12:09:56+00:00\" \/>\n<meta name=\"twitter:card\" content=\"summary_large_image\" \/>\n<meta name=\"twitter:label1\" content=\"Szacowany czas czytania\" \/>\n\t<meta name=\"twitter:data1\" content=\"3 minuty\" \/>\n<script type=\"application\/ld+json\" class=\"yoast-schema-graph\">{\"@context\":\"https:\\\/\\\/schema.org\",\"@graph\":[{\"@type\":\"WebPage\",\"@id\":\"https:\\\/\\\/korunahor.cz\\\/index.php\\\/reulamin-klubu\\\/\",\"url\":\"https:\\\/\\\/korunahor.cz\\\/index.php\\\/reulamin-klubu\\\/\",\"name\":\"PRAVIDLA KLUBU - KORUNA HOR \u010cESK\u00c9 REPUBLIKY\",\"isPartOf\":{\"@id\":\"https:\\\/\\\/korunahor.cz\\\/#website\"},\"datePublished\":\"2020-08-29T16:28:52+00:00\",\"dateModified\":\"2021-03-21T12:09:56+00:00\",\"breadcrumb\":{\"@id\":\"https:\\\/\\\/korunahor.cz\\\/index.php\\\/reulamin-klubu\\\/#breadcrumb\"},\"inLanguage\":\"pl-PL\",\"potentialAction\":[{\"@type\":\"ReadAction\",\"target\":[\"https:\\\/\\\/korunahor.cz\\\/index.php\\\/reulamin-klubu\\\/\"]}]},{\"@type\":\"BreadcrumbList\",\"@id\":\"https:\\\/\\\/korunahor.cz\\\/index.php\\\/reulamin-klubu\\\/#breadcrumb\",\"itemListElement\":[{\"@type\":\"ListItem\",\"position\":1,\"name\":\"Strona g\u0142\u00f3wna\",\"item\":\"https:\\\/\\\/korunahor.cz\\\/\"},{\"@type\":\"ListItem\",\"position\":2,\"name\":\"PRAVIDLA KLUBU\"}]},{\"@type\":\"WebSite\",\"@id\":\"https:\\\/\\\/korunahor.cz\\\/#website\",\"url\":\"https:\\\/\\\/korunahor.cz\\\/\",\"name\":\"KORUNA HOR \u010cESK\u00c9 REPUBLIKY\",\"description\":\"R\u00e1di bychom v\u00e1s povzbudili k lep\u0161\u00edmu pozn\u00e1n\u00ed \u010cesk\u00e9 republiky d\u00edky z\u00edsk\u00e1v\u00e1n\u00ed jej\u00edch nejvy\u0161\u0161\u00edch vrch\u016f. Vybrali jsme 81 nejvy\u0161\u0161\u00edch vrchol\u016f nach\u00e1zej\u00edc\u00edch se na \u00fazem\u00ed t\u0159\u00ed ze \u010dty\u0159 geomorfologick\u00fdch provinci\u00ed \u010cesk\u00e9 republiky: \u010cesk\u00e9 Vyso\u010diny Z\u00e1padn\u00edch Karpat St\u0159edoevropsk\u00e9 n\u00ed\u017einy \u010dtvrt\u00e1 provincie, Z\u00e1padopanonsk\u00e1 p\u00e1nev, nebyla zde zahrnuta pro sv\u016fj n\u00ed\u017einn\u00fd charakter.\",\"publisher\":{\"@id\":\"https:\\\/\\\/korunahor.cz\\\/#organization\"},\"potentialAction\":[{\"@type\":\"SearchAction\",\"target\":{\"@type\":\"EntryPoint\",\"urlTemplate\":\"https:\\\/\\\/korunahor.cz\\\/?s={search_term_string}\"},\"query-input\":{\"@type\":\"PropertyValueSpecification\",\"valueRequired\":true,\"valueName\":\"search_term_string\"}}],\"inLanguage\":\"pl-PL\"},{\"@type\":\"Organization\",\"@id\":\"https:\\\/\\\/korunahor.cz\\\/#organization\",\"name\":\"KORUNA HOR \u010cESK\u00c9 REPUBLIKY\",\"url\":\"https:\\\/\\\/korunahor.cz\\\/\",\"logo\":{\"@type\":\"ImageObject\",\"inLanguage\":\"pl-PL\",\"@id\":\"https:\\\/\\\/korunahor.cz\\\/#\\\/schema\\\/logo\\\/image\\\/\",\"url\":\"https:\\\/\\\/korunahor.cz\\\/wp-content\\\/uploads\\\/2020\\\/08\\\/cropped-Gorne-logo-do-strony_CZ_OK-scaled-2.jpg\",\"contentUrl\":\"https:\\\/\\\/korunahor.cz\\\/wp-content\\\/uploads\\\/2020\\\/08\\\/cropped-Gorne-logo-do-strony_CZ_OK-scaled-2.jpg\",\"width\":2560,\"height\":311,\"caption\":\"KORUNA HOR \u010cESK\u00c9 REPUBLIKY\"},\"image\":{\"@id\":\"https:\\\/\\\/korunahor.cz\\\/#\\\/schema\\\/logo\\\/image\\\/\"}}]}<\/script>\n<!-- \/ Yoast SEO plugin. -->","yoast_head_json":{"title":"PRAVIDLA KLUBU - KORUNA HOR \u010cESK\u00c9 REPUBLIKY","robots":{"index":"index","follow":"follow","max-snippet":"max-snippet:-1","max-image-preview":"max-image-preview:large","max-video-preview":"max-video-preview:-1"},"canonical":"https:\/\/korunahor.cz\/index.php\/reulamin-klubu\/","og_locale":"pl_PL","og_type":"article","og_title":"PRAVIDLA KLUBU - KORUNA HOR \u010cESK\u00c9 REPUBLIKY","og_description":"Pravidla ov\u011b\u0159ov\u00e1n\u00ed Z\u00e1kladem pro ov\u011b\u0159en\u00ed tohoto odznaku je kn\u00ed\u017eka KORUNY HOR \u010cESK\u00c9 REPUBLIKY, veden\u00e1 osobou dob\u00fdvaj\u00edc\u00ed tyto vrcholy, je\u017e obsahuje potvrzen\u00ed o dobyt\u00ed dan\u00e9ho vrcholu. Potvrzen\u00edm dobyt\u00ed m\u016f\u017ee b\u00fdt: raz\u00edtko nejbli\u017e\u0161\u00edho turistick\u00e9ho objektu nebo obchodu, n\u00e1dra\u017e\u00ed, muzea \u010di fotografie z vrcholu nebo osv\u011bd\u010den\u00ed od cestovn\u00edho pr\u016fvodce. Osoba uch\u00e1zej\u00edc\u00ed se o dal\u0161\u00ed stupn\u011b odznaku p\u0159edkl\u00e1d\u00e1 po...","og_url":"https:\/\/korunahor.cz\/index.php\/reulamin-klubu\/","og_site_name":"KORUNA HOR \u010cESK\u00c9 REPUBLIKY","article_modified_time":"2021-03-21T12:09:56+00:00","twitter_card":"summary_large_image","twitter_misc":{"Szacowany czas czytania":"3 minuty"},"schema":{"@context":"https:\/\/schema.org","@graph":[{"@type":"WebPage","@id":"https:\/\/korunahor.cz\/index.php\/reulamin-klubu\/","url":"https:\/\/korunahor.cz\/index.php\/reulamin-klubu\/","name":"PRAVIDLA KLUBU - KORUNA HOR \u010cESK\u00c9 REPUBLIKY","isPartOf":{"@id":"https:\/\/korunahor.cz\/#website"},"datePublished":"2020-08-29T16:28:52+00:00","dateModified":"2021-03-21T12:09:56+00:00","breadcrumb":{"@id":"https:\/\/korunahor.cz\/index.php\/reulamin-klubu\/#breadcrumb"},"inLanguage":"pl-PL","potentialAction":[{"@type":"ReadAction","target":["https:\/\/korunahor.cz\/index.php\/reulamin-klubu\/"]}]},{"@type":"BreadcrumbList","@id":"https:\/\/korunahor.cz\/index.php\/reulamin-klubu\/#breadcrumb","itemListElement":[{"@type":"ListItem","position":1,"name":"Strona g\u0142\u00f3wna","item":"https:\/\/korunahor.cz\/"},{"@type":"ListItem","position":2,"name":"PRAVIDLA KLUBU"}]},{"@type":"WebSite","@id":"https:\/\/korunahor.cz\/#website","url":"https:\/\/korunahor.cz\/","name":"KORUNA HOR \u010cESK\u00c9 REPUBLIKY","description":"R\u00e1di bychom v\u00e1s povzbudili k lep\u0161\u00edmu pozn\u00e1n\u00ed \u010cesk\u00e9 republiky d\u00edky z\u00edsk\u00e1v\u00e1n\u00ed jej\u00edch nejvy\u0161\u0161\u00edch vrch\u016f. Vybrali jsme 81 nejvy\u0161\u0161\u00edch vrchol\u016f nach\u00e1zej\u00edc\u00edch se na \u00fazem\u00ed t\u0159\u00ed ze \u010dty\u0159 geomorfologick\u00fdch provinci\u00ed \u010cesk\u00e9 republiky: \u010cesk\u00e9 Vyso\u010diny Z\u00e1padn\u00edch Karpat St\u0159edoevropsk\u00e9 n\u00ed\u017einy \u010dtvrt\u00e1 provincie, Z\u00e1padopanonsk\u00e1 p\u00e1nev, nebyla zde zahrnuta pro sv\u016fj n\u00ed\u017einn\u00fd charakter.","publisher":{"@id":"https:\/\/korunahor.cz\/#organization"},"potentialAction":[{"@type":"SearchAction","target":{"@type":"EntryPoint","urlTemplate":"https:\/\/korunahor.cz\/?s={search_term_string}"},"query-input":{"@type":"PropertyValueSpecification","valueRequired":true,"valueName":"search_term_string"}}],"inLanguage":"pl-PL"},{"@type":"Organization","@id":"https:\/\/korunahor.cz\/#organization","name":"KORUNA HOR \u010cESK\u00c9 REPUBLIKY","url":"https:\/\/korunahor.cz\/","logo":{"@type":"ImageObject","inLanguage":"pl-PL","@id":"https:\/\/korunahor.cz\/#\/schema\/logo\/image\/","url":"https:\/\/korunahor.cz\/wp-content\/uploads\/2020\/08\/cropped-Gorne-logo-do-strony_CZ_OK-scaled-2.jpg","contentUrl":"https:\/\/korunahor.cz\/wp-content\/uploads\/2020\/08\/cropped-Gorne-logo-do-strony_CZ_OK-scaled-2.jpg","width":2560,"height":311,"caption":"KORUNA HOR \u010cESK\u00c9 REPUBLIKY"},"image":{"@id":"https:\/\/korunahor.cz\/#\/schema\/logo\/image\/"}}]}},"_links":{"self":[{"href":"https:\/\/korunahor.cz\/index.php\/wp-json\/wp\/v2\/pages\/117","targetHints":{"allow":["GET"]}}],"collection":[{"href":"https:\/\/korunahor.cz\/index.php\/wp-json\/wp\/v2\/pages"}],"about":[{"href":"https:\/\/korunahor.cz\/index.php\/wp-json\/wp\/v2\/types\/page"}],"author":[{"embeddable":true,"href":"https:\/\/korunahor.cz\/index.php\/wp-json\/wp\/v2\/users\/1"}],"replies":[{"embeddable":true,"href":"https:\/\/korunahor.cz\/index.php\/wp-json\/wp\/v2\/comments?post=117"}],"version-history":[{"count":19,"href":"https:\/\/korunahor.cz\/index.php\/wp-json\/wp\/v2\/pages\/117\/revisions"}],"predecessor-version":[{"id":2879,"href":"https:\/\/korunahor.cz\/index.php\/wp-json\/wp\/v2\/pages\/117\/revisions\/2879"}],"wp:attachment":[{"href":"https:\/\/korunahor.cz\/index.php\/wp-json\/wp\/v2\/media?parent=117"}],"curies":[{"name":"wp","href":"https:\/\/api.w.org\/{rel}","templated":true}]}}