{"id":1255,"date":"2020-09-23T13:39:41","date_gmt":"2020-09-23T11:39:41","guid":{"rendered":"https:\/\/korunahor.cz\/?page_id=1255"},"modified":"2020-09-23T13:39:41","modified_gmt":"2020-09-23T11:39:41","slug":"o-ksiazeczce","status":"publish","type":"page","link":"https:\/\/korunahor.cz\/index.php\/o-ksiazeczce\/","title":{"rendered":"O ksi\u0105\u017ceczce"},"content":{"rendered":"<p><img loading=\"lazy\" decoding=\"async\" class=\"alignnone size-medium wp-image-776\" src=\"http:\/\/korunahor.cz\/wp-content\/uploads\/2020\/08\/Okladka-KORUNA-HOR_duza-216x300.jpg\" alt=\"\" width=\"216\" height=\"300\" srcset=\"https:\/\/korunahor.cz\/wp-content\/uploads\/2020\/08\/Okladka-KORUNA-HOR_duza-216x300.jpg 216w, https:\/\/korunahor.cz\/wp-content\/uploads\/2020\/08\/Okladka-KORUNA-HOR_duza-736x1024.jpg 736w, https:\/\/korunahor.cz\/wp-content\/uploads\/2020\/08\/Okladka-KORUNA-HOR_duza-768x1069.jpg 768w, https:\/\/korunahor.cz\/wp-content\/uploads\/2020\/08\/Okladka-KORUNA-HOR_duza-1104x1536.jpg 1104w, https:\/\/korunahor.cz\/wp-content\/uploads\/2020\/08\/Okladka-KORUNA-HOR_duza-300x418.jpg 300w, https:\/\/korunahor.cz\/wp-content\/uploads\/2020\/08\/Okladka-KORUNA-HOR_duza-850x1183.jpg 850w, https:\/\/korunahor.cz\/wp-content\/uploads\/2020\/08\/Okladka-KORUNA-HOR_duza.jpg 1358w\" sizes=\"auto, (max-width: 216px) 100vw, 216px\" \/><\/p>\n<p><strong>Ksi\u0105\u017ceczka KORONY G\u00d3R REPUBLIKI CZESKIEJ<\/strong> zosta\u0142a wydrukowana na 176 stronach i zawiera 82 szczyty, u\u0142o\u017cone wed\u0142ug stopnia odznaki.<\/p>\n<p><a href=\"http:\/\/ZESTAWIENIE WZNIESIE\u0143 I ICH WYSOKO\u015aCI NA ODZNAK\u0118 BR\u0104ZOW\u0104\"><strong>Stopie\u0144 br\u0105zowy<\/strong> &#8211; 8 szczyt\u00f3w<\/a><br \/><a href=\"http:\/\/korunahor.cz\/index.php\/zestawienie-wg-wysokosci-wzniesien-na-odznake-srebrna\/\"><strong>Stopie\u0144 srebrny<\/strong> &#8211; 12 szczyt\u00f3w<\/a><br \/><a href=\"http:\/\/korunahor.cz\/index.php\/zestawienie-wg-wysokosci-wzniesien-na-odznake-zlota\/\"><strong>Stopie\u0144 z\u0142oty<\/strong> &#8211; 38 szczyt\u00f3w<\/a><br \/><a href=\"http:\/\/korunahor.cz\/index.php\/zestawienie-wg-wysokosci-wzniesien-na-odznake-diamentowa\/\"><strong>Stopie\u0144 diamentowy<\/strong> &#8211; 23 szczyty<\/a><\/p>\n<p>Na ko\u0144cu ksi\u0105\u017ceczki zosta\u0142 umieszczony szczyt Hradi\u0161t\u011b. Poniewa\u017c le\u017cy on na terenie poligonu wojskowego, kt\u00f3ry jest niedost\u0119pny dla turyst\u00f3w, zdobycie go obecnie nie jest mo\u017cliwe i dlatego nie jest wymagane. Gdyby w przysz\u0142o\u015bci teren poligonu zosta\u0142 udost\u0119pniony, szczyt b\u0119dzie m\u00f3g\u0142 zosta\u0107 do\u0142\u0105czony do kolekcji.<\/p>\n<p>Opr\u00f3cz zestawienia szczyt\u00f3w,<br \/>w ksi\u0105\u017ceczce znalaz\u0142y si\u0119 r\u00f3wnie\u017c mapki, lokalizacja GPS oraz kr\u00f3tkie informacje, co ciekawego niedaleko odwiedzanych wzniesie\u0144 si\u0119 znajduje.<\/p>\n<p><strong>Odznaka KORONY G\u00d3R REPUBLIKI CZESKIEJ <\/strong>zosta\u0142a wyprodukowana przez znan\u0105 firm\u0119, jest wykonana z bardzo trwa\u0142ych materia\u0142\u00f3w (mosi\u0105dz, nowe srebro oraz mied\u017a) i ma \u015brednic\u0119 4 cm. W \u015brodku znajduj\u0105\u00a0 si\u0119 cztery charakterystyczne szczyty: Sn\u011b\u017eka (\u015anie\u017cka), Prad\u011bd (Pradziad), Je\u0161t\u011bd oraz D\u011b\u010d\u00ednsk\u00fd Sn\u011b\u017en\u00edk. Wok\u00f3\u0142 otok, kt\u00f3rego kolorystyka nawi\u0105zuje do flagi Republiki Czeskiej.<\/p>\n<div style=\"width: 404px;\" class=\"wp-video\"><video class=\"wp-video-shortcode\" id=\"video-1255-1\" width=\"404\" height=\"510\" preload=\"metadata\" controls=\"controls\"><source type=\"video\/mp4\" src=\"http:\/\/korunahor.cz\/wp-content\/uploads\/2020\/08\/podklad-bialy.mp4?_=1\" \/><a href=\"http:\/\/korunahor.cz\/wp-content\/uploads\/2020\/08\/podklad-bialy.mp4\">http:\/\/korunahor.cz\/wp-content\/uploads\/2020\/08\/podklad-bialy.mp4<\/a><\/video><\/div>\n","protected":false},"excerpt":{"rendered":"<p>Ksi\u0105\u017ceczka KORONY G\u00d3R REPUBLIKI CZESKIEJ zosta\u0142a wydrukowana na 176 stronach i zawiera 82 szczyty, u\u0142o\u017cone wed\u0142ug stopnia odznaki. Stopie\u0144 br\u0105zowy &#8211; 8 szczyt\u00f3wStopie\u0144 srebrny &#8211; 12 szczyt\u00f3wStopie\u0144 z\u0142oty &#8211; 38 szczyt\u00f3wStopie\u0144 diamentowy &#8211; 23 szczyty Na ko\u0144cu ksi\u0105\u017ceczki zosta\u0142 umieszczony szczyt Hradi\u0161t\u011b. Poniewa\u017c le\u017cy on na terenie poligonu wojskowego, kt\u00f3ry jest niedost\u0119pny dla turyst\u00f3w, zdobycie&#8230;<\/p>\n","protected":false},"author":1,"featured_media":0,"parent":0,"menu_order":0,"comment_status":"closed","ping_status":"closed","template":"","meta":{"footnotes":""},"class_list":["post-1255","page","type-page","status-publish","hentry"],"yoast_head":"<!-- This site is optimized with the Yoast SEO plugin v27.4 - https:\/\/yoast.com\/product\/yoast-seo-wordpress\/ -->\n<title>O ksi\u0105\u017ceczce - KORUNA HOR \u010cESK\u00c9 REPUBLIKY<\/title>\n<meta name=\"robots\" content=\"index, follow, max-snippet:-1, max-image-preview:large, max-video-preview:-1\" \/>\n<link rel=\"canonical\" href=\"https:\/\/korunahor.cz\/index.php\/o-ksiazeczce\/\" \/>\n<meta property=\"og:locale\" content=\"pl_PL\" \/>\n<meta property=\"og:type\" content=\"article\" \/>\n<meta property=\"og:title\" content=\"O ksi\u0105\u017ceczce - KORUNA HOR \u010cESK\u00c9 REPUBLIKY\" \/>\n<meta property=\"og:description\" content=\"Ksi\u0105\u017ceczka KORONY G\u00d3R REPUBLIKI CZESKIEJ zosta\u0142a wydrukowana na 176 stronach i zawiera 82 szczyty, u\u0142o\u017cone wed\u0142ug stopnia odznaki. Stopie\u0144 br\u0105zowy &#8211; 8 szczyt\u00f3wStopie\u0144 srebrny &#8211; 12 szczyt\u00f3wStopie\u0144 z\u0142oty &#8211; 38 szczyt\u00f3wStopie\u0144 diamentowy &#8211; 23 szczyty Na ko\u0144cu ksi\u0105\u017ceczki zosta\u0142 umieszczony szczyt Hradi\u0161t\u011b. Poniewa\u017c le\u017cy on na terenie poligonu wojskowego, kt\u00f3ry jest niedost\u0119pny dla turyst\u00f3w, zdobycie...\" \/>\n<meta property=\"og:url\" content=\"https:\/\/korunahor.cz\/index.php\/o-ksiazeczce\/\" \/>\n<meta property=\"og:site_name\" content=\"KORUNA HOR \u010cESK\u00c9 REPUBLIKY\" \/>\n<meta property=\"og:image\" content=\"http:\/\/korunahor.cz\/wp-content\/uploads\/2020\/08\/Okladka-KORUNA-HOR_duza-216x300.jpg\" \/>\n<meta name=\"twitter:card\" content=\"summary_large_image\" \/>\n<meta name=\"twitter:label1\" content=\"Szacowany czas czytania\" \/>\n\t<meta name=\"twitter:data1\" content=\"1 minuta\" \/>\n<script type=\"application\/ld+json\" class=\"yoast-schema-graph\">{\"@context\":\"https:\\\/\\\/schema.org\",\"@graph\":[{\"@type\":\"WebPage\",\"@id\":\"https:\\\/\\\/korunahor.cz\\\/index.php\\\/o-ksiazeczce\\\/\",\"url\":\"https:\\\/\\\/korunahor.cz\\\/index.php\\\/o-ksiazeczce\\\/\",\"name\":\"O ksi\u0105\u017ceczce - KORUNA HOR \u010cESK\u00c9 REPUBLIKY\",\"isPartOf\":{\"@id\":\"https:\\\/\\\/korunahor.cz\\\/#website\"},\"primaryImageOfPage\":{\"@id\":\"https:\\\/\\\/korunahor.cz\\\/index.php\\\/o-ksiazeczce\\\/#primaryimage\"},\"image\":{\"@id\":\"https:\\\/\\\/korunahor.cz\\\/index.php\\\/o-ksiazeczce\\\/#primaryimage\"},\"thumbnailUrl\":\"http:\\\/\\\/korunahor.cz\\\/wp-content\\\/uploads\\\/2020\\\/08\\\/Okladka-KORUNA-HOR_duza-216x300.jpg\",\"datePublished\":\"2020-09-23T11:39:41+00:00\",\"breadcrumb\":{\"@id\":\"https:\\\/\\\/korunahor.cz\\\/index.php\\\/o-ksiazeczce\\\/#breadcrumb\"},\"inLanguage\":\"pl-PL\",\"potentialAction\":[{\"@type\":\"ReadAction\",\"target\":[\"https:\\\/\\\/korunahor.cz\\\/index.php\\\/o-ksiazeczce\\\/\"]}]},{\"@type\":\"ImageObject\",\"inLanguage\":\"pl-PL\",\"@id\":\"https:\\\/\\\/korunahor.cz\\\/index.php\\\/o-ksiazeczce\\\/#primaryimage\",\"url\":\"https:\\\/\\\/korunahor.cz\\\/wp-content\\\/uploads\\\/2020\\\/08\\\/Okladka-KORUNA-HOR_duza.jpg\",\"contentUrl\":\"https:\\\/\\\/korunahor.cz\\\/wp-content\\\/uploads\\\/2020\\\/08\\\/Okladka-KORUNA-HOR_duza.jpg\",\"width\":1358,\"height\":1890},{\"@type\":\"BreadcrumbList\",\"@id\":\"https:\\\/\\\/korunahor.cz\\\/index.php\\\/o-ksiazeczce\\\/#breadcrumb\",\"itemListElement\":[{\"@type\":\"ListItem\",\"position\":1,\"name\":\"Strona g\u0142\u00f3wna\",\"item\":\"https:\\\/\\\/korunahor.cz\\\/\"},{\"@type\":\"ListItem\",\"position\":2,\"name\":\"O ksi\u0105\u017ceczce\"}]},{\"@type\":\"WebSite\",\"@id\":\"https:\\\/\\\/korunahor.cz\\\/#website\",\"url\":\"https:\\\/\\\/korunahor.cz\\\/\",\"name\":\"KORUNA HOR \u010cESK\u00c9 REPUBLIKY\",\"description\":\"R\u00e1di bychom v\u00e1s povzbudili k lep\u0161\u00edmu pozn\u00e1n\u00ed \u010cesk\u00e9 republiky d\u00edky z\u00edsk\u00e1v\u00e1n\u00ed jej\u00edch nejvy\u0161\u0161\u00edch vrch\u016f. Vybrali jsme 81 nejvy\u0161\u0161\u00edch vrchol\u016f nach\u00e1zej\u00edc\u00edch se na \u00fazem\u00ed t\u0159\u00ed ze \u010dty\u0159 geomorfologick\u00fdch provinci\u00ed \u010cesk\u00e9 republiky: \u010cesk\u00e9 Vyso\u010diny Z\u00e1padn\u00edch Karpat St\u0159edoevropsk\u00e9 n\u00ed\u017einy \u010dtvrt\u00e1 provincie, Z\u00e1padopanonsk\u00e1 p\u00e1nev, nebyla zde zahrnuta pro sv\u016fj n\u00ed\u017einn\u00fd charakter.\",\"publisher\":{\"@id\":\"https:\\\/\\\/korunahor.cz\\\/#organization\"},\"potentialAction\":[{\"@type\":\"SearchAction\",\"target\":{\"@type\":\"EntryPoint\",\"urlTemplate\":\"https:\\\/\\\/korunahor.cz\\\/?s={search_term_string}\"},\"query-input\":{\"@type\":\"PropertyValueSpecification\",\"valueRequired\":true,\"valueName\":\"search_term_string\"}}],\"inLanguage\":\"pl-PL\"},{\"@type\":\"Organization\",\"@id\":\"https:\\\/\\\/korunahor.cz\\\/#organization\",\"name\":\"KORUNA HOR \u010cESK\u00c9 REPUBLIKY\",\"url\":\"https:\\\/\\\/korunahor.cz\\\/\",\"logo\":{\"@type\":\"ImageObject\",\"inLanguage\":\"pl-PL\",\"@id\":\"https:\\\/\\\/korunahor.cz\\\/#\\\/schema\\\/logo\\\/image\\\/\",\"url\":\"https:\\\/\\\/korunahor.cz\\\/wp-content\\\/uploads\\\/2020\\\/08\\\/cropped-Gorne-logo-do-strony_CZ_OK-scaled-2.jpg\",\"contentUrl\":\"https:\\\/\\\/korunahor.cz\\\/wp-content\\\/uploads\\\/2020\\\/08\\\/cropped-Gorne-logo-do-strony_CZ_OK-scaled-2.jpg\",\"width\":2560,\"height\":311,\"caption\":\"KORUNA HOR \u010cESK\u00c9 REPUBLIKY\"},\"image\":{\"@id\":\"https:\\\/\\\/korunahor.cz\\\/#\\\/schema\\\/logo\\\/image\\\/\"}}]}<\/script>\n<!-- \/ Yoast SEO plugin. -->","yoast_head_json":{"title":"O ksi\u0105\u017ceczce - KORUNA HOR \u010cESK\u00c9 REPUBLIKY","robots":{"index":"index","follow":"follow","max-snippet":"max-snippet:-1","max-image-preview":"max-image-preview:large","max-video-preview":"max-video-preview:-1"},"canonical":"https:\/\/korunahor.cz\/index.php\/o-ksiazeczce\/","og_locale":"pl_PL","og_type":"article","og_title":"O ksi\u0105\u017ceczce - KORUNA HOR \u010cESK\u00c9 REPUBLIKY","og_description":"Ksi\u0105\u017ceczka KORONY G\u00d3R REPUBLIKI CZESKIEJ zosta\u0142a wydrukowana na 176 stronach i zawiera 82 szczyty, u\u0142o\u017cone wed\u0142ug stopnia odznaki. Stopie\u0144 br\u0105zowy &#8211; 8 szczyt\u00f3wStopie\u0144 srebrny &#8211; 12 szczyt\u00f3wStopie\u0144 z\u0142oty &#8211; 38 szczyt\u00f3wStopie\u0144 diamentowy &#8211; 23 szczyty Na ko\u0144cu ksi\u0105\u017ceczki zosta\u0142 umieszczony szczyt Hradi\u0161t\u011b. Poniewa\u017c le\u017cy on na terenie poligonu wojskowego, kt\u00f3ry jest niedost\u0119pny dla turyst\u00f3w, zdobycie...","og_url":"https:\/\/korunahor.cz\/index.php\/o-ksiazeczce\/","og_site_name":"KORUNA HOR \u010cESK\u00c9 REPUBLIKY","og_image":[{"url":"http:\/\/korunahor.cz\/wp-content\/uploads\/2020\/08\/Okladka-KORUNA-HOR_duza-216x300.jpg","type":"","width":"","height":""}],"twitter_card":"summary_large_image","twitter_misc":{"Szacowany czas czytania":"1 minuta"},"schema":{"@context":"https:\/\/schema.org","@graph":[{"@type":"WebPage","@id":"https:\/\/korunahor.cz\/index.php\/o-ksiazeczce\/","url":"https:\/\/korunahor.cz\/index.php\/o-ksiazeczce\/","name":"O ksi\u0105\u017ceczce - KORUNA HOR \u010cESK\u00c9 REPUBLIKY","isPartOf":{"@id":"https:\/\/korunahor.cz\/#website"},"primaryImageOfPage":{"@id":"https:\/\/korunahor.cz\/index.php\/o-ksiazeczce\/#primaryimage"},"image":{"@id":"https:\/\/korunahor.cz\/index.php\/o-ksiazeczce\/#primaryimage"},"thumbnailUrl":"http:\/\/korunahor.cz\/wp-content\/uploads\/2020\/08\/Okladka-KORUNA-HOR_duza-216x300.jpg","datePublished":"2020-09-23T11:39:41+00:00","breadcrumb":{"@id":"https:\/\/korunahor.cz\/index.php\/o-ksiazeczce\/#breadcrumb"},"inLanguage":"pl-PL","potentialAction":[{"@type":"ReadAction","target":["https:\/\/korunahor.cz\/index.php\/o-ksiazeczce\/"]}]},{"@type":"ImageObject","inLanguage":"pl-PL","@id":"https:\/\/korunahor.cz\/index.php\/o-ksiazeczce\/#primaryimage","url":"https:\/\/korunahor.cz\/wp-content\/uploads\/2020\/08\/Okladka-KORUNA-HOR_duza.jpg","contentUrl":"https:\/\/korunahor.cz\/wp-content\/uploads\/2020\/08\/Okladka-KORUNA-HOR_duza.jpg","width":1358,"height":1890},{"@type":"BreadcrumbList","@id":"https:\/\/korunahor.cz\/index.php\/o-ksiazeczce\/#breadcrumb","itemListElement":[{"@type":"ListItem","position":1,"name":"Strona g\u0142\u00f3wna","item":"https:\/\/korunahor.cz\/"},{"@type":"ListItem","position":2,"name":"O ksi\u0105\u017ceczce"}]},{"@type":"WebSite","@id":"https:\/\/korunahor.cz\/#website","url":"https:\/\/korunahor.cz\/","name":"KORUNA HOR \u010cESK\u00c9 REPUBLIKY","description":"R\u00e1di bychom v\u00e1s povzbudili k lep\u0161\u00edmu pozn\u00e1n\u00ed \u010cesk\u00e9 republiky d\u00edky z\u00edsk\u00e1v\u00e1n\u00ed jej\u00edch nejvy\u0161\u0161\u00edch vrch\u016f. Vybrali jsme 81 nejvy\u0161\u0161\u00edch vrchol\u016f nach\u00e1zej\u00edc\u00edch se na \u00fazem\u00ed t\u0159\u00ed ze \u010dty\u0159 geomorfologick\u00fdch provinci\u00ed \u010cesk\u00e9 republiky: \u010cesk\u00e9 Vyso\u010diny Z\u00e1padn\u00edch Karpat St\u0159edoevropsk\u00e9 n\u00ed\u017einy \u010dtvrt\u00e1 provincie, Z\u00e1padopanonsk\u00e1 p\u00e1nev, nebyla zde zahrnuta pro sv\u016fj n\u00ed\u017einn\u00fd charakter.","publisher":{"@id":"https:\/\/korunahor.cz\/#organization"},"potentialAction":[{"@type":"SearchAction","target":{"@type":"EntryPoint","urlTemplate":"https:\/\/korunahor.cz\/?s={search_term_string}"},"query-input":{"@type":"PropertyValueSpecification","valueRequired":true,"valueName":"search_term_string"}}],"inLanguage":"pl-PL"},{"@type":"Organization","@id":"https:\/\/korunahor.cz\/#organization","name":"KORUNA HOR \u010cESK\u00c9 REPUBLIKY","url":"https:\/\/korunahor.cz\/","logo":{"@type":"ImageObject","inLanguage":"pl-PL","@id":"https:\/\/korunahor.cz\/#\/schema\/logo\/image\/","url":"https:\/\/korunahor.cz\/wp-content\/uploads\/2020\/08\/cropped-Gorne-logo-do-strony_CZ_OK-scaled-2.jpg","contentUrl":"https:\/\/korunahor.cz\/wp-content\/uploads\/2020\/08\/cropped-Gorne-logo-do-strony_CZ_OK-scaled-2.jpg","width":2560,"height":311,"caption":"KORUNA HOR \u010cESK\u00c9 REPUBLIKY"},"image":{"@id":"https:\/\/korunahor.cz\/#\/schema\/logo\/image\/"}}]}},"_links":{"self":[{"href":"https:\/\/korunahor.cz\/index.php\/wp-json\/wp\/v2\/pages\/1255","targetHints":{"allow":["GET"]}}],"collection":[{"href":"https:\/\/korunahor.cz\/index.php\/wp-json\/wp\/v2\/pages"}],"about":[{"href":"https:\/\/korunahor.cz\/index.php\/wp-json\/wp\/v2\/types\/page"}],"author":[{"embeddable":true,"href":"https:\/\/korunahor.cz\/index.php\/wp-json\/wp\/v2\/users\/1"}],"replies":[{"embeddable":true,"href":"https:\/\/korunahor.cz\/index.php\/wp-json\/wp\/v2\/comments?post=1255"}],"version-history":[{"count":1,"href":"https:\/\/korunahor.cz\/index.php\/wp-json\/wp\/v2\/pages\/1255\/revisions"}],"predecessor-version":[{"id":1257,"href":"https:\/\/korunahor.cz\/index.php\/wp-json\/wp\/v2\/pages\/1255\/revisions\/1257"}],"wp:attachment":[{"href":"https:\/\/korunahor.cz\/index.php\/wp-json\/wp\/v2\/media?parent=1255"}],"curies":[{"name":"wp","href":"https:\/\/api.w.org\/{rel}","templated":true}]}}