{"id":1258,"date":"2020-09-23T13:40:41","date_gmt":"2020-09-23T11:40:41","guid":{"rendered":"https:\/\/korunahor.cz\/?page_id=1258"},"modified":"2020-09-23T13:40:41","modified_gmt":"2020-09-23T11:40:41","slug":"o-brozure-a-odznakech","status":"publish","type":"page","link":"https:\/\/korunahor.cz\/index.php\/o-brozure-a-odznakech\/","title":{"rendered":"O bro\u017eu\u0159e a odznakech"},"content":{"rendered":"<p>jkhkh<\/p>\n","protected":false},"excerpt":{"rendered":"<p>jkhkh<\/p>\n","protected":false},"author":1,"featured_media":0,"parent":0,"menu_order":0,"comment_status":"closed","ping_status":"closed","template":"","meta":{"footnotes":""},"class_list":["post-1258","page","type-page","status-publish","hentry"],"yoast_head":"<!-- This site is optimized with the Yoast SEO plugin v27.4 - https:\/\/yoast.com\/product\/yoast-seo-wordpress\/ -->\n<title>O bro\u017eu\u0159e a odznakech - KORUNA HOR \u010cESK\u00c9 REPUBLIKY<\/title>\n<meta name=\"robots\" content=\"index, follow, max-snippet:-1, max-image-preview:large, max-video-preview:-1\" \/>\n<link rel=\"canonical\" href=\"https:\/\/korunahor.cz\/index.php\/o-brozure-a-odznakech\/\" \/>\n<meta property=\"og:locale\" content=\"pl_PL\" \/>\n<meta property=\"og:type\" content=\"article\" \/>\n<meta property=\"og:title\" content=\"O bro\u017eu\u0159e a odznakech - KORUNA HOR \u010cESK\u00c9 REPUBLIKY\" \/>\n<meta property=\"og:description\" content=\"jkhkh\" \/>\n<meta property=\"og:url\" content=\"https:\/\/korunahor.cz\/index.php\/o-brozure-a-odznakech\/\" \/>\n<meta property=\"og:site_name\" content=\"KORUNA HOR \u010cESK\u00c9 REPUBLIKY\" \/>\n<meta name=\"twitter:card\" content=\"summary_large_image\" \/>\n<script type=\"application\/ld+json\" class=\"yoast-schema-graph\">{\"@context\":\"https:\\\/\\\/schema.org\",\"@graph\":[{\"@type\":\"WebPage\",\"@id\":\"https:\\\/\\\/korunahor.cz\\\/index.php\\\/o-brozure-a-odznakech\\\/\",\"url\":\"https:\\\/\\\/korunahor.cz\\\/index.php\\\/o-brozure-a-odznakech\\\/\",\"name\":\"O bro\u017eu\u0159e a odznakech - KORUNA HOR \u010cESK\u00c9 REPUBLIKY\",\"isPartOf\":{\"@id\":\"https:\\\/\\\/korunahor.cz\\\/#website\"},\"datePublished\":\"2020-09-23T11:40:41+00:00\",\"breadcrumb\":{\"@id\":\"https:\\\/\\\/korunahor.cz\\\/index.php\\\/o-brozure-a-odznakech\\\/#breadcrumb\"},\"inLanguage\":\"pl-PL\",\"potentialAction\":[{\"@type\":\"ReadAction\",\"target\":[\"https:\\\/\\\/korunahor.cz\\\/index.php\\\/o-brozure-a-odznakech\\\/\"]}]},{\"@type\":\"BreadcrumbList\",\"@id\":\"https:\\\/\\\/korunahor.cz\\\/index.php\\\/o-brozure-a-odznakech\\\/#breadcrumb\",\"itemListElement\":[{\"@type\":\"ListItem\",\"position\":1,\"name\":\"Strona g\u0142\u00f3wna\",\"item\":\"https:\\\/\\\/korunahor.cz\\\/\"},{\"@type\":\"ListItem\",\"position\":2,\"name\":\"O bro\u017eu\u0159e a odznakech\"}]},{\"@type\":\"WebSite\",\"@id\":\"https:\\\/\\\/korunahor.cz\\\/#website\",\"url\":\"https:\\\/\\\/korunahor.cz\\\/\",\"name\":\"KORUNA HOR \u010cESK\u00c9 REPUBLIKY\",\"description\":\"R\u00e1di bychom v\u00e1s povzbudili k lep\u0161\u00edmu pozn\u00e1n\u00ed \u010cesk\u00e9 republiky d\u00edky z\u00edsk\u00e1v\u00e1n\u00ed jej\u00edch nejvy\u0161\u0161\u00edch vrch\u016f. Vybrali jsme 81 nejvy\u0161\u0161\u00edch vrchol\u016f nach\u00e1zej\u00edc\u00edch se na \u00fazem\u00ed t\u0159\u00ed ze \u010dty\u0159 geomorfologick\u00fdch provinci\u00ed \u010cesk\u00e9 republiky: \u010cesk\u00e9 Vyso\u010diny Z\u00e1padn\u00edch Karpat St\u0159edoevropsk\u00e9 n\u00ed\u017einy \u010dtvrt\u00e1 provincie, Z\u00e1padopanonsk\u00e1 p\u00e1nev, nebyla zde zahrnuta pro sv\u016fj n\u00ed\u017einn\u00fd charakter.\",\"publisher\":{\"@id\":\"https:\\\/\\\/korunahor.cz\\\/#organization\"},\"potentialAction\":[{\"@type\":\"SearchAction\",\"target\":{\"@type\":\"EntryPoint\",\"urlTemplate\":\"https:\\\/\\\/korunahor.cz\\\/?s={search_term_string}\"},\"query-input\":{\"@type\":\"PropertyValueSpecification\",\"valueRequired\":true,\"valueName\":\"search_term_string\"}}],\"inLanguage\":\"pl-PL\"},{\"@type\":\"Organization\",\"@id\":\"https:\\\/\\\/korunahor.cz\\\/#organization\",\"name\":\"KORUNA HOR \u010cESK\u00c9 REPUBLIKY\",\"url\":\"https:\\\/\\\/korunahor.cz\\\/\",\"logo\":{\"@type\":\"ImageObject\",\"inLanguage\":\"pl-PL\",\"@id\":\"https:\\\/\\\/korunahor.cz\\\/#\\\/schema\\\/logo\\\/image\\\/\",\"url\":\"https:\\\/\\\/korunahor.cz\\\/wp-content\\\/uploads\\\/2020\\\/08\\\/cropped-Gorne-logo-do-strony_CZ_OK-scaled-2.jpg\",\"contentUrl\":\"https:\\\/\\\/korunahor.cz\\\/wp-content\\\/uploads\\\/2020\\\/08\\\/cropped-Gorne-logo-do-strony_CZ_OK-scaled-2.jpg\",\"width\":2560,\"height\":311,\"caption\":\"KORUNA HOR \u010cESK\u00c9 REPUBLIKY\"},\"image\":{\"@id\":\"https:\\\/\\\/korunahor.cz\\\/#\\\/schema\\\/logo\\\/image\\\/\"}}]}<\/script>\n<!-- \/ Yoast SEO plugin. -->","yoast_head_json":{"title":"O bro\u017eu\u0159e a odznakech - KORUNA HOR \u010cESK\u00c9 REPUBLIKY","robots":{"index":"index","follow":"follow","max-snippet":"max-snippet:-1","max-image-preview":"max-image-preview:large","max-video-preview":"max-video-preview:-1"},"canonical":"https:\/\/korunahor.cz\/index.php\/o-brozure-a-odznakech\/","og_locale":"pl_PL","og_type":"article","og_title":"O bro\u017eu\u0159e a odznakech - KORUNA HOR \u010cESK\u00c9 REPUBLIKY","og_description":"jkhkh","og_url":"https:\/\/korunahor.cz\/index.php\/o-brozure-a-odznakech\/","og_site_name":"KORUNA HOR \u010cESK\u00c9 REPUBLIKY","twitter_card":"summary_large_image","schema":{"@context":"https:\/\/schema.org","@graph":[{"@type":"WebPage","@id":"https:\/\/korunahor.cz\/index.php\/o-brozure-a-odznakech\/","url":"https:\/\/korunahor.cz\/index.php\/o-brozure-a-odznakech\/","name":"O bro\u017eu\u0159e a odznakech - KORUNA HOR \u010cESK\u00c9 REPUBLIKY","isPartOf":{"@id":"https:\/\/korunahor.cz\/#website"},"datePublished":"2020-09-23T11:40:41+00:00","breadcrumb":{"@id":"https:\/\/korunahor.cz\/index.php\/o-brozure-a-odznakech\/#breadcrumb"},"inLanguage":"pl-PL","potentialAction":[{"@type":"ReadAction","target":["https:\/\/korunahor.cz\/index.php\/o-brozure-a-odznakech\/"]}]},{"@type":"BreadcrumbList","@id":"https:\/\/korunahor.cz\/index.php\/o-brozure-a-odznakech\/#breadcrumb","itemListElement":[{"@type":"ListItem","position":1,"name":"Strona g\u0142\u00f3wna","item":"https:\/\/korunahor.cz\/"},{"@type":"ListItem","position":2,"name":"O bro\u017eu\u0159e a odznakech"}]},{"@type":"WebSite","@id":"https:\/\/korunahor.cz\/#website","url":"https:\/\/korunahor.cz\/","name":"KORUNA HOR \u010cESK\u00c9 REPUBLIKY","description":"R\u00e1di bychom v\u00e1s povzbudili k lep\u0161\u00edmu pozn\u00e1n\u00ed \u010cesk\u00e9 republiky d\u00edky z\u00edsk\u00e1v\u00e1n\u00ed jej\u00edch nejvy\u0161\u0161\u00edch vrch\u016f. Vybrali jsme 81 nejvy\u0161\u0161\u00edch vrchol\u016f nach\u00e1zej\u00edc\u00edch se na \u00fazem\u00ed t\u0159\u00ed ze \u010dty\u0159 geomorfologick\u00fdch provinci\u00ed \u010cesk\u00e9 republiky: \u010cesk\u00e9 Vyso\u010diny Z\u00e1padn\u00edch Karpat St\u0159edoevropsk\u00e9 n\u00ed\u017einy \u010dtvrt\u00e1 provincie, Z\u00e1padopanonsk\u00e1 p\u00e1nev, nebyla zde zahrnuta pro sv\u016fj n\u00ed\u017einn\u00fd charakter.","publisher":{"@id":"https:\/\/korunahor.cz\/#organization"},"potentialAction":[{"@type":"SearchAction","target":{"@type":"EntryPoint","urlTemplate":"https:\/\/korunahor.cz\/?s={search_term_string}"},"query-input":{"@type":"PropertyValueSpecification","valueRequired":true,"valueName":"search_term_string"}}],"inLanguage":"pl-PL"},{"@type":"Organization","@id":"https:\/\/korunahor.cz\/#organization","name":"KORUNA HOR \u010cESK\u00c9 REPUBLIKY","url":"https:\/\/korunahor.cz\/","logo":{"@type":"ImageObject","inLanguage":"pl-PL","@id":"https:\/\/korunahor.cz\/#\/schema\/logo\/image\/","url":"https:\/\/korunahor.cz\/wp-content\/uploads\/2020\/08\/cropped-Gorne-logo-do-strony_CZ_OK-scaled-2.jpg","contentUrl":"https:\/\/korunahor.cz\/wp-content\/uploads\/2020\/08\/cropped-Gorne-logo-do-strony_CZ_OK-scaled-2.jpg","width":2560,"height":311,"caption":"KORUNA HOR \u010cESK\u00c9 REPUBLIKY"},"image":{"@id":"https:\/\/korunahor.cz\/#\/schema\/logo\/image\/"}}]}},"_links":{"self":[{"href":"https:\/\/korunahor.cz\/index.php\/wp-json\/wp\/v2\/pages\/1258","targetHints":{"allow":["GET"]}}],"collection":[{"href":"https:\/\/korunahor.cz\/index.php\/wp-json\/wp\/v2\/pages"}],"about":[{"href":"https:\/\/korunahor.cz\/index.php\/wp-json\/wp\/v2\/types\/page"}],"author":[{"embeddable":true,"href":"https:\/\/korunahor.cz\/index.php\/wp-json\/wp\/v2\/users\/1"}],"replies":[{"embeddable":true,"href":"https:\/\/korunahor.cz\/index.php\/wp-json\/wp\/v2\/comments?post=1258"}],"version-history":[{"count":1,"href":"https:\/\/korunahor.cz\/index.php\/wp-json\/wp\/v2\/pages\/1258\/revisions"}],"predecessor-version":[{"id":1259,"href":"https:\/\/korunahor.cz\/index.php\/wp-json\/wp\/v2\/pages\/1258\/revisions\/1259"}],"wp:attachment":[{"href":"https:\/\/korunahor.cz\/index.php\/wp-json\/wp\/v2\/media?parent=1258"}],"curies":[{"name":"wp","href":"https:\/\/api.w.org\/{rel}","templated":true}]}}