{"id":1373,"date":"2020-09-24T13:32:16","date_gmt":"2020-09-24T11:32:16","guid":{"rendered":"https:\/\/korunahor.cz\/?page_id=1373"},"modified":"2021-04-13T06:49:49","modified_gmt":"2021-04-13T04:49:49","slug":"rodo","status":"publish","type":"page","link":"https:\/\/korunahor.cz\/index.php\/rodo\/","title":{"rendered":"INFORMA\u010cN\u00cd LIST O OCHRAN\u011a OSOBN\u00cdCH \u00daDAJ\u016e (GDPR)"},"content":{"rendered":"<p><span style=\"font-family: tahoma, arial, helvetica, sans-serif; color: #ff0000;\"><strong>Informa\u010dn\u00ed list o ochran\u011b osobn\u00edch \u00fadaj\u016f (<\/strong><strong>Obecn\u00e9 na\u0159\u00edzen\u00ed o ochran\u011b \u00fadaj\u016f \/GDPR)<\/strong><\/span><\/p>\n<p><span style=\"font-family: tahoma, arial, helvetica, sans-serif;\">V\u00e1\u017een\u00ed, podle \u010dl. 13 odst. 1 a odst. 2 a \u010dl. 14 odst. 1 a odst. 2 na\u0159\u00edzen\u00ed Evropsk\u00e9ho parlamentu a Rady (EU) 2016\/679 ze dne 27. dubna 2016 o ochran\u011b fyzick\u00fdch osob v souvislosti se zpracov\u00e1n\u00edm osobn\u00edch \u00fadaj\u016f a o voln\u00e9m pohybu t\u011bchto \u00fadaj\u016f a o zru\u0161en\u00ed sm\u011brnice 95\/56 \/ ES (d\u00e1le jen: \u201eObecn\u00e9 na\u0159\u00edzen\u00ed o ochran\u011b \u00fadaj\u016f\u201c), v\u00e1s informujeme o zp\u016fsobu a \u00fa\u010delu, pro kter\u00fd zpracov\u00e1v\u00e1me va\u0161e osobn\u00ed \u00fadaje a tak\u00e9 o va\u0161ich pr\u00e1vech vypl\u00fdvaj\u00edc\u00edch z Obecn\u00e9ho na\u0159\u00edzen\u00ed o ochran\u011b osobn\u00edch \u00fadaj\u016f.<\/span><\/p>\n<ol>\n<li><span style=\"font-family: tahoma, arial, helvetica, sans-serif;\">Spr\u00e1vcem va\u0161ich osobn\u00edch \u00fadaj\u016f je:<\/span><br \/><span style=\"font-family: tahoma, arial, helvetica, sans-serif;\"><strong>Koruna Hor s.r.o., 739 61, Ropice 186<br \/>e-mail: <span style=\"color: #3366ff;\"><a href=\"mailto:info@korunahor.cz\" target=\"_blank\" rel=\"noopener\" style=\"color: #3366ff;\">info@korunahor.cz<\/a><\/span><\/strong><\/span><\/li>\n<li><span style=\"font-family: tahoma, arial, helvetica, sans-serif;\">Spr\u00e1vce jmenoval pov\u011b\u0159ence pro ochranu osobn\u00edch \u00fadaj\u016f, kter\u00e9ho lze kontaktovat ve v\u0161ech z\u00e1le\u017eitostech t\u00fdkaj\u00edc\u00edch se zpracov\u00e1n\u00ed osobn\u00edch \u00fadaj\u016f a v\u00fdkonu pr\u00e1v vypl\u00fdvaj\u00edc\u00edch ze zpracov\u00e1n\u00ed \u00fadaj\u016f zas\u00edl\u00e1n\u00edm korespondence na v\u00fd\u0161e uvedenou adresu.<\/span><\/li>\n<li><span style=\"font-family: tahoma, arial, helvetica, sans-serif;\">Osobn\u00ed \u00fadaje jsou zpracov\u00e1v\u00e1ny na z\u00e1klad\u011b:<\/span><br \/><span style=\"font-family: tahoma, arial, helvetica, sans-serif;\">a) z\u00e1konn\u00fdch povinnost\u00ed Spr\u00e1vce (v souladu s \u010dl. 6 odst. 1 p\u00edsm. c) Obecn\u00e9ho na\u0159\u00edzen\u00ed o ochran\u011b \u00fadaj\u016f),<\/span><br \/><span style=\"font-family: tahoma, arial, helvetica, sans-serif;\">b) \u00fakolu prov\u00e1d\u011bn\u00e9ho ve ve\u0159ejn\u00e9m z\u00e1jmu nebo p\u0159i v\u00fdkonu ve\u0159ejn\u00e9 moci sv\u011b\u0159en\u00e9 Spr\u00e1vci (v souladu s \u010dl. 6 odst. 1 p\u00edsm. e) Obecn\u00e9ho na\u0159\u00edzen\u00ed o ochran\u011b \u00fadaj\u016f),<\/span><br \/><span style=\"font-family: tahoma, arial, helvetica, sans-serif;\">c) smlouvy, jej\u00ed\u017e smluvn\u00ed stranou je Subjekt \u00fadaj\u016f, nebo pro proveden\u00ed opat\u0159en\u00ed p\u0159ijat\u00fdch p\u0159ed uzav\u0159en\u00edm smlouvy na \u017e\u00e1dost tohoto Subjektu \u00fadaj\u016f (v souladu s \u010dl. 6 odst. 1 p\u00edsm. b) Obecn\u00e9ho na\u0159\u00edzen\u00ed o ochran\u011b \u00fadaj\u016f),<\/span><br \/><span style=\"font-family: tahoma, arial, helvetica, sans-serif;\">d) souhlasu se zpracov\u00e1n\u00edm osobn\u00edch \u00fadaj\u016f pro jeden \u010di v\u00edce konkr\u00e9tn\u00edch \u00fa\u010del\u016f (v souladu s \u010dl. 6 odst. 1 p\u00edsm. a) Obecn\u00e9ho na\u0159\u00edzen\u00ed o ochran\u011b \u00fadaj\u016f).<\/span><\/li>\n<li><span style=\"font-family: tahoma, arial, helvetica, sans-serif;\">Osobn\u00ed \u00fadaje mohou b\u00fdt zp\u0159\u00edstupn\u011bny opr\u00e1vn\u011bn\u00fdm zam\u011bstnanc\u016fm<strong> Koruna Hor s.r.o. <\/strong>a org\u00e1n\u016fm opr\u00e1vn\u011bn\u00fdm k jejich zpracov\u00e1n\u00ed na z\u00e1klad\u011b p\u0159\u00edslu\u0161n\u00fdch pr\u00e1vn\u00edch p\u0159edpis\u016f, kter\u00e9 podaj\u00ed takovouto \u017e\u00e1dost na z\u00e1klad\u011b p\u0159\u00edslu\u0161n\u00e9ho pr\u00e1vn\u00edho z\u00e1kladu nebo takov\u00fdm, se kter\u00fdmi <strong>Koruna Hor s.r.o. <\/strong>uzav\u0159ela dohodu, zejm\u00e9na: spole\u010dnostem, provozovatel\u016fm po\u0161tovn\u00edch slu\u017eeb, jednotk\u00e1m m\u00edstn\u00ed spr\u00e1vy, pr\u00e1vnick\u00fdm osob\u00e1m atd.<\/span><\/li>\n<li><span style=\"font-family: tahoma, arial, helvetica, sans-serif;\">Osobn\u00ed \u00fadaje jsou uchov\u00e1v\u00e1ny po dobu nezbytnou k dosa\u017een\u00ed \u00fa\u010del\u016f uveden\u00fdch v bod\u011b 3 a po t\u00e9to dob\u011b po dobu i v rozsahu po\u017eadovan\u00e9m z\u00e1konem.<\/span><\/li>\n<li><span style=\"font-family: tahoma, arial, helvetica, sans-serif;\">Subjekt \u00fadaj\u016f, jeho\u017e osobn\u00ed \u00fadaje zpracov\u00e1v\u00e1 Spr\u00e1vce \u00fadaj\u016f, m\u00e1 pr\u00e1vo (s v\u00fdhradou omezen\u00ed vypl\u00fdvaj\u00edc\u00edch z pr\u00e1vn\u00edch ustanoven\u00ed):<\/span><br \/><span style=\"font-family: tahoma, arial, helvetica, sans-serif;\">a) na p\u0159\u00edstup k\u00a0osobn\u00edm \u00fadaj\u016fm (v souladu s\u00a0\u010dl. 15 Obecn\u00e9ho na\u0159\u00edzen\u00ed o ochran\u011b \u00fadaj\u016f),<\/span><br \/><span style=\"font-family: tahoma, arial, helvetica, sans-serif;\">b) na opravu \u00fadaj\u016f (v souladu s\u00a0\u010dl. 16 Obecn\u00e9ho na\u0159\u00edzen\u00ed o ochran\u011b \u00fadaj\u016f),<\/span><br \/><span style=\"font-family: tahoma, arial, helvetica, sans-serif;\">c) na v\u00fdmaz \u00fadaj\u016f (v souladu s\u00a0\u010dl. 17 Obecn\u00e9ho na\u0159\u00edzen\u00ed o ochran\u011b \u00fadaj\u016f),<\/span><br \/><span style=\"font-family: tahoma, arial, helvetica, sans-serif;\">d) na omezen\u00ed zpracov\u00e1v\u00e1n\u00ed \u00fadaj\u016f (v souladu s\u00a0\u010dl. 18 Obecn\u00e9ho na\u0159\u00edzen\u00ed o ochran\u011b \u00fadaj\u016f),<\/span><br \/><span style=\"font-family: tahoma, arial, helvetica, sans-serif;\">e) na p\u0159enositelnost \u00fadaj\u016f (v souladu s\u00a0\u010dl. 20 Obecn\u00e9ho na\u0159\u00edzen\u00ed o ochran\u011b \u00fadaj\u016f),<\/span><br \/><span style=\"font-family: tahoma, arial, helvetica, sans-serif;\">f) vzn\u00e9st n\u00e1mitku (v souladu s\u00a0\u010dl. 21 Obecn\u00e9ho na\u0159\u00edzen\u00ed o ochran\u011b \u00fadaj\u016f)<\/span><br \/><span style=\"font-family: tahoma, arial, helvetica, sans-serif;\">g) kdykoli odvolat souhlas, ani\u017e by to m\u011blo dopad na z\u00e1konnost zpracov\u00e1n\u00ed, kter\u00e9 bylo provedeno na z\u00e1klad\u011b souhlasu p\u0159ed jeho odvol\u00e1n\u00edm.<\/span><\/li>\n<li><span style=\"font-family: tahoma, arial, helvetica, sans-serif;\">Poskytov\u00e1n\u00ed osobn\u00edch \u00fadaj\u016f je podm\u00ednkou pro vstoupen\u00ed do klubu. Povinnost poskytnout va\u0161e osobn\u00ed \u00fadaje existuje proto, aby byly umo\u017en\u011bny realizace \u010dinnosti klubu a pln\u011bn\u00ed \u00fa\u010delu smlouvy. V takov\u00e9m p\u0159\u00edpad\u011b je poskytnut\u00ed \u00fadaj\u016f podm\u00ednkou pro uzav\u0159en\u00ed smlouvy.<\/span><\/li>\n<li><span style=\"font-family: tahoma, arial, helvetica, sans-serif;\">Subjekt \u00fadaj\u016f m\u00e1 rovn\u011b\u017e pr\u00e1vo podat st\u00ed\u017enost u dozorov\u00e9ho org\u00e1nu (p\u0159edsedy \u00da\u0159adu pro ochranu osobn\u00edch \u00fadaj\u016f), pokud se zjist\u00ed, \u017ee zpracov\u00e1n\u00ed osobn\u00edch \u00fadaj\u016f poru\u0161uje ustanoven\u00ed Obecn\u00e9ho na\u0159\u00edzen\u00ed o ochran\u011b osobn\u00edch \u00fadaj\u016f.<\/span><\/li>\n<li><span style=\"font-family: tahoma, arial, helvetica, sans-serif;\">Osobn\u00ed \u00fadaje nejsou p\u0159ed\u00e1v\u00e1ny do t\u0159et\u00edch zem\u00ed, s v\u00fdjimkou situac\u00ed stanoven\u00fdch z\u00e1konem.<\/span><\/li>\n<li><span style=\"font-family: tahoma, arial, helvetica, sans-serif;\"><strong>Profilov\u00e1n\u00ed osobn\u00edch \u00fadaj\u016f nen\u00ed prov\u00e1d\u011bno. \u00a0<\/strong><\/span><\/li>\n<\/ol>\n","protected":false},"excerpt":{"rendered":"<p>Informa\u010dn\u00ed list o ochran\u011b osobn\u00edch \u00fadaj\u016f (Obecn\u00e9 na\u0159\u00edzen\u00ed o ochran\u011b \u00fadaj\u016f \/GDPR) V\u00e1\u017een\u00ed, podle \u010dl. 13 odst. 1 a odst. 2 a \u010dl. 14 odst. 1 a odst. 2 na\u0159\u00edzen\u00ed Evropsk\u00e9ho parlamentu a Rady (EU) 2016\/679 ze dne 27. dubna 2016 o ochran\u011b fyzick\u00fdch osob v souvislosti se zpracov\u00e1n\u00edm osobn\u00edch \u00fadaj\u016f a o voln\u00e9m pohybu&#8230;<\/p>\n","protected":false},"author":1,"featured_media":0,"parent":0,"menu_order":0,"comment_status":"closed","ping_status":"closed","template":"","meta":{"footnotes":""},"class_list":["post-1373","page","type-page","status-publish","hentry"],"yoast_head":"<!-- This site is optimized with the Yoast SEO plugin v27.4 - https:\/\/yoast.com\/product\/yoast-seo-wordpress\/ -->\n<title>INFORMA\u010cN\u00cd LIST O OCHRAN\u011a OSOBN\u00cdCH \u00daDAJ\u016e (GDPR) - KORUNA HOR \u010cESK\u00c9 REPUBLIKY<\/title>\n<meta name=\"robots\" content=\"index, follow, max-snippet:-1, max-image-preview:large, max-video-preview:-1\" \/>\n<link rel=\"canonical\" href=\"https:\/\/korunahor.cz\/index.php\/rodo\/\" \/>\n<meta property=\"og:locale\" content=\"pl_PL\" \/>\n<meta property=\"og:type\" content=\"article\" \/>\n<meta property=\"og:title\" content=\"INFORMA\u010cN\u00cd LIST O OCHRAN\u011a OSOBN\u00cdCH \u00daDAJ\u016e (GDPR) - KORUNA HOR \u010cESK\u00c9 REPUBLIKY\" \/>\n<meta property=\"og:description\" content=\"Informa\u010dn\u00ed list o ochran\u011b osobn\u00edch \u00fadaj\u016f (Obecn\u00e9 na\u0159\u00edzen\u00ed o ochran\u011b \u00fadaj\u016f \/GDPR) V\u00e1\u017een\u00ed, podle \u010dl. 13 odst. 1 a odst. 2 a \u010dl. 14 odst. 1 a odst. 2 na\u0159\u00edzen\u00ed Evropsk\u00e9ho parlamentu a Rady (EU) 2016\/679 ze dne 27. dubna 2016 o ochran\u011b fyzick\u00fdch osob v souvislosti se zpracov\u00e1n\u00edm osobn\u00edch \u00fadaj\u016f a o voln\u00e9m pohybu...\" \/>\n<meta property=\"og:url\" content=\"https:\/\/korunahor.cz\/index.php\/rodo\/\" \/>\n<meta property=\"og:site_name\" content=\"KORUNA HOR \u010cESK\u00c9 REPUBLIKY\" \/>\n<meta property=\"article:modified_time\" content=\"2021-04-13T04:49:49+00:00\" \/>\n<meta name=\"twitter:card\" content=\"summary_large_image\" \/>\n<meta name=\"twitter:label1\" content=\"Szacowany czas czytania\" \/>\n\t<meta name=\"twitter:data1\" content=\"4 minuty\" \/>\n<script type=\"application\/ld+json\" class=\"yoast-schema-graph\">{\"@context\":\"https:\\\/\\\/schema.org\",\"@graph\":[{\"@type\":\"WebPage\",\"@id\":\"https:\\\/\\\/korunahor.cz\\\/index.php\\\/rodo\\\/\",\"url\":\"https:\\\/\\\/korunahor.cz\\\/index.php\\\/rodo\\\/\",\"name\":\"INFORMA\u010cN\u00cd LIST O OCHRAN\u011a OSOBN\u00cdCH \u00daDAJ\u016e (GDPR) - KORUNA HOR \u010cESK\u00c9 REPUBLIKY\",\"isPartOf\":{\"@id\":\"https:\\\/\\\/korunahor.cz\\\/#website\"},\"datePublished\":\"2020-09-24T11:32:16+00:00\",\"dateModified\":\"2021-04-13T04:49:49+00:00\",\"breadcrumb\":{\"@id\":\"https:\\\/\\\/korunahor.cz\\\/index.php\\\/rodo\\\/#breadcrumb\"},\"inLanguage\":\"pl-PL\",\"potentialAction\":[{\"@type\":\"ReadAction\",\"target\":[\"https:\\\/\\\/korunahor.cz\\\/index.php\\\/rodo\\\/\"]}]},{\"@type\":\"BreadcrumbList\",\"@id\":\"https:\\\/\\\/korunahor.cz\\\/index.php\\\/rodo\\\/#breadcrumb\",\"itemListElement\":[{\"@type\":\"ListItem\",\"position\":1,\"name\":\"Strona g\u0142\u00f3wna\",\"item\":\"https:\\\/\\\/korunahor.cz\\\/\"},{\"@type\":\"ListItem\",\"position\":2,\"name\":\"INFORMA\u010cN\u00cd LIST O OCHRAN\u011a OSOBN\u00cdCH \u00daDAJ\u016e (GDPR)\"}]},{\"@type\":\"WebSite\",\"@id\":\"https:\\\/\\\/korunahor.cz\\\/#website\",\"url\":\"https:\\\/\\\/korunahor.cz\\\/\",\"name\":\"KORUNA HOR \u010cESK\u00c9 REPUBLIKY\",\"description\":\"R\u00e1di bychom v\u00e1s povzbudili k lep\u0161\u00edmu pozn\u00e1n\u00ed \u010cesk\u00e9 republiky d\u00edky z\u00edsk\u00e1v\u00e1n\u00ed jej\u00edch nejvy\u0161\u0161\u00edch vrch\u016f. Vybrali jsme 81 nejvy\u0161\u0161\u00edch vrchol\u016f nach\u00e1zej\u00edc\u00edch se na \u00fazem\u00ed t\u0159\u00ed ze \u010dty\u0159 geomorfologick\u00fdch provinci\u00ed \u010cesk\u00e9 republiky: \u010cesk\u00e9 Vyso\u010diny Z\u00e1padn\u00edch Karpat St\u0159edoevropsk\u00e9 n\u00ed\u017einy \u010dtvrt\u00e1 provincie, Z\u00e1padopanonsk\u00e1 p\u00e1nev, nebyla zde zahrnuta pro sv\u016fj n\u00ed\u017einn\u00fd charakter.\",\"publisher\":{\"@id\":\"https:\\\/\\\/korunahor.cz\\\/#organization\"},\"potentialAction\":[{\"@type\":\"SearchAction\",\"target\":{\"@type\":\"EntryPoint\",\"urlTemplate\":\"https:\\\/\\\/korunahor.cz\\\/?s={search_term_string}\"},\"query-input\":{\"@type\":\"PropertyValueSpecification\",\"valueRequired\":true,\"valueName\":\"search_term_string\"}}],\"inLanguage\":\"pl-PL\"},{\"@type\":\"Organization\",\"@id\":\"https:\\\/\\\/korunahor.cz\\\/#organization\",\"name\":\"KORUNA HOR \u010cESK\u00c9 REPUBLIKY\",\"url\":\"https:\\\/\\\/korunahor.cz\\\/\",\"logo\":{\"@type\":\"ImageObject\",\"inLanguage\":\"pl-PL\",\"@id\":\"https:\\\/\\\/korunahor.cz\\\/#\\\/schema\\\/logo\\\/image\\\/\",\"url\":\"https:\\\/\\\/korunahor.cz\\\/wp-content\\\/uploads\\\/2020\\\/08\\\/cropped-Gorne-logo-do-strony_CZ_OK-scaled-2.jpg\",\"contentUrl\":\"https:\\\/\\\/korunahor.cz\\\/wp-content\\\/uploads\\\/2020\\\/08\\\/cropped-Gorne-logo-do-strony_CZ_OK-scaled-2.jpg\",\"width\":2560,\"height\":311,\"caption\":\"KORUNA HOR \u010cESK\u00c9 REPUBLIKY\"},\"image\":{\"@id\":\"https:\\\/\\\/korunahor.cz\\\/#\\\/schema\\\/logo\\\/image\\\/\"}}]}<\/script>\n<!-- \/ Yoast SEO plugin. -->","yoast_head_json":{"title":"INFORMA\u010cN\u00cd LIST O OCHRAN\u011a OSOBN\u00cdCH \u00daDAJ\u016e (GDPR) - KORUNA HOR \u010cESK\u00c9 REPUBLIKY","robots":{"index":"index","follow":"follow","max-snippet":"max-snippet:-1","max-image-preview":"max-image-preview:large","max-video-preview":"max-video-preview:-1"},"canonical":"https:\/\/korunahor.cz\/index.php\/rodo\/","og_locale":"pl_PL","og_type":"article","og_title":"INFORMA\u010cN\u00cd LIST O OCHRAN\u011a OSOBN\u00cdCH \u00daDAJ\u016e (GDPR) - KORUNA HOR \u010cESK\u00c9 REPUBLIKY","og_description":"Informa\u010dn\u00ed list o ochran\u011b osobn\u00edch \u00fadaj\u016f (Obecn\u00e9 na\u0159\u00edzen\u00ed o ochran\u011b \u00fadaj\u016f \/GDPR) V\u00e1\u017een\u00ed, podle \u010dl. 13 odst. 1 a odst. 2 a \u010dl. 14 odst. 1 a odst. 2 na\u0159\u00edzen\u00ed Evropsk\u00e9ho parlamentu a Rady (EU) 2016\/679 ze dne 27. dubna 2016 o ochran\u011b fyzick\u00fdch osob v souvislosti se zpracov\u00e1n\u00edm osobn\u00edch \u00fadaj\u016f a o voln\u00e9m pohybu...","og_url":"https:\/\/korunahor.cz\/index.php\/rodo\/","og_site_name":"KORUNA HOR \u010cESK\u00c9 REPUBLIKY","article_modified_time":"2021-04-13T04:49:49+00:00","twitter_card":"summary_large_image","twitter_misc":{"Szacowany czas czytania":"4 minuty"},"schema":{"@context":"https:\/\/schema.org","@graph":[{"@type":"WebPage","@id":"https:\/\/korunahor.cz\/index.php\/rodo\/","url":"https:\/\/korunahor.cz\/index.php\/rodo\/","name":"INFORMA\u010cN\u00cd LIST O OCHRAN\u011a OSOBN\u00cdCH \u00daDAJ\u016e (GDPR) - KORUNA HOR \u010cESK\u00c9 REPUBLIKY","isPartOf":{"@id":"https:\/\/korunahor.cz\/#website"},"datePublished":"2020-09-24T11:32:16+00:00","dateModified":"2021-04-13T04:49:49+00:00","breadcrumb":{"@id":"https:\/\/korunahor.cz\/index.php\/rodo\/#breadcrumb"},"inLanguage":"pl-PL","potentialAction":[{"@type":"ReadAction","target":["https:\/\/korunahor.cz\/index.php\/rodo\/"]}]},{"@type":"BreadcrumbList","@id":"https:\/\/korunahor.cz\/index.php\/rodo\/#breadcrumb","itemListElement":[{"@type":"ListItem","position":1,"name":"Strona g\u0142\u00f3wna","item":"https:\/\/korunahor.cz\/"},{"@type":"ListItem","position":2,"name":"INFORMA\u010cN\u00cd LIST O OCHRAN\u011a OSOBN\u00cdCH \u00daDAJ\u016e (GDPR)"}]},{"@type":"WebSite","@id":"https:\/\/korunahor.cz\/#website","url":"https:\/\/korunahor.cz\/","name":"KORUNA HOR \u010cESK\u00c9 REPUBLIKY","description":"R\u00e1di bychom v\u00e1s povzbudili k lep\u0161\u00edmu pozn\u00e1n\u00ed \u010cesk\u00e9 republiky d\u00edky z\u00edsk\u00e1v\u00e1n\u00ed jej\u00edch nejvy\u0161\u0161\u00edch vrch\u016f. Vybrali jsme 81 nejvy\u0161\u0161\u00edch vrchol\u016f nach\u00e1zej\u00edc\u00edch se na \u00fazem\u00ed t\u0159\u00ed ze \u010dty\u0159 geomorfologick\u00fdch provinci\u00ed \u010cesk\u00e9 republiky: \u010cesk\u00e9 Vyso\u010diny Z\u00e1padn\u00edch Karpat St\u0159edoevropsk\u00e9 n\u00ed\u017einy \u010dtvrt\u00e1 provincie, Z\u00e1padopanonsk\u00e1 p\u00e1nev, nebyla zde zahrnuta pro sv\u016fj n\u00ed\u017einn\u00fd charakter.","publisher":{"@id":"https:\/\/korunahor.cz\/#organization"},"potentialAction":[{"@type":"SearchAction","target":{"@type":"EntryPoint","urlTemplate":"https:\/\/korunahor.cz\/?s={search_term_string}"},"query-input":{"@type":"PropertyValueSpecification","valueRequired":true,"valueName":"search_term_string"}}],"inLanguage":"pl-PL"},{"@type":"Organization","@id":"https:\/\/korunahor.cz\/#organization","name":"KORUNA HOR \u010cESK\u00c9 REPUBLIKY","url":"https:\/\/korunahor.cz\/","logo":{"@type":"ImageObject","inLanguage":"pl-PL","@id":"https:\/\/korunahor.cz\/#\/schema\/logo\/image\/","url":"https:\/\/korunahor.cz\/wp-content\/uploads\/2020\/08\/cropped-Gorne-logo-do-strony_CZ_OK-scaled-2.jpg","contentUrl":"https:\/\/korunahor.cz\/wp-content\/uploads\/2020\/08\/cropped-Gorne-logo-do-strony_CZ_OK-scaled-2.jpg","width":2560,"height":311,"caption":"KORUNA HOR \u010cESK\u00c9 REPUBLIKY"},"image":{"@id":"https:\/\/korunahor.cz\/#\/schema\/logo\/image\/"}}]}},"_links":{"self":[{"href":"https:\/\/korunahor.cz\/index.php\/wp-json\/wp\/v2\/pages\/1373","targetHints":{"allow":["GET"]}}],"collection":[{"href":"https:\/\/korunahor.cz\/index.php\/wp-json\/wp\/v2\/pages"}],"about":[{"href":"https:\/\/korunahor.cz\/index.php\/wp-json\/wp\/v2\/types\/page"}],"author":[{"embeddable":true,"href":"https:\/\/korunahor.cz\/index.php\/wp-json\/wp\/v2\/users\/1"}],"replies":[{"embeddable":true,"href":"https:\/\/korunahor.cz\/index.php\/wp-json\/wp\/v2\/comments?post=1373"}],"version-history":[{"count":13,"href":"https:\/\/korunahor.cz\/index.php\/wp-json\/wp\/v2\/pages\/1373\/revisions"}],"predecessor-version":[{"id":2907,"href":"https:\/\/korunahor.cz\/index.php\/wp-json\/wp\/v2\/pages\/1373\/revisions\/2907"}],"wp:attachment":[{"href":"https:\/\/korunahor.cz\/index.php\/wp-json\/wp\/v2\/media?parent=1373"}],"curies":[{"name":"wp","href":"https:\/\/api.w.org\/{rel}","templated":true}]}}