{"id":2730,"date":"2020-12-17T23:14:35","date_gmt":"2020-12-17T22:14:35","guid":{"rendered":"https:\/\/korunahor.cz\/?page_id=2730"},"modified":"2025-02-17T20:07:51","modified_gmt":"2025-02-17T19:07:51","slug":"zaregistruj-se","status":"publish","type":"page","link":"https:\/\/korunahor.cz\/index.php\/zaregistruj-se\/","title":{"rendered":"registration_cz"},"content":{"rendered":"<style>\r\niframe {width: 100%;\r\nborder: none;height: 1000px}\r\nheader {\r\ndisplay:none\r\n}\r\n<\/style>\r\n<h1>VSTUP DO KLUBU<\/h1>\r\n<p><span style=\"font-family: tahoma, arial, helvetica, sans-serif;\">Podm\u00ednkou pro z\u00edsk\u00e1n\u00ed <strong>odznaku<\/strong> <strong>KORUNY HOR \u010cESK\u00c9 REPUBLIKY<\/strong> je p\u0159istoupen\u00ed do <strong>klubu KORUNY HOR \u010cESK\u00c9 REPUBLIKY<\/strong>, po\u0159\u00edzen\u00ed <strong>kn\u00ed\u017eky<\/strong> <strong>KORUNY HOR \u010cESK\u00c9 REPUBLIKY<\/strong> a tak\u00e9 dosa\u017een\u00ed v\u011bku 5 let.<\/span><\/p>\r\n<p><span style=\"font-family: tahoma, arial, helvetica, sans-serif;\"><strong>Za t\u00edmto \u00fa\u010delem je t\u0159eba:<\/strong><\/span><\/p>\r\n<ol>\r\n<li><span style=\"font-family: tahoma, arial, helvetica, sans-serif;\">Vyplnit n\u00ed\u017ee uvedeny elektronick\u00fd formul\u00e1\u0159 prohl\u00e1\u0161en\u00ed.<\/span><\/li>\r\n<li><span style=\"font-family: tahoma, arial, helvetica, sans-serif;\">Registrovan\u00e1 osoba obdr\u017e\u00ed e-mail s individu\u00e1ln\u00edm \u010dlensk\u00fdm \u010d\u00edslem v Klubu (co\u017e je z\u00e1rove\u0148 i \u010d\u00edslo kn\u00ed\u017eky KH\u010cR).<\/span><\/li>\r\n<li><span style=\"font-family: tahoma, arial, helvetica, sans-serif;\">Po obdr\u017een\u00ed e-mailu je t\u0159eba uhradit vstupn\u00ed poplatek do Klubu (150 K\u010c) i po\u0159\u00eddit si kn\u00ed\u017eku KH\u010cR (100 K\u010c).<\/span><\/li>\r\n<\/ol>\r\n<p><span style=\"font-family: tahoma, arial, helvetica, sans-serif;\">Ve zpr\u00e1v\u011b k p\u0159evodu by m\u011blo b\u00fdt uvedeno \u2013 \u010dlensk\u00e9 \u010d\u00edslo a tak\u00e9 jm\u00e9no a p\u0159\u00edjmen\u00ed. Kn\u00ed\u017eku v\u00e1m za\u0161leme \u010ceskou po\u0161tou. Cena po\u0161tovn\u00e9ho: 100 K\u010c. Celkov\u00e1 \u010d\u00e1stka p\u0159evodu: vstupn\u00ed poplatek + kn\u00ed\u017eka + po\u0161tovn\u00e9 = 350 K\u010c.<\/span><\/p>\r\n<p><span style=\"color: #2b3d7a;\"><strong><span style=\"font-family: tahoma, arial, helvetica, sans-serif; font-size: 20px;\">POZORNOST!<\/span><\/strong><\/span><br \/><span style=\"font-family: tahoma, arial, helvetica, sans-serif; font-size: 20px; color: #2b3d7a;\">R\u00e1di bychom, aby z\u00edsk\u00e1v\u00e1n\u00ed na\u0161ich odznak\u016f bylo p\u0159\u00edle\u017eitost\u00ed pro cel\u00e9 rodiny, aby se spole\u010dn\u011b vydaly na turistiku a dobrodru\u017estv\u00ed. Pokud tedy do Klubu vstoup\u00ed rodi\u010d s d\u00edt\u011btem\/d\u011btmi ve v\u011bku 5-15 let, <strong>nepo\u017eadujeme za d\u00edt\u011b\/d\u011bti vstupn\u00ed poplatek<\/strong>.<\/span><\/p>\r\n<p><span style=\"font-family: tahoma, arial, helvetica, sans-serif;\"><!-- \/wp:post-content --><\/span><\/p>\r\n<p><span style=\"font-family: tahoma, arial, helvetica, sans-serif;\"><!-- wp:paragraph --><\/span><\/p>\r\n<p><strong><span style=\"font-family: tahoma, arial, helvetica, sans-serif;\">Zpr\u00e1va k p\u0159evodu:<br \/><\/span><\/strong><span style=\"font-family: tahoma, arial, helvetica, sans-serif;\">P\u0159istoupen\u00ed do Klubu KH\u010cR \u2013 \u010dlensk\u00e9 \u010d\u00edslo (&#8230;) + jm\u00e9no a p\u0159\u00edjmen\u00ed<\/span><\/p>\r\n<p><span style=\"font-family: tahoma, arial, helvetica, sans-serif;\"><!-- \/wp:paragraph --><\/span><\/p>\r\n<p><span style=\"font-family: tahoma, arial, helvetica, sans-serif;\"><!-- wp:paragraph --><\/span><\/p>\r\n<p><span style=\"font-family: tahoma, arial, helvetica, sans-serif;\"><!-- \/wp:paragraph --><\/span><\/p>\r\n<p><span style=\"font-family: tahoma, arial, helvetica, sans-serif;\"><!-- wp:paragraph --><\/span><\/p>\r\n<p><span style=\"font-family: tahoma, arial, helvetica, sans-serif;\"><strong>\u010c\u00edslo \u00fa\u010dtu je:<br \/><\/strong>Fio banka, a.s.<br \/><\/span><span style=\"font-family: tahoma, arial, helvetica, sans-serif;\">\u200b2701868071\/2010<\/span><\/p>\r\n<p><span style=\"font-family: tahoma, arial, helvetica, sans-serif;\">P\u0159edpokl\u00e1d\u00e1na doba pro realizaci va\u0161\u00ed p\u0159ihl\u00e1\u0161ky je cca 21 dn\u00ed.<\/span><\/p>\r\n<p><span style=\"font-family: tahoma, arial, helvetica, sans-serif;\">Nedojde-li k uhrazen\u00ed v\u00fd\u0161e uveden\u00e9 \u010d\u00e1stky do 14 dn\u00ed po odesl\u00e1n\u00ed prohl\u00e1\u0161en\u00ed, budeme to pova\u017eovat za va\u0161i rezignaci na p\u0159istoupen\u00ed do Klubu. Po t\u00e9to dob\u011b neuhrazen\u00e9 prohl\u00e1\u0161en\u00ed bude pova\u017eov\u00e1no za neplatn\u00e9.<\/span><\/p>\r\n<p><script>function swapIframeSize(){window.scrollTo(0, 0);}<\/script><iframe id=\"formularz\" title=\"Formularz\" src=\"\/react-components\/korunaHorForm\/index_cz.html\"><\/iframe><\/p>","protected":false},"excerpt":{"rendered":"<p>VSTUP DO KLUBU Podm\u00ednkou pro z\u00edsk\u00e1n\u00ed odznaku KORUNY HOR \u010cESK\u00c9 REPUBLIKY je p\u0159istoupen\u00ed do klubu KORUNY HOR \u010cESK\u00c9 REPUBLIKY, po\u0159\u00edzen\u00ed kn\u00ed\u017eky KORUNY HOR \u010cESK\u00c9 REPUBLIKY a tak\u00e9 dosa\u017een\u00ed v\u011bku 5 let. Za t\u00edmto \u00fa\u010delem je t\u0159eba: Vyplnit n\u00ed\u017ee uvedeny elektronick\u00fd formul\u00e1\u0159 prohl\u00e1\u0161en\u00ed. Registrovan\u00e1 osoba obdr\u017e\u00ed e-mail s individu\u00e1ln\u00edm \u010dlensk\u00fdm \u010d\u00edslem v Klubu (co\u017e je z\u00e1rove\u0148&#8230;<\/p>\n","protected":false},"author":1,"featured_media":0,"parent":0,"menu_order":0,"comment_status":"closed","ping_status":"closed","template":"","meta":{"footnotes":""},"class_list":["post-2730","page","type-page","status-publish","hentry"],"yoast_head":"<!-- This site is optimized with the Yoast SEO plugin v27.4 - https:\/\/yoast.com\/product\/yoast-seo-wordpress\/ -->\n<title>Vstup do klubu - KORUNA HOR \u010cESK\u00c9 REPUBLIKY<\/title>\n<meta name=\"description\" content=\"P\u0159ihlaste se do Klubu Koruny Hor \u010cesk\u00e9 republiky\" \/>\n<meta name=\"robots\" content=\"index, follow, max-snippet:-1, max-image-preview:large, max-video-preview:-1\" \/>\n<link rel=\"canonical\" href=\"https:\/\/korunahor.cz\/index.php\/zaregistruj-se\/\" \/>\n<meta property=\"og:locale\" content=\"pl_PL\" \/>\n<meta property=\"og:type\" content=\"article\" \/>\n<meta property=\"og:title\" content=\"Vstup do klubu - KORUNA HOR \u010cESK\u00c9 REPUBLIKY\" \/>\n<meta property=\"og:description\" content=\"P\u0159ihlaste se do Klubu Koruny Hor \u010cesk\u00e9 republiky\" \/>\n<meta property=\"og:url\" content=\"https:\/\/korunahor.cz\/index.php\/zaregistruj-se\/\" \/>\n<meta property=\"og:site_name\" content=\"KORUNA HOR \u010cESK\u00c9 REPUBLIKY\" \/>\n<meta property=\"article:modified_time\" content=\"2025-02-17T19:07:51+00:00\" \/>\n<meta name=\"twitter:card\" content=\"summary_large_image\" \/>\n<meta name=\"twitter:label1\" content=\"Szacowany czas czytania\" \/>\n\t<meta name=\"twitter:data1\" content=\"2 minuty\" \/>\n<script type=\"application\/ld+json\" class=\"yoast-schema-graph\">{\"@context\":\"https:\\\/\\\/schema.org\",\"@graph\":[{\"@type\":\"WebPage\",\"@id\":\"https:\\\/\\\/korunahor.cz\\\/index.php\\\/zaregistruj-se\\\/\",\"url\":\"https:\\\/\\\/korunahor.cz\\\/index.php\\\/zaregistruj-se\\\/\",\"name\":\"Vstup do klubu - KORUNA HOR \u010cESK\u00c9 REPUBLIKY\",\"isPartOf\":{\"@id\":\"https:\\\/\\\/korunahor.cz\\\/#website\"},\"datePublished\":\"2020-12-17T22:14:35+00:00\",\"dateModified\":\"2025-02-17T19:07:51+00:00\",\"description\":\"P\u0159ihlaste se do Klubu Koruny Hor \u010cesk\u00e9 republiky\",\"breadcrumb\":{\"@id\":\"https:\\\/\\\/korunahor.cz\\\/index.php\\\/zaregistruj-se\\\/#breadcrumb\"},\"inLanguage\":\"pl-PL\",\"potentialAction\":[{\"@type\":\"ReadAction\",\"target\":[\"https:\\\/\\\/korunahor.cz\\\/index.php\\\/zaregistruj-se\\\/\"]}]},{\"@type\":\"BreadcrumbList\",\"@id\":\"https:\\\/\\\/korunahor.cz\\\/index.php\\\/zaregistruj-se\\\/#breadcrumb\",\"itemListElement\":[{\"@type\":\"ListItem\",\"position\":1,\"name\":\"Strona g\u0142\u00f3wna\",\"item\":\"https:\\\/\\\/korunahor.cz\\\/\"},{\"@type\":\"ListItem\",\"position\":2,\"name\":\"registration_cz\"}]},{\"@type\":\"WebSite\",\"@id\":\"https:\\\/\\\/korunahor.cz\\\/#website\",\"url\":\"https:\\\/\\\/korunahor.cz\\\/\",\"name\":\"KORUNA HOR \u010cESK\u00c9 REPUBLIKY\",\"description\":\"R\u00e1di bychom v\u00e1s povzbudili k lep\u0161\u00edmu pozn\u00e1n\u00ed \u010cesk\u00e9 republiky d\u00edky z\u00edsk\u00e1v\u00e1n\u00ed jej\u00edch nejvy\u0161\u0161\u00edch vrch\u016f. Vybrali jsme 81 nejvy\u0161\u0161\u00edch vrchol\u016f nach\u00e1zej\u00edc\u00edch se na \u00fazem\u00ed t\u0159\u00ed ze \u010dty\u0159 geomorfologick\u00fdch provinci\u00ed \u010cesk\u00e9 republiky: \u010cesk\u00e9 Vyso\u010diny Z\u00e1padn\u00edch Karpat St\u0159edoevropsk\u00e9 n\u00ed\u017einy \u010dtvrt\u00e1 provincie, Z\u00e1padopanonsk\u00e1 p\u00e1nev, nebyla zde zahrnuta pro sv\u016fj n\u00ed\u017einn\u00fd charakter.\",\"publisher\":{\"@id\":\"https:\\\/\\\/korunahor.cz\\\/#organization\"},\"potentialAction\":[{\"@type\":\"SearchAction\",\"target\":{\"@type\":\"EntryPoint\",\"urlTemplate\":\"https:\\\/\\\/korunahor.cz\\\/?s={search_term_string}\"},\"query-input\":{\"@type\":\"PropertyValueSpecification\",\"valueRequired\":true,\"valueName\":\"search_term_string\"}}],\"inLanguage\":\"pl-PL\"},{\"@type\":\"Organization\",\"@id\":\"https:\\\/\\\/korunahor.cz\\\/#organization\",\"name\":\"KORUNA HOR \u010cESK\u00c9 REPUBLIKY\",\"url\":\"https:\\\/\\\/korunahor.cz\\\/\",\"logo\":{\"@type\":\"ImageObject\",\"inLanguage\":\"pl-PL\",\"@id\":\"https:\\\/\\\/korunahor.cz\\\/#\\\/schema\\\/logo\\\/image\\\/\",\"url\":\"https:\\\/\\\/korunahor.cz\\\/wp-content\\\/uploads\\\/2020\\\/08\\\/cropped-Gorne-logo-do-strony_CZ_OK-scaled-2.jpg\",\"contentUrl\":\"https:\\\/\\\/korunahor.cz\\\/wp-content\\\/uploads\\\/2020\\\/08\\\/cropped-Gorne-logo-do-strony_CZ_OK-scaled-2.jpg\",\"width\":2560,\"height\":311,\"caption\":\"KORUNA HOR \u010cESK\u00c9 REPUBLIKY\"},\"image\":{\"@id\":\"https:\\\/\\\/korunahor.cz\\\/#\\\/schema\\\/logo\\\/image\\\/\"}}]}<\/script>\n<!-- \/ Yoast SEO plugin. -->","yoast_head_json":{"title":"Vstup do klubu - KORUNA HOR \u010cESK\u00c9 REPUBLIKY","description":"P\u0159ihlaste se do Klubu Koruny Hor \u010cesk\u00e9 republiky","robots":{"index":"index","follow":"follow","max-snippet":"max-snippet:-1","max-image-preview":"max-image-preview:large","max-video-preview":"max-video-preview:-1"},"canonical":"https:\/\/korunahor.cz\/index.php\/zaregistruj-se\/","og_locale":"pl_PL","og_type":"article","og_title":"Vstup do klubu - KORUNA HOR \u010cESK\u00c9 REPUBLIKY","og_description":"P\u0159ihlaste se do Klubu Koruny Hor \u010cesk\u00e9 republiky","og_url":"https:\/\/korunahor.cz\/index.php\/zaregistruj-se\/","og_site_name":"KORUNA HOR \u010cESK\u00c9 REPUBLIKY","article_modified_time":"2025-02-17T19:07:51+00:00","twitter_card":"summary_large_image","twitter_misc":{"Szacowany czas czytania":"2 minuty"},"schema":{"@context":"https:\/\/schema.org","@graph":[{"@type":"WebPage","@id":"https:\/\/korunahor.cz\/index.php\/zaregistruj-se\/","url":"https:\/\/korunahor.cz\/index.php\/zaregistruj-se\/","name":"Vstup do klubu - KORUNA HOR \u010cESK\u00c9 REPUBLIKY","isPartOf":{"@id":"https:\/\/korunahor.cz\/#website"},"datePublished":"2020-12-17T22:14:35+00:00","dateModified":"2025-02-17T19:07:51+00:00","description":"P\u0159ihlaste se do Klubu Koruny Hor \u010cesk\u00e9 republiky","breadcrumb":{"@id":"https:\/\/korunahor.cz\/index.php\/zaregistruj-se\/#breadcrumb"},"inLanguage":"pl-PL","potentialAction":[{"@type":"ReadAction","target":["https:\/\/korunahor.cz\/index.php\/zaregistruj-se\/"]}]},{"@type":"BreadcrumbList","@id":"https:\/\/korunahor.cz\/index.php\/zaregistruj-se\/#breadcrumb","itemListElement":[{"@type":"ListItem","position":1,"name":"Strona g\u0142\u00f3wna","item":"https:\/\/korunahor.cz\/"},{"@type":"ListItem","position":2,"name":"registration_cz"}]},{"@type":"WebSite","@id":"https:\/\/korunahor.cz\/#website","url":"https:\/\/korunahor.cz\/","name":"KORUNA HOR \u010cESK\u00c9 REPUBLIKY","description":"R\u00e1di bychom v\u00e1s povzbudili k lep\u0161\u00edmu pozn\u00e1n\u00ed \u010cesk\u00e9 republiky d\u00edky z\u00edsk\u00e1v\u00e1n\u00ed jej\u00edch nejvy\u0161\u0161\u00edch vrch\u016f. Vybrali jsme 81 nejvy\u0161\u0161\u00edch vrchol\u016f nach\u00e1zej\u00edc\u00edch se na \u00fazem\u00ed t\u0159\u00ed ze \u010dty\u0159 geomorfologick\u00fdch provinci\u00ed \u010cesk\u00e9 republiky: \u010cesk\u00e9 Vyso\u010diny Z\u00e1padn\u00edch Karpat St\u0159edoevropsk\u00e9 n\u00ed\u017einy \u010dtvrt\u00e1 provincie, Z\u00e1padopanonsk\u00e1 p\u00e1nev, nebyla zde zahrnuta pro sv\u016fj n\u00ed\u017einn\u00fd charakter.","publisher":{"@id":"https:\/\/korunahor.cz\/#organization"},"potentialAction":[{"@type":"SearchAction","target":{"@type":"EntryPoint","urlTemplate":"https:\/\/korunahor.cz\/?s={search_term_string}"},"query-input":{"@type":"PropertyValueSpecification","valueRequired":true,"valueName":"search_term_string"}}],"inLanguage":"pl-PL"},{"@type":"Organization","@id":"https:\/\/korunahor.cz\/#organization","name":"KORUNA HOR \u010cESK\u00c9 REPUBLIKY","url":"https:\/\/korunahor.cz\/","logo":{"@type":"ImageObject","inLanguage":"pl-PL","@id":"https:\/\/korunahor.cz\/#\/schema\/logo\/image\/","url":"https:\/\/korunahor.cz\/wp-content\/uploads\/2020\/08\/cropped-Gorne-logo-do-strony_CZ_OK-scaled-2.jpg","contentUrl":"https:\/\/korunahor.cz\/wp-content\/uploads\/2020\/08\/cropped-Gorne-logo-do-strony_CZ_OK-scaled-2.jpg","width":2560,"height":311,"caption":"KORUNA HOR \u010cESK\u00c9 REPUBLIKY"},"image":{"@id":"https:\/\/korunahor.cz\/#\/schema\/logo\/image\/"}}]}},"_links":{"self":[{"href":"https:\/\/korunahor.cz\/index.php\/wp-json\/wp\/v2\/pages\/2730","targetHints":{"allow":["GET"]}}],"collection":[{"href":"https:\/\/korunahor.cz\/index.php\/wp-json\/wp\/v2\/pages"}],"about":[{"href":"https:\/\/korunahor.cz\/index.php\/wp-json\/wp\/v2\/types\/page"}],"author":[{"embeddable":true,"href":"https:\/\/korunahor.cz\/index.php\/wp-json\/wp\/v2\/users\/1"}],"replies":[{"embeddable":true,"href":"https:\/\/korunahor.cz\/index.php\/wp-json\/wp\/v2\/comments?post=2730"}],"version-history":[{"count":35,"href":"https:\/\/korunahor.cz\/index.php\/wp-json\/wp\/v2\/pages\/2730\/revisions"}],"predecessor-version":[{"id":3080,"href":"https:\/\/korunahor.cz\/index.php\/wp-json\/wp\/v2\/pages\/2730\/revisions\/3080"}],"wp:attachment":[{"href":"https:\/\/korunahor.cz\/index.php\/wp-json\/wp\/v2\/media?parent=2730"}],"curies":[{"name":"wp","href":"https:\/\/api.w.org\/{rel}","templated":true}]}}