{"id":2838,"date":"2021-03-16T13:39:31","date_gmt":"2021-03-16T12:39:31","guid":{"rendered":"https:\/\/korunahor.cz\/?page_id=2838"},"modified":"2022-01-11T17:29:30","modified_gmt":"2022-01-11T16:29:30","slug":"registration_dev","status":"publish","type":"page","link":"https:\/\/korunahor.cz\/index.php\/registration_dev\/","title":{"rendered":"registration_dev"},"content":{"rendered":"<style>\r\niframe {width: 100%;\r\nborder: none;height: 1000px;}\r\nheader {\r\ndisplay:none\r\n}\r\n<\/style>\r\n<h1>PRZYST\u0104PIENIE DO KLUBU<\/h1>\r\n<p><span style=\"font-family: tahoma, arial, helvetica, sans-serif;\">Warunkiem zdobywania <strong>odznaki KORONY G\u00d3R REPUBLIKI CZESKIEJ<\/strong> jest przyst\u0105pienie do <strong>Klubu KORONY G\u00d3R REPUBLIKI CZESKIEJ<\/strong>, nabycie <strong>ksi\u0105\u017ceczki KORONY G\u00d3R REPUBLIKI CZESKIEJ<\/strong> (dalej ksi\u0105\u017ceczki KGRCz) oraz <strong>uko\u0144czenie 7 roku \u017cycia<\/strong>.<\/span><\/p>\r\n<p><span style=\"font-family: tahoma, arial, helvetica, sans-serif;\"><!-- \/wp:post-content --><\/span><\/p>\r\n<p><span style=\"font-family: tahoma, arial, helvetica, sans-serif;\"><!-- wp:paragraph --><\/span><\/p>\r\n<p><span style=\"font-family: tahoma, arial, helvetica, sans-serif;\"><strong>W tym celu nale\u017cy:<\/strong><\/span><\/p>\r\n<p><span style=\"font-family: tahoma, arial, helvetica, sans-serif;\"><!-- \/wp:paragraph --><\/span><\/p>\r\n<p><span style=\"font-family: tahoma, arial, helvetica, sans-serif;\"><!-- wp:list {\"ordered\":true} --><\/span><\/p>\r\n<ol id=\"block-82b53612-d835-48d6-adc2-ed13aeaa2077\">\r\n<li><span style=\"font-family: tahoma, arial, helvetica, sans-serif;\">Wype\u0142ni\u0107 deklaracj\u0119 elektroniczn\u0105 znajduj\u0105c\u0105 si\u0119 na dole strony.<\/span><\/li>\r\n<li><span style=\"font-family: tahoma, arial, helvetica, sans-serif;\">Osoba rejestruj\u0105ca si\u0119 otrzyma maila z indywidualnym numerem cz\u0142onkowskim w Klubie (jest to r\u00f3wnocze\u015bnie numer ksi\u0105\u017ceczki KGRCz).<\/span><\/li>\r\n<li><span style=\"font-family: tahoma, arial, helvetica, sans-serif;\">Po otrzymaniu maila nale\u017cy dokona\u0107 op\u0142aty wpisowej do Klubu (25 z\u0142) oraz zakupi\u0107 ksi\u0105\u017ceczk\u0119 KGRCz (15 z\u0142).<\/span><\/li>\r\n<\/ol>\r\n<p><span style=\"font-family: tahoma, arial, helvetica, sans-serif;\"><!-- \/wp:list --><\/span><\/p>\r\n<p><span style=\"font-family: tahoma, arial, helvetica, sans-serif;\"><!-- wp:paragraph --><\/span><\/p>\r\n<p><span style=\"font-family: tahoma, arial, helvetica, sans-serif;\">Tytu\u0142em p\u0142atno\u015bci powinien by\u0107 numer cz\u0142onkowski oraz imi\u0119 i nazwisko. Ksi\u0105\u017ceczk\u0119 prze\u015blemy Pa\u0144stwu za po\u015brednictwem Poczty Polskiej. Koszt przesy\u0142ki 12 z\u0142. Ca\u0142kowita kwota przelewu: op\u0142ata wpisowa + ksi\u0105\u017ceczka + koszt przesy\u0142ki = 52 z\u0142.<\/span><\/p>\r\n<p><strong><span style=\"font-family: tahoma, arial, helvetica, sans-serif;\">Tytu\u0142 przelewu:<\/span><\/strong><br \/><span style=\"font-family: tahoma, arial, helvetica, sans-serif;\">Przyst\u0105pienie do Klubu KGRCz \u2013 numer cz\u0142onkowski (&#8230;) + imi\u0119 i nazwisko<\/span><\/p>\r\n<p><span style=\"font-family: tahoma, arial, helvetica, sans-serif;\"><!-- \/wp:paragraph --><\/span><\/p>\r\n<p><span style=\"font-family: tahoma, arial, helvetica, sans-serif;\"><!-- wp:paragraph --><\/span><\/p>\r\n<p><span style=\"font-family: tahoma, arial, helvetica, sans-serif;\"><!-- \/wp:paragraph --><\/span><\/p>\r\n<p><span style=\"font-family: tahoma, arial, helvetica, sans-serif;\"><!-- wp:paragraph --><\/span><\/p>\r\n<p><span style=\"font-family: tahoma, arial, helvetica, sans-serif;\"><!-- \/wp:paragraph --><\/span><\/p>\r\n<p><span style=\"font-family: tahoma, arial, helvetica, sans-serif;\"><!-- wp:paragraph --><\/span><\/p>\r\n<p><strong><span style=\"font-family: tahoma, arial, helvetica, sans-serif;\">Nr rachunku:<br \/><\/span><\/strong><\/p>\r\n<div class=\"gmail_default\"><span style=\"font-family: tahoma, arial, helvetica, sans-serif;\">17 1050 1575 1000 0097 1307 3972<\/span><\/div>\r\n<p><span style=\"font-family: tahoma, arial, helvetica, sans-serif;\"><!-- \/wp:paragraph --><\/span><\/p>\r\n<p><span style=\"font-family: tahoma, arial, helvetica, sans-serif;\"><!-- wp:paragraph --><\/span><\/p>\r\n<p><span style=\"font-family: tahoma, arial, helvetica, sans-serif;\">Przewidywany czas realizacji zg\u0142oszenia to oko\u0142o 14 dni.<\/span><\/p>\r\n<p><span style=\"font-family: tahoma, arial, helvetica, sans-serif;\"><!-- \/wp:paragraph --><\/span><\/p>\r\n<p><span style=\"font-family: tahoma, arial, helvetica, sans-serif;\"><!-- wp:paragraph --><\/span><\/p>\r\n<p><span style=\"font-family: tahoma, arial, helvetica, sans-serif;\">Brak wp\u0142aty w ci\u0105gu 14 dni od wys\u0142ania deklaracji b\u0119dzie traktowany jako rezygnacja z przyst\u0105pienia do Klubu. Po tym czasie nieop\u0142acona deklaracja zostanie uznana za niewa\u017cn\u0105.<\/span><\/p>\r\n<p><span style=\"font-family: tahoma, arial, helvetica, sans-serif;\"><!-- \/wp:paragraph --><\/span><\/p>\r\n<p><script>function swapIframeSize(){window.scrollTo(0, 0);}<\/script><iframe id=\"formularz\" title=\"Formularz\" src=\"\/react-components\/korunaHorForm_dev\/index_dev.html\" name=\"formularz\"><\/iframe><\/p>","protected":false},"excerpt":{"rendered":"<p>PRZYST\u0104PIENIE DO KLUBU Warunkiem zdobywania odznaki KORONY G\u00d3R REPUBLIKI CZESKIEJ jest przyst\u0105pienie do Klubu KORONY G\u00d3R REPUBLIKI CZESKIEJ, nabycie ksi\u0105\u017ceczki KORONY G\u00d3R REPUBLIKI CZESKIEJ (dalej ksi\u0105\u017ceczki KGRCz) oraz uko\u0144czenie 7 roku \u017cycia. W tym celu nale\u017cy: Wype\u0142ni\u0107 deklaracj\u0119 elektroniczn\u0105 znajduj\u0105c\u0105 si\u0119 na dole strony. Osoba rejestruj\u0105ca si\u0119 otrzyma maila z indywidualnym numerem cz\u0142onkowskim w Klubie&#8230;<\/p>\n","protected":false},"author":1,"featured_media":0,"parent":0,"menu_order":0,"comment_status":"closed","ping_status":"closed","template":"","meta":{"footnotes":""},"class_list":["post-2838","page","type-page","status-publish","hentry"],"yoast_head":"<!-- This site is optimized with the Yoast SEO plugin v27.4 - https:\/\/yoast.com\/product\/yoast-seo-wordpress\/ -->\n<title>registration_dev - KORUNA HOR \u010cESK\u00c9 REPUBLIKY<\/title>\n<meta name=\"robots\" content=\"index, follow, max-snippet:-1, max-image-preview:large, max-video-preview:-1\" \/>\n<link rel=\"canonical\" href=\"https:\/\/korunahor.cz\/index.php\/registration_dev\/\" \/>\n<meta property=\"og:locale\" content=\"pl_PL\" \/>\n<meta property=\"og:type\" content=\"article\" \/>\n<meta property=\"og:title\" content=\"registration_dev - KORUNA HOR \u010cESK\u00c9 REPUBLIKY\" \/>\n<meta property=\"og:description\" content=\"PRZYST\u0104PIENIE DO KLUBU Warunkiem zdobywania odznaki KORONY G\u00d3R REPUBLIKI CZESKIEJ jest przyst\u0105pienie do Klubu KORONY G\u00d3R REPUBLIKI CZESKIEJ, nabycie ksi\u0105\u017ceczki KORONY G\u00d3R REPUBLIKI CZESKIEJ (dalej ksi\u0105\u017ceczki KGRCz) oraz uko\u0144czenie 7 roku \u017cycia. W tym celu nale\u017cy: Wype\u0142ni\u0107 deklaracj\u0119 elektroniczn\u0105 znajduj\u0105c\u0105 si\u0119 na dole strony. Osoba rejestruj\u0105ca si\u0119 otrzyma maila z indywidualnym numerem cz\u0142onkowskim w Klubie...\" \/>\n<meta property=\"og:url\" content=\"https:\/\/korunahor.cz\/index.php\/registration_dev\/\" \/>\n<meta property=\"og:site_name\" content=\"KORUNA HOR \u010cESK\u00c9 REPUBLIKY\" \/>\n<meta property=\"article:modified_time\" content=\"2022-01-11T16:29:30+00:00\" \/>\n<meta name=\"twitter:card\" content=\"summary_large_image\" \/>\n<meta name=\"twitter:label1\" content=\"Szacowany czas czytania\" \/>\n\t<meta name=\"twitter:data1\" content=\"1 minuta\" \/>\n<script type=\"application\/ld+json\" class=\"yoast-schema-graph\">{\"@context\":\"https:\\\/\\\/schema.org\",\"@graph\":[{\"@type\":\"WebPage\",\"@id\":\"https:\\\/\\\/korunahor.cz\\\/index.php\\\/registration_dev\\\/\",\"url\":\"https:\\\/\\\/korunahor.cz\\\/index.php\\\/registration_dev\\\/\",\"name\":\"registration_dev - KORUNA HOR \u010cESK\u00c9 REPUBLIKY\",\"isPartOf\":{\"@id\":\"https:\\\/\\\/korunahor.cz\\\/#website\"},\"datePublished\":\"2021-03-16T12:39:31+00:00\",\"dateModified\":\"2022-01-11T16:29:30+00:00\",\"breadcrumb\":{\"@id\":\"https:\\\/\\\/korunahor.cz\\\/index.php\\\/registration_dev\\\/#breadcrumb\"},\"inLanguage\":\"pl-PL\",\"potentialAction\":[{\"@type\":\"ReadAction\",\"target\":[\"https:\\\/\\\/korunahor.cz\\\/index.php\\\/registration_dev\\\/\"]}]},{\"@type\":\"BreadcrumbList\",\"@id\":\"https:\\\/\\\/korunahor.cz\\\/index.php\\\/registration_dev\\\/#breadcrumb\",\"itemListElement\":[{\"@type\":\"ListItem\",\"position\":1,\"name\":\"Strona g\u0142\u00f3wna\",\"item\":\"https:\\\/\\\/korunahor.cz\\\/\"},{\"@type\":\"ListItem\",\"position\":2,\"name\":\"registration_dev\"}]},{\"@type\":\"WebSite\",\"@id\":\"https:\\\/\\\/korunahor.cz\\\/#website\",\"url\":\"https:\\\/\\\/korunahor.cz\\\/\",\"name\":\"KORUNA HOR \u010cESK\u00c9 REPUBLIKY\",\"description\":\"R\u00e1di bychom v\u00e1s povzbudili k lep\u0161\u00edmu pozn\u00e1n\u00ed \u010cesk\u00e9 republiky d\u00edky z\u00edsk\u00e1v\u00e1n\u00ed jej\u00edch nejvy\u0161\u0161\u00edch vrch\u016f. Vybrali jsme 81 nejvy\u0161\u0161\u00edch vrchol\u016f nach\u00e1zej\u00edc\u00edch se na \u00fazem\u00ed t\u0159\u00ed ze \u010dty\u0159 geomorfologick\u00fdch provinci\u00ed \u010cesk\u00e9 republiky: \u010cesk\u00e9 Vyso\u010diny Z\u00e1padn\u00edch Karpat St\u0159edoevropsk\u00e9 n\u00ed\u017einy \u010dtvrt\u00e1 provincie, Z\u00e1padopanonsk\u00e1 p\u00e1nev, nebyla zde zahrnuta pro sv\u016fj n\u00ed\u017einn\u00fd charakter.\",\"publisher\":{\"@id\":\"https:\\\/\\\/korunahor.cz\\\/#organization\"},\"potentialAction\":[{\"@type\":\"SearchAction\",\"target\":{\"@type\":\"EntryPoint\",\"urlTemplate\":\"https:\\\/\\\/korunahor.cz\\\/?s={search_term_string}\"},\"query-input\":{\"@type\":\"PropertyValueSpecification\",\"valueRequired\":true,\"valueName\":\"search_term_string\"}}],\"inLanguage\":\"pl-PL\"},{\"@type\":\"Organization\",\"@id\":\"https:\\\/\\\/korunahor.cz\\\/#organization\",\"name\":\"KORUNA HOR \u010cESK\u00c9 REPUBLIKY\",\"url\":\"https:\\\/\\\/korunahor.cz\\\/\",\"logo\":{\"@type\":\"ImageObject\",\"inLanguage\":\"pl-PL\",\"@id\":\"https:\\\/\\\/korunahor.cz\\\/#\\\/schema\\\/logo\\\/image\\\/\",\"url\":\"https:\\\/\\\/korunahor.cz\\\/wp-content\\\/uploads\\\/2020\\\/08\\\/cropped-Gorne-logo-do-strony_CZ_OK-scaled-2.jpg\",\"contentUrl\":\"https:\\\/\\\/korunahor.cz\\\/wp-content\\\/uploads\\\/2020\\\/08\\\/cropped-Gorne-logo-do-strony_CZ_OK-scaled-2.jpg\",\"width\":2560,\"height\":311,\"caption\":\"KORUNA HOR \u010cESK\u00c9 REPUBLIKY\"},\"image\":{\"@id\":\"https:\\\/\\\/korunahor.cz\\\/#\\\/schema\\\/logo\\\/image\\\/\"}}]}<\/script>\n<!-- \/ Yoast SEO plugin. -->","yoast_head_json":{"title":"registration_dev - KORUNA HOR \u010cESK\u00c9 REPUBLIKY","robots":{"index":"index","follow":"follow","max-snippet":"max-snippet:-1","max-image-preview":"max-image-preview:large","max-video-preview":"max-video-preview:-1"},"canonical":"https:\/\/korunahor.cz\/index.php\/registration_dev\/","og_locale":"pl_PL","og_type":"article","og_title":"registration_dev - KORUNA HOR \u010cESK\u00c9 REPUBLIKY","og_description":"PRZYST\u0104PIENIE DO KLUBU Warunkiem zdobywania odznaki KORONY G\u00d3R REPUBLIKI CZESKIEJ jest przyst\u0105pienie do Klubu KORONY G\u00d3R REPUBLIKI CZESKIEJ, nabycie ksi\u0105\u017ceczki KORONY G\u00d3R REPUBLIKI CZESKIEJ (dalej ksi\u0105\u017ceczki KGRCz) oraz uko\u0144czenie 7 roku \u017cycia. W tym celu nale\u017cy: Wype\u0142ni\u0107 deklaracj\u0119 elektroniczn\u0105 znajduj\u0105c\u0105 si\u0119 na dole strony. Osoba rejestruj\u0105ca si\u0119 otrzyma maila z indywidualnym numerem cz\u0142onkowskim w Klubie...","og_url":"https:\/\/korunahor.cz\/index.php\/registration_dev\/","og_site_name":"KORUNA HOR \u010cESK\u00c9 REPUBLIKY","article_modified_time":"2022-01-11T16:29:30+00:00","twitter_card":"summary_large_image","twitter_misc":{"Szacowany czas czytania":"1 minuta"},"schema":{"@context":"https:\/\/schema.org","@graph":[{"@type":"WebPage","@id":"https:\/\/korunahor.cz\/index.php\/registration_dev\/","url":"https:\/\/korunahor.cz\/index.php\/registration_dev\/","name":"registration_dev - KORUNA HOR \u010cESK\u00c9 REPUBLIKY","isPartOf":{"@id":"https:\/\/korunahor.cz\/#website"},"datePublished":"2021-03-16T12:39:31+00:00","dateModified":"2022-01-11T16:29:30+00:00","breadcrumb":{"@id":"https:\/\/korunahor.cz\/index.php\/registration_dev\/#breadcrumb"},"inLanguage":"pl-PL","potentialAction":[{"@type":"ReadAction","target":["https:\/\/korunahor.cz\/index.php\/registration_dev\/"]}]},{"@type":"BreadcrumbList","@id":"https:\/\/korunahor.cz\/index.php\/registration_dev\/#breadcrumb","itemListElement":[{"@type":"ListItem","position":1,"name":"Strona g\u0142\u00f3wna","item":"https:\/\/korunahor.cz\/"},{"@type":"ListItem","position":2,"name":"registration_dev"}]},{"@type":"WebSite","@id":"https:\/\/korunahor.cz\/#website","url":"https:\/\/korunahor.cz\/","name":"KORUNA HOR \u010cESK\u00c9 REPUBLIKY","description":"R\u00e1di bychom v\u00e1s povzbudili k lep\u0161\u00edmu pozn\u00e1n\u00ed \u010cesk\u00e9 republiky d\u00edky z\u00edsk\u00e1v\u00e1n\u00ed jej\u00edch nejvy\u0161\u0161\u00edch vrch\u016f. Vybrali jsme 81 nejvy\u0161\u0161\u00edch vrchol\u016f nach\u00e1zej\u00edc\u00edch se na \u00fazem\u00ed t\u0159\u00ed ze \u010dty\u0159 geomorfologick\u00fdch provinci\u00ed \u010cesk\u00e9 republiky: \u010cesk\u00e9 Vyso\u010diny Z\u00e1padn\u00edch Karpat St\u0159edoevropsk\u00e9 n\u00ed\u017einy \u010dtvrt\u00e1 provincie, Z\u00e1padopanonsk\u00e1 p\u00e1nev, nebyla zde zahrnuta pro sv\u016fj n\u00ed\u017einn\u00fd charakter.","publisher":{"@id":"https:\/\/korunahor.cz\/#organization"},"potentialAction":[{"@type":"SearchAction","target":{"@type":"EntryPoint","urlTemplate":"https:\/\/korunahor.cz\/?s={search_term_string}"},"query-input":{"@type":"PropertyValueSpecification","valueRequired":true,"valueName":"search_term_string"}}],"inLanguage":"pl-PL"},{"@type":"Organization","@id":"https:\/\/korunahor.cz\/#organization","name":"KORUNA HOR \u010cESK\u00c9 REPUBLIKY","url":"https:\/\/korunahor.cz\/","logo":{"@type":"ImageObject","inLanguage":"pl-PL","@id":"https:\/\/korunahor.cz\/#\/schema\/logo\/image\/","url":"https:\/\/korunahor.cz\/wp-content\/uploads\/2020\/08\/cropped-Gorne-logo-do-strony_CZ_OK-scaled-2.jpg","contentUrl":"https:\/\/korunahor.cz\/wp-content\/uploads\/2020\/08\/cropped-Gorne-logo-do-strony_CZ_OK-scaled-2.jpg","width":2560,"height":311,"caption":"KORUNA HOR \u010cESK\u00c9 REPUBLIKY"},"image":{"@id":"https:\/\/korunahor.cz\/#\/schema\/logo\/image\/"}}]}},"_links":{"self":[{"href":"https:\/\/korunahor.cz\/index.php\/wp-json\/wp\/v2\/pages\/2838","targetHints":{"allow":["GET"]}}],"collection":[{"href":"https:\/\/korunahor.cz\/index.php\/wp-json\/wp\/v2\/pages"}],"about":[{"href":"https:\/\/korunahor.cz\/index.php\/wp-json\/wp\/v2\/types\/page"}],"author":[{"embeddable":true,"href":"https:\/\/korunahor.cz\/index.php\/wp-json\/wp\/v2\/users\/1"}],"replies":[{"embeddable":true,"href":"https:\/\/korunahor.cz\/index.php\/wp-json\/wp\/v2\/comments?post=2838"}],"version-history":[{"count":4,"href":"https:\/\/korunahor.cz\/index.php\/wp-json\/wp\/v2\/pages\/2838\/revisions"}],"predecessor-version":[{"id":2964,"href":"https:\/\/korunahor.cz\/index.php\/wp-json\/wp\/v2\/pages\/2838\/revisions\/2964"}],"wp:attachment":[{"href":"https:\/\/korunahor.cz\/index.php\/wp-json\/wp\/v2\/media?parent=2838"}],"curies":[{"name":"wp","href":"https:\/\/api.w.org\/{rel}","templated":true}]}}