{"id":2974,"date":"2022-04-25T08:10:33","date_gmt":"2022-04-25T06:10:33","guid":{"rendered":"https:\/\/korunahor.cz\/?page_id=2974"},"modified":"2022-04-25T08:10:33","modified_gmt":"2022-04-25T06:10:33","slug":"ciekawostki","status":"publish","type":"page","link":"https:\/\/korunahor.cz\/index.php\/ciekawostki\/","title":{"rendered":"CIEKAWOSTKI"},"content":{"rendered":"<div class=\"kvgmc6g5 cxmmr5t8 oygrvhab hcukyx3x c1et5uql ii04i59q\">\n<div dir=\"auto\">Dzisiaj b\u0119dzie o tr\u00f3jstykach, ale nie tych gdzie spotykaj\u0105 si\u0119 granice trzech pa\u0144stw, bo takich w Europie mamy kilkadziesi\u0105t (Republika Czeska ma ich cztery, Polska sze\u015b\u0107 &#8211; dwa s\u0105 oczywi\u015bcie wsp\u00f3lne), ale o miejscach, w kt\u00f3rych zbiegaj\u0105 si\u0119 granice trzech dzia\u0142\u00f3w wodnych, kt\u00f3re rozdzielaj\u0105 zlewnie m\u00f3rz i oceanu. Tych tr\u00f3jstyk\u00f3w jest zdecydowanie mniej, bo w ca\u0142ej Europie naliczy\u0107 mo\u017cemy ich sze\u015b\u0107 (mapka 1).<\/div>\n<\/div>\n<div class=\"cxmmr5t8 oygrvhab hcukyx3x c1et5uql o9v6fnle ii04i59q\">\n<div dir=\"auto\">Jeden z nich jest ca\u0142kiem blisko, bo w Sudetach Wschodnich, w Masywie \u015anie\u017cnika, na g\u00f3rze, kt\u00f3ra na polskich mapach nosi wiele m\u00f3wi\u0105c\u0105 nazw\u0119 Tr\u00f3jmorski Wierch, a w Republice Czeskiej nazywana jest Klep\u00e1\u010d. Szczyt ma wysoko\u015b\u0107 1145 m n.p.m. Na nim w\u0142a\u015bnie zbiegaj\u0105 si\u0119 trzy dzia\u0142y wodne, stanowi\u0105ce granice mi\u0119dzy zlewiskami trzech m\u00f3rz: P\u00f3\u0142nocnego, Czarnego i Ba\u0142tyckiego. Oznacza to, \u017ce woda p\u0142yn\u0105ca z Tr\u00f3jmorskiego Wierchu, w zale\u017cno\u015bci po kt\u00f3rej stronie g\u00f3ry si\u0119 znajduje, zasila rzeki p\u0142yn\u0105ce do trzech r\u00f3\u017cnych m\u00f3rz (mapka 2,3,4).<\/div>\n<\/div>\n<div class=\"cxmmr5t8 oygrvhab hcukyx3x c1et5uql o9v6fnle ii04i59q\">\n<div dir=\"auto\">I tak:<\/div>\n<div dir=\"auto\">&#8211; Wody z po\u0142udniowo-zachodniego zbocza Tr\u00f3jmorskiego Wierchu zasil\u0105 potok Lipka (Lipkowsk\u00fd potok), kt\u00f3ry jest dop\u0142ywem Cichej Orlicy, a ta z kolei \u0141aby, kt\u00f3ra uchodzi do Morza P\u00f3\u0142nocnego.<\/div>\n<div dir=\"auto\">&#8211; Wody ze wschodniego i po\u0142udniowo-wschodniego zbocza zasil\u0105 Moraw\u0119, kt\u00f3ra jest dop\u0142ywem Dunaju, uchodz\u0105cego do Morza Czarnego.<\/div>\n<div dir=\"auto\">&#8211; Wody z p\u00f3\u0142nocnego i p\u00f3\u0142nocno-zachodniego zbocza g\u00f3ry zasil\u0105 liczne, niewielkie potoki, b\u0119d\u0105ce dop\u0142ywami Nysy K\u0142odzkiej, kt\u00f3ra uchodzi do Odry, a ta z kolei do Morza Ba\u0142tyckiego.<\/div>\n<\/div>\n<div class=\"cxmmr5t8 oygrvhab hcukyx3x c1et5uql o9v6fnle ii04i59q\">\n<div dir=\"auto\">Gdy dodamy, \u017ce rzeka Morawa, kt\u00f3ra swoje \u017ar\u00f3d\u0142o ma na po\u0142udniowych zboczach \u015anie\u017cnika (1423 m) jest historyczn\u0105 granic\u0105 mi\u0119dzy Czechami i Morawami, a na samym jego szczycie znajduje si\u0119 te\u017c historyczny tr\u00f3jstyk trzech krain: hrabstwa K\u0142odzkiego, Czech i Moraw, to podczas g\u00f3rskich w\u0119dr\u00f3wek w tym rejonie, mo\u017cemy nie tylko podziwia\u0107 pi\u0119kne widoki, ale r\u00f3wnie\u017c zwr\u00f3ci\u0107 uwag\u0119 na historyczn\u0105 i hydrologiczn\u0105 wyj\u0105tkowo\u015b\u0107 tego miejsca.<\/div>\n<\/div>\n","protected":false},"excerpt":{"rendered":"<p>Dzisiaj b\u0119dzie o tr\u00f3jstykach, ale nie tych gdzie spotykaj\u0105 si\u0119 granice trzech pa\u0144stw, bo takich w Europie mamy kilkadziesi\u0105t (Republika Czeska ma ich cztery, Polska sze\u015b\u0107 &#8211; dwa s\u0105 oczywi\u015bcie wsp\u00f3lne), ale o miejscach, w kt\u00f3rych zbiegaj\u0105 si\u0119 granice trzech dzia\u0142\u00f3w wodnych, kt\u00f3re rozdzielaj\u0105 zlewnie m\u00f3rz i oceanu. Tych tr\u00f3jstyk\u00f3w jest zdecydowanie mniej, bo w&#8230;<\/p>\n","protected":false},"author":1,"featured_media":0,"parent":0,"menu_order":0,"comment_status":"closed","ping_status":"closed","template":"","meta":{"footnotes":""},"class_list":["post-2974","page","type-page","status-publish","hentry"],"yoast_head":"<!-- This site is optimized with the Yoast SEO plugin v27.4 - https:\/\/yoast.com\/product\/yoast-seo-wordpress\/ -->\n<title>CIEKAWOSTKI - KORUNA HOR \u010cESK\u00c9 REPUBLIKY<\/title>\n<meta name=\"robots\" content=\"index, follow, max-snippet:-1, max-image-preview:large, max-video-preview:-1\" \/>\n<link rel=\"canonical\" href=\"https:\/\/korunahor.cz\/index.php\/ciekawostki\/\" \/>\n<meta property=\"og:locale\" content=\"pl_PL\" \/>\n<meta property=\"og:type\" content=\"article\" \/>\n<meta property=\"og:title\" content=\"CIEKAWOSTKI - KORUNA HOR \u010cESK\u00c9 REPUBLIKY\" \/>\n<meta property=\"og:description\" content=\"Dzisiaj b\u0119dzie o tr\u00f3jstykach, ale nie tych gdzie spotykaj\u0105 si\u0119 granice trzech pa\u0144stw, bo takich w Europie mamy kilkadziesi\u0105t (Republika Czeska ma ich cztery, Polska sze\u015b\u0107 &#8211; dwa s\u0105 oczywi\u015bcie wsp\u00f3lne), ale o miejscach, w kt\u00f3rych zbiegaj\u0105 si\u0119 granice trzech dzia\u0142\u00f3w wodnych, kt\u00f3re rozdzielaj\u0105 zlewnie m\u00f3rz i oceanu. Tych tr\u00f3jstyk\u00f3w jest zdecydowanie mniej, bo w...\" \/>\n<meta property=\"og:url\" content=\"https:\/\/korunahor.cz\/index.php\/ciekawostki\/\" \/>\n<meta property=\"og:site_name\" content=\"KORUNA HOR \u010cESK\u00c9 REPUBLIKY\" \/>\n<meta name=\"twitter:card\" content=\"summary_large_image\" \/>\n<meta name=\"twitter:label1\" content=\"Szacowany czas czytania\" \/>\n\t<meta name=\"twitter:data1\" content=\"2 minuty\" \/>\n<script type=\"application\/ld+json\" class=\"yoast-schema-graph\">{\"@context\":\"https:\\\/\\\/schema.org\",\"@graph\":[{\"@type\":\"WebPage\",\"@id\":\"https:\\\/\\\/korunahor.cz\\\/index.php\\\/ciekawostki\\\/\",\"url\":\"https:\\\/\\\/korunahor.cz\\\/index.php\\\/ciekawostki\\\/\",\"name\":\"CIEKAWOSTKI - KORUNA HOR \u010cESK\u00c9 REPUBLIKY\",\"isPartOf\":{\"@id\":\"https:\\\/\\\/korunahor.cz\\\/#website\"},\"datePublished\":\"2022-04-25T06:10:33+00:00\",\"breadcrumb\":{\"@id\":\"https:\\\/\\\/korunahor.cz\\\/index.php\\\/ciekawostki\\\/#breadcrumb\"},\"inLanguage\":\"pl-PL\",\"potentialAction\":[{\"@type\":\"ReadAction\",\"target\":[\"https:\\\/\\\/korunahor.cz\\\/index.php\\\/ciekawostki\\\/\"]}]},{\"@type\":\"BreadcrumbList\",\"@id\":\"https:\\\/\\\/korunahor.cz\\\/index.php\\\/ciekawostki\\\/#breadcrumb\",\"itemListElement\":[{\"@type\":\"ListItem\",\"position\":1,\"name\":\"Strona g\u0142\u00f3wna\",\"item\":\"https:\\\/\\\/korunahor.cz\\\/\"},{\"@type\":\"ListItem\",\"position\":2,\"name\":\"CIEKAWOSTKI\"}]},{\"@type\":\"WebSite\",\"@id\":\"https:\\\/\\\/korunahor.cz\\\/#website\",\"url\":\"https:\\\/\\\/korunahor.cz\\\/\",\"name\":\"KORUNA HOR \u010cESK\u00c9 REPUBLIKY\",\"description\":\"R\u00e1di bychom v\u00e1s povzbudili k lep\u0161\u00edmu pozn\u00e1n\u00ed \u010cesk\u00e9 republiky d\u00edky z\u00edsk\u00e1v\u00e1n\u00ed jej\u00edch nejvy\u0161\u0161\u00edch vrch\u016f. Vybrali jsme 81 nejvy\u0161\u0161\u00edch vrchol\u016f nach\u00e1zej\u00edc\u00edch se na \u00fazem\u00ed t\u0159\u00ed ze \u010dty\u0159 geomorfologick\u00fdch provinci\u00ed \u010cesk\u00e9 republiky: \u010cesk\u00e9 Vyso\u010diny Z\u00e1padn\u00edch Karpat St\u0159edoevropsk\u00e9 n\u00ed\u017einy \u010dtvrt\u00e1 provincie, Z\u00e1padopanonsk\u00e1 p\u00e1nev, nebyla zde zahrnuta pro sv\u016fj n\u00ed\u017einn\u00fd charakter.\",\"publisher\":{\"@id\":\"https:\\\/\\\/korunahor.cz\\\/#organization\"},\"potentialAction\":[{\"@type\":\"SearchAction\",\"target\":{\"@type\":\"EntryPoint\",\"urlTemplate\":\"https:\\\/\\\/korunahor.cz\\\/?s={search_term_string}\"},\"query-input\":{\"@type\":\"PropertyValueSpecification\",\"valueRequired\":true,\"valueName\":\"search_term_string\"}}],\"inLanguage\":\"pl-PL\"},{\"@type\":\"Organization\",\"@id\":\"https:\\\/\\\/korunahor.cz\\\/#organization\",\"name\":\"KORUNA HOR \u010cESK\u00c9 REPUBLIKY\",\"url\":\"https:\\\/\\\/korunahor.cz\\\/\",\"logo\":{\"@type\":\"ImageObject\",\"inLanguage\":\"pl-PL\",\"@id\":\"https:\\\/\\\/korunahor.cz\\\/#\\\/schema\\\/logo\\\/image\\\/\",\"url\":\"https:\\\/\\\/korunahor.cz\\\/wp-content\\\/uploads\\\/2020\\\/08\\\/cropped-Gorne-logo-do-strony_CZ_OK-scaled-2.jpg\",\"contentUrl\":\"https:\\\/\\\/korunahor.cz\\\/wp-content\\\/uploads\\\/2020\\\/08\\\/cropped-Gorne-logo-do-strony_CZ_OK-scaled-2.jpg\",\"width\":2560,\"height\":311,\"caption\":\"KORUNA HOR \u010cESK\u00c9 REPUBLIKY\"},\"image\":{\"@id\":\"https:\\\/\\\/korunahor.cz\\\/#\\\/schema\\\/logo\\\/image\\\/\"}}]}<\/script>\n<!-- \/ Yoast SEO plugin. -->","yoast_head_json":{"title":"CIEKAWOSTKI - KORUNA HOR \u010cESK\u00c9 REPUBLIKY","robots":{"index":"index","follow":"follow","max-snippet":"max-snippet:-1","max-image-preview":"max-image-preview:large","max-video-preview":"max-video-preview:-1"},"canonical":"https:\/\/korunahor.cz\/index.php\/ciekawostki\/","og_locale":"pl_PL","og_type":"article","og_title":"CIEKAWOSTKI - KORUNA HOR \u010cESK\u00c9 REPUBLIKY","og_description":"Dzisiaj b\u0119dzie o tr\u00f3jstykach, ale nie tych gdzie spotykaj\u0105 si\u0119 granice trzech pa\u0144stw, bo takich w Europie mamy kilkadziesi\u0105t (Republika Czeska ma ich cztery, Polska sze\u015b\u0107 &#8211; dwa s\u0105 oczywi\u015bcie wsp\u00f3lne), ale o miejscach, w kt\u00f3rych zbiegaj\u0105 si\u0119 granice trzech dzia\u0142\u00f3w wodnych, kt\u00f3re rozdzielaj\u0105 zlewnie m\u00f3rz i oceanu. Tych tr\u00f3jstyk\u00f3w jest zdecydowanie mniej, bo w...","og_url":"https:\/\/korunahor.cz\/index.php\/ciekawostki\/","og_site_name":"KORUNA HOR \u010cESK\u00c9 REPUBLIKY","twitter_card":"summary_large_image","twitter_misc":{"Szacowany czas czytania":"2 minuty"},"schema":{"@context":"https:\/\/schema.org","@graph":[{"@type":"WebPage","@id":"https:\/\/korunahor.cz\/index.php\/ciekawostki\/","url":"https:\/\/korunahor.cz\/index.php\/ciekawostki\/","name":"CIEKAWOSTKI - KORUNA HOR \u010cESK\u00c9 REPUBLIKY","isPartOf":{"@id":"https:\/\/korunahor.cz\/#website"},"datePublished":"2022-04-25T06:10:33+00:00","breadcrumb":{"@id":"https:\/\/korunahor.cz\/index.php\/ciekawostki\/#breadcrumb"},"inLanguage":"pl-PL","potentialAction":[{"@type":"ReadAction","target":["https:\/\/korunahor.cz\/index.php\/ciekawostki\/"]}]},{"@type":"BreadcrumbList","@id":"https:\/\/korunahor.cz\/index.php\/ciekawostki\/#breadcrumb","itemListElement":[{"@type":"ListItem","position":1,"name":"Strona g\u0142\u00f3wna","item":"https:\/\/korunahor.cz\/"},{"@type":"ListItem","position":2,"name":"CIEKAWOSTKI"}]},{"@type":"WebSite","@id":"https:\/\/korunahor.cz\/#website","url":"https:\/\/korunahor.cz\/","name":"KORUNA HOR \u010cESK\u00c9 REPUBLIKY","description":"R\u00e1di bychom v\u00e1s povzbudili k lep\u0161\u00edmu pozn\u00e1n\u00ed \u010cesk\u00e9 republiky d\u00edky z\u00edsk\u00e1v\u00e1n\u00ed jej\u00edch nejvy\u0161\u0161\u00edch vrch\u016f. Vybrali jsme 81 nejvy\u0161\u0161\u00edch vrchol\u016f nach\u00e1zej\u00edc\u00edch se na \u00fazem\u00ed t\u0159\u00ed ze \u010dty\u0159 geomorfologick\u00fdch provinci\u00ed \u010cesk\u00e9 republiky: \u010cesk\u00e9 Vyso\u010diny Z\u00e1padn\u00edch Karpat St\u0159edoevropsk\u00e9 n\u00ed\u017einy \u010dtvrt\u00e1 provincie, Z\u00e1padopanonsk\u00e1 p\u00e1nev, nebyla zde zahrnuta pro sv\u016fj n\u00ed\u017einn\u00fd charakter.","publisher":{"@id":"https:\/\/korunahor.cz\/#organization"},"potentialAction":[{"@type":"SearchAction","target":{"@type":"EntryPoint","urlTemplate":"https:\/\/korunahor.cz\/?s={search_term_string}"},"query-input":{"@type":"PropertyValueSpecification","valueRequired":true,"valueName":"search_term_string"}}],"inLanguage":"pl-PL"},{"@type":"Organization","@id":"https:\/\/korunahor.cz\/#organization","name":"KORUNA HOR \u010cESK\u00c9 REPUBLIKY","url":"https:\/\/korunahor.cz\/","logo":{"@type":"ImageObject","inLanguage":"pl-PL","@id":"https:\/\/korunahor.cz\/#\/schema\/logo\/image\/","url":"https:\/\/korunahor.cz\/wp-content\/uploads\/2020\/08\/cropped-Gorne-logo-do-strony_CZ_OK-scaled-2.jpg","contentUrl":"https:\/\/korunahor.cz\/wp-content\/uploads\/2020\/08\/cropped-Gorne-logo-do-strony_CZ_OK-scaled-2.jpg","width":2560,"height":311,"caption":"KORUNA HOR \u010cESK\u00c9 REPUBLIKY"},"image":{"@id":"https:\/\/korunahor.cz\/#\/schema\/logo\/image\/"}}]}},"_links":{"self":[{"href":"https:\/\/korunahor.cz\/index.php\/wp-json\/wp\/v2\/pages\/2974","targetHints":{"allow":["GET"]}}],"collection":[{"href":"https:\/\/korunahor.cz\/index.php\/wp-json\/wp\/v2\/pages"}],"about":[{"href":"https:\/\/korunahor.cz\/index.php\/wp-json\/wp\/v2\/types\/page"}],"author":[{"embeddable":true,"href":"https:\/\/korunahor.cz\/index.php\/wp-json\/wp\/v2\/users\/1"}],"replies":[{"embeddable":true,"href":"https:\/\/korunahor.cz\/index.php\/wp-json\/wp\/v2\/comments?post=2974"}],"version-history":[{"count":1,"href":"https:\/\/korunahor.cz\/index.php\/wp-json\/wp\/v2\/pages\/2974\/revisions"}],"predecessor-version":[{"id":2976,"href":"https:\/\/korunahor.cz\/index.php\/wp-json\/wp\/v2\/pages\/2974\/revisions\/2976"}],"wp:attachment":[{"href":"https:\/\/korunahor.cz\/index.php\/wp-json\/wp\/v2\/media?parent=2974"}],"curies":[{"name":"wp","href":"https:\/\/api.w.org\/{rel}","templated":true}]}}