{"id":786,"date":"2020-09-04T14:31:37","date_gmt":"2020-09-04T12:31:37","guid":{"rendered":"http:\/\/korunahor.cz\/?page_id=786"},"modified":"2024-06-02T14:17:57","modified_gmt":"2024-06-02T12:17:57","slug":"szczyty","status":"publish","type":"page","link":"https:\/\/korunahor.cz\/index.php\/szczyty\/","title":{"rendered":"O SEZNAMECH VRCHOL\u016e"},"content":{"rendered":"<p><\/p>\r\n<p><span style=\"font-family: tahoma, arial, helvetica, sans-serif;\">Uv\u00e1d\u00edme t\u0159i seznamy, zahrnuj\u00edc\u00ed 81 vrchol\u016f, kter\u00e9 tvo\u0159\u00ed <strong>KORUNU HOR \u010cESK\u00c9 REPUBLIKY.<\/strong><\/span><\/p>\r\n<p><a href=\"https:\/\/mapy.cz\/s\/mupubunago\" target=\"_blank\" rel=\"noopener\"><img loading=\"lazy\" decoding=\"async\" class=\"alignnone size-full wp-image-3048\" src=\"https:\/\/korunahor.cz\/wp-content\/uploads\/2024\/05\/vrcholy-1.jpg\" alt=\"\" width=\"1290\" height=\"779\" srcset=\"https:\/\/korunahor.cz\/wp-content\/uploads\/2024\/05\/vrcholy-1.jpg 1290w, https:\/\/korunahor.cz\/wp-content\/uploads\/2024\/05\/vrcholy-1-300x180.jpg 300w, https:\/\/korunahor.cz\/wp-content\/uploads\/2024\/05\/vrcholy-1-1024x618.jpg 1024w, https:\/\/korunahor.cz\/wp-content\/uploads\/2024\/05\/vrcholy-1-768x464.jpg 768w, https:\/\/korunahor.cz\/wp-content\/uploads\/2024\/05\/vrcholy-1-850x513.jpg 850w\" sizes=\"auto, (max-width: 1290px) 100vw, 1290px\" \/><\/a><\/p>\r\n<p><span style=\"font-family: tahoma, arial, helvetica, sans-serif;\">Prvn\u00ed je seznam <strong><a href=\"https:\/\/korunahor.cz\/index.php\/zestawienie-wg-stopnia-odznaki-i-wysokosci-2\/\" target=\"_blank\" rel=\"noopener noreferrer\">podle stupn\u011b odznaku<\/a><\/strong>, od bronzov\u00e9ho p\u0159es st\u0159\u00edbrn\u00fd, zlat\u00fd a\u017e po diamantov\u00fd. Jednotliv\u00e9 stupn\u011b jsou sestaveny od nejni\u017e\u0161\u00edch vrchol\u016f a\u017e po nejvy\u0161\u0161\u00ed. Kliknut\u00edm na n\u00e1zev vrcholu se otev\u0159ou webov\u00e9 str\u00e1nky Mapy.cz s p\u0159esnou polohou.<\/span><\/p>\r\n<p><span style=\"font-family: tahoma, arial, helvetica, sans-serif;\">Druh\u00fd seznam je seznam v\u0161ech vrchol\u016f <strong><a href=\"https:\/\/korunahor.cz\/index.php\/zestawienie-wg-wysokosci\/\" target=\"_blank\" rel=\"noopener noreferrer\">podle v\u00fd\u0161ky<\/a><\/strong> od nejni\u017e\u0161\u00edho a\u017e po nejvy\u0161\u0161\u00ed, bez \u010dlen\u011bn\u00ed na stupn\u011b odznaku. Stejn\u011b jako v p\u0159\u00edpad\u011b prvn\u00edho seznamu &#8211; kliknut\u00edm na n\u00e1zev se otev\u0159ou webov\u00e9 str\u00e1nky Mapy.cz.<\/span><\/p>\r\n<p><span style=\"font-family: tahoma, arial, helvetica, sans-serif;\">T\u0159et\u00ed seznam, <strong><a href=\"https:\/\/korunahor.cz\/index.php\/zestawienie-wg-prowincji-subprowincji-i-stopnia-odznaki\/\" target=\"_blank\" rel=\"noopener noreferrer\">podle provinci\u00ed<\/a><\/strong>, m\u00e1 za c\u00edl usnadnit uchaze\u010d\u016fm o odznak logistiku, proto\u017ee zde byla p\u0159ijata mo\u017enost z\u00edsk\u00e1v\u00e1n\u00ed vrchol\u016f zahrnovan\u00fdch do vy\u0161\u0161\u00edho stupn\u011b odznaku i b\u011bhem z\u00edsk\u00e1v\u00e1n\u00ed ni\u017e\u0161\u00edch stup\u0148\u016f. Kliknut\u00edm na n\u00e1zev se otev\u0159ou webov\u00e9 str\u00e1nky Mapy.cz.<\/span><\/p>\r\n<p style=\"text-align: right;\"><span style=\"font-family: tahoma, arial, helvetica, sans-serif; font-size: 10px;\">Mapa se seznamem vrchol\u016f: <strong>mapy.cz<\/strong><\/span><\/p>\r\n<p><\/p>","protected":false},"excerpt":{"rendered":"<p>Uv\u00e1d\u00edme t\u0159i seznamy, zahrnuj\u00edc\u00ed 81 vrchol\u016f, kter\u00e9 tvo\u0159\u00ed KORUNU HOR \u010cESK\u00c9 REPUBLIKY. Prvn\u00ed je seznam podle stupn\u011b odznaku, od bronzov\u00e9ho p\u0159es st\u0159\u00edbrn\u00fd, zlat\u00fd a\u017e po diamantov\u00fd. Jednotliv\u00e9 stupn\u011b jsou sestaveny od nejni\u017e\u0161\u00edch vrchol\u016f a\u017e po nejvy\u0161\u0161\u00ed. Kliknut\u00edm na n\u00e1zev vrcholu se otev\u0159ou webov\u00e9 str\u00e1nky Mapy.cz s p\u0159esnou polohou. Druh\u00fd seznam je seznam v\u0161ech vrchol\u016f podle&#8230;<\/p>\n","protected":false},"author":1,"featured_media":0,"parent":0,"menu_order":0,"comment_status":"closed","ping_status":"closed","template":"","meta":{"footnotes":""},"class_list":["post-786","page","type-page","status-publish","hentry"],"yoast_head":"<!-- This site is optimized with the Yoast SEO plugin v27.4 - https:\/\/yoast.com\/product\/yoast-seo-wordpress\/ -->\n<title>O SEZNAMECH VRCHOL\u016e - KORUNA HOR \u010cESK\u00c9 REPUBLIKY<\/title>\n<meta name=\"robots\" content=\"index, follow, max-snippet:-1, max-image-preview:large, max-video-preview:-1\" \/>\n<link rel=\"canonical\" href=\"https:\/\/korunahor.cz\/index.php\/szczyty\/\" \/>\n<meta property=\"og:locale\" content=\"pl_PL\" \/>\n<meta property=\"og:type\" content=\"article\" \/>\n<meta property=\"og:title\" content=\"O SEZNAMECH VRCHOL\u016e - KORUNA HOR \u010cESK\u00c9 REPUBLIKY\" \/>\n<meta property=\"og:description\" content=\"Uv\u00e1d\u00edme t\u0159i seznamy, zahrnuj\u00edc\u00ed 81 vrchol\u016f, kter\u00e9 tvo\u0159\u00ed KORUNU HOR \u010cESK\u00c9 REPUBLIKY. Prvn\u00ed je seznam podle stupn\u011b odznaku, od bronzov\u00e9ho p\u0159es st\u0159\u00edbrn\u00fd, zlat\u00fd a\u017e po diamantov\u00fd. Jednotliv\u00e9 stupn\u011b jsou sestaveny od nejni\u017e\u0161\u00edch vrchol\u016f a\u017e po nejvy\u0161\u0161\u00ed. Kliknut\u00edm na n\u00e1zev vrcholu se otev\u0159ou webov\u00e9 str\u00e1nky Mapy.cz s p\u0159esnou polohou. Druh\u00fd seznam je seznam v\u0161ech vrchol\u016f podle...\" \/>\n<meta property=\"og:url\" content=\"https:\/\/korunahor.cz\/index.php\/szczyty\/\" \/>\n<meta property=\"og:site_name\" content=\"KORUNA HOR \u010cESK\u00c9 REPUBLIKY\" \/>\n<meta property=\"article:modified_time\" content=\"2024-06-02T12:17:57+00:00\" \/>\n<meta property=\"og:image\" content=\"https:\/\/korunahor.cz\/wp-content\/uploads\/2024\/05\/vrcholy-1.jpg\" \/>\n<meta name=\"twitter:card\" content=\"summary_large_image\" \/>\n<meta name=\"twitter:label1\" content=\"Szacowany czas czytania\" \/>\n\t<meta name=\"twitter:data1\" content=\"1 minuta\" \/>\n<script type=\"application\/ld+json\" class=\"yoast-schema-graph\">{\"@context\":\"https:\\\/\\\/schema.org\",\"@graph\":[{\"@type\":\"WebPage\",\"@id\":\"https:\\\/\\\/korunahor.cz\\\/index.php\\\/szczyty\\\/\",\"url\":\"https:\\\/\\\/korunahor.cz\\\/index.php\\\/szczyty\\\/\",\"name\":\"O SEZNAMECH VRCHOL\u016e - KORUNA HOR \u010cESK\u00c9 REPUBLIKY\",\"isPartOf\":{\"@id\":\"https:\\\/\\\/korunahor.cz\\\/#website\"},\"primaryImageOfPage\":{\"@id\":\"https:\\\/\\\/korunahor.cz\\\/index.php\\\/szczyty\\\/#primaryimage\"},\"image\":{\"@id\":\"https:\\\/\\\/korunahor.cz\\\/index.php\\\/szczyty\\\/#primaryimage\"},\"thumbnailUrl\":\"https:\\\/\\\/korunahor.cz\\\/wp-content\\\/uploads\\\/2024\\\/05\\\/vrcholy-1.jpg\",\"datePublished\":\"2020-09-04T12:31:37+00:00\",\"dateModified\":\"2024-06-02T12:17:57+00:00\",\"breadcrumb\":{\"@id\":\"https:\\\/\\\/korunahor.cz\\\/index.php\\\/szczyty\\\/#breadcrumb\"},\"inLanguage\":\"pl-PL\",\"potentialAction\":[{\"@type\":\"ReadAction\",\"target\":[\"https:\\\/\\\/korunahor.cz\\\/index.php\\\/szczyty\\\/\"]}]},{\"@type\":\"ImageObject\",\"inLanguage\":\"pl-PL\",\"@id\":\"https:\\\/\\\/korunahor.cz\\\/index.php\\\/szczyty\\\/#primaryimage\",\"url\":\"https:\\\/\\\/korunahor.cz\\\/wp-content\\\/uploads\\\/2024\\\/05\\\/vrcholy-1.jpg\",\"contentUrl\":\"https:\\\/\\\/korunahor.cz\\\/wp-content\\\/uploads\\\/2024\\\/05\\\/vrcholy-1.jpg\",\"width\":1290,\"height\":779},{\"@type\":\"BreadcrumbList\",\"@id\":\"https:\\\/\\\/korunahor.cz\\\/index.php\\\/szczyty\\\/#breadcrumb\",\"itemListElement\":[{\"@type\":\"ListItem\",\"position\":1,\"name\":\"Strona g\u0142\u00f3wna\",\"item\":\"https:\\\/\\\/korunahor.cz\\\/\"},{\"@type\":\"ListItem\",\"position\":2,\"name\":\"O SEZNAMECH VRCHOL\u016e\"}]},{\"@type\":\"WebSite\",\"@id\":\"https:\\\/\\\/korunahor.cz\\\/#website\",\"url\":\"https:\\\/\\\/korunahor.cz\\\/\",\"name\":\"KORUNA HOR \u010cESK\u00c9 REPUBLIKY\",\"description\":\"R\u00e1di bychom v\u00e1s povzbudili k lep\u0161\u00edmu pozn\u00e1n\u00ed \u010cesk\u00e9 republiky d\u00edky z\u00edsk\u00e1v\u00e1n\u00ed jej\u00edch nejvy\u0161\u0161\u00edch vrch\u016f. Vybrali jsme 81 nejvy\u0161\u0161\u00edch vrchol\u016f nach\u00e1zej\u00edc\u00edch se na \u00fazem\u00ed t\u0159\u00ed ze \u010dty\u0159 geomorfologick\u00fdch provinci\u00ed \u010cesk\u00e9 republiky: \u010cesk\u00e9 Vyso\u010diny Z\u00e1padn\u00edch Karpat St\u0159edoevropsk\u00e9 n\u00ed\u017einy \u010dtvrt\u00e1 provincie, Z\u00e1padopanonsk\u00e1 p\u00e1nev, nebyla zde zahrnuta pro sv\u016fj n\u00ed\u017einn\u00fd charakter.\",\"publisher\":{\"@id\":\"https:\\\/\\\/korunahor.cz\\\/#organization\"},\"potentialAction\":[{\"@type\":\"SearchAction\",\"target\":{\"@type\":\"EntryPoint\",\"urlTemplate\":\"https:\\\/\\\/korunahor.cz\\\/?s={search_term_string}\"},\"query-input\":{\"@type\":\"PropertyValueSpecification\",\"valueRequired\":true,\"valueName\":\"search_term_string\"}}],\"inLanguage\":\"pl-PL\"},{\"@type\":\"Organization\",\"@id\":\"https:\\\/\\\/korunahor.cz\\\/#organization\",\"name\":\"KORUNA HOR \u010cESK\u00c9 REPUBLIKY\",\"url\":\"https:\\\/\\\/korunahor.cz\\\/\",\"logo\":{\"@type\":\"ImageObject\",\"inLanguage\":\"pl-PL\",\"@id\":\"https:\\\/\\\/korunahor.cz\\\/#\\\/schema\\\/logo\\\/image\\\/\",\"url\":\"https:\\\/\\\/korunahor.cz\\\/wp-content\\\/uploads\\\/2020\\\/08\\\/cropped-Gorne-logo-do-strony_CZ_OK-scaled-2.jpg\",\"contentUrl\":\"https:\\\/\\\/korunahor.cz\\\/wp-content\\\/uploads\\\/2020\\\/08\\\/cropped-Gorne-logo-do-strony_CZ_OK-scaled-2.jpg\",\"width\":2560,\"height\":311,\"caption\":\"KORUNA HOR \u010cESK\u00c9 REPUBLIKY\"},\"image\":{\"@id\":\"https:\\\/\\\/korunahor.cz\\\/#\\\/schema\\\/logo\\\/image\\\/\"}}]}<\/script>\n<!-- \/ Yoast SEO plugin. -->","yoast_head_json":{"title":"O SEZNAMECH VRCHOL\u016e - KORUNA HOR \u010cESK\u00c9 REPUBLIKY","robots":{"index":"index","follow":"follow","max-snippet":"max-snippet:-1","max-image-preview":"max-image-preview:large","max-video-preview":"max-video-preview:-1"},"canonical":"https:\/\/korunahor.cz\/index.php\/szczyty\/","og_locale":"pl_PL","og_type":"article","og_title":"O SEZNAMECH VRCHOL\u016e - KORUNA HOR \u010cESK\u00c9 REPUBLIKY","og_description":"Uv\u00e1d\u00edme t\u0159i seznamy, zahrnuj\u00edc\u00ed 81 vrchol\u016f, kter\u00e9 tvo\u0159\u00ed KORUNU HOR \u010cESK\u00c9 REPUBLIKY. Prvn\u00ed je seznam podle stupn\u011b odznaku, od bronzov\u00e9ho p\u0159es st\u0159\u00edbrn\u00fd, zlat\u00fd a\u017e po diamantov\u00fd. Jednotliv\u00e9 stupn\u011b jsou sestaveny od nejni\u017e\u0161\u00edch vrchol\u016f a\u017e po nejvy\u0161\u0161\u00ed. Kliknut\u00edm na n\u00e1zev vrcholu se otev\u0159ou webov\u00e9 str\u00e1nky Mapy.cz s p\u0159esnou polohou. Druh\u00fd seznam je seznam v\u0161ech vrchol\u016f podle...","og_url":"https:\/\/korunahor.cz\/index.php\/szczyty\/","og_site_name":"KORUNA HOR \u010cESK\u00c9 REPUBLIKY","article_modified_time":"2024-06-02T12:17:57+00:00","og_image":[{"url":"https:\/\/korunahor.cz\/wp-content\/uploads\/2024\/05\/vrcholy-1.jpg","type":"","width":"","height":""}],"twitter_card":"summary_large_image","twitter_misc":{"Szacowany czas czytania":"1 minuta"},"schema":{"@context":"https:\/\/schema.org","@graph":[{"@type":"WebPage","@id":"https:\/\/korunahor.cz\/index.php\/szczyty\/","url":"https:\/\/korunahor.cz\/index.php\/szczyty\/","name":"O SEZNAMECH VRCHOL\u016e - KORUNA HOR \u010cESK\u00c9 REPUBLIKY","isPartOf":{"@id":"https:\/\/korunahor.cz\/#website"},"primaryImageOfPage":{"@id":"https:\/\/korunahor.cz\/index.php\/szczyty\/#primaryimage"},"image":{"@id":"https:\/\/korunahor.cz\/index.php\/szczyty\/#primaryimage"},"thumbnailUrl":"https:\/\/korunahor.cz\/wp-content\/uploads\/2024\/05\/vrcholy-1.jpg","datePublished":"2020-09-04T12:31:37+00:00","dateModified":"2024-06-02T12:17:57+00:00","breadcrumb":{"@id":"https:\/\/korunahor.cz\/index.php\/szczyty\/#breadcrumb"},"inLanguage":"pl-PL","potentialAction":[{"@type":"ReadAction","target":["https:\/\/korunahor.cz\/index.php\/szczyty\/"]}]},{"@type":"ImageObject","inLanguage":"pl-PL","@id":"https:\/\/korunahor.cz\/index.php\/szczyty\/#primaryimage","url":"https:\/\/korunahor.cz\/wp-content\/uploads\/2024\/05\/vrcholy-1.jpg","contentUrl":"https:\/\/korunahor.cz\/wp-content\/uploads\/2024\/05\/vrcholy-1.jpg","width":1290,"height":779},{"@type":"BreadcrumbList","@id":"https:\/\/korunahor.cz\/index.php\/szczyty\/#breadcrumb","itemListElement":[{"@type":"ListItem","position":1,"name":"Strona g\u0142\u00f3wna","item":"https:\/\/korunahor.cz\/"},{"@type":"ListItem","position":2,"name":"O SEZNAMECH VRCHOL\u016e"}]},{"@type":"WebSite","@id":"https:\/\/korunahor.cz\/#website","url":"https:\/\/korunahor.cz\/","name":"KORUNA HOR \u010cESK\u00c9 REPUBLIKY","description":"R\u00e1di bychom v\u00e1s povzbudili k lep\u0161\u00edmu pozn\u00e1n\u00ed \u010cesk\u00e9 republiky d\u00edky z\u00edsk\u00e1v\u00e1n\u00ed jej\u00edch nejvy\u0161\u0161\u00edch vrch\u016f. Vybrali jsme 81 nejvy\u0161\u0161\u00edch vrchol\u016f nach\u00e1zej\u00edc\u00edch se na \u00fazem\u00ed t\u0159\u00ed ze \u010dty\u0159 geomorfologick\u00fdch provinci\u00ed \u010cesk\u00e9 republiky: \u010cesk\u00e9 Vyso\u010diny Z\u00e1padn\u00edch Karpat St\u0159edoevropsk\u00e9 n\u00ed\u017einy \u010dtvrt\u00e1 provincie, Z\u00e1padopanonsk\u00e1 p\u00e1nev, nebyla zde zahrnuta pro sv\u016fj n\u00ed\u017einn\u00fd charakter.","publisher":{"@id":"https:\/\/korunahor.cz\/#organization"},"potentialAction":[{"@type":"SearchAction","target":{"@type":"EntryPoint","urlTemplate":"https:\/\/korunahor.cz\/?s={search_term_string}"},"query-input":{"@type":"PropertyValueSpecification","valueRequired":true,"valueName":"search_term_string"}}],"inLanguage":"pl-PL"},{"@type":"Organization","@id":"https:\/\/korunahor.cz\/#organization","name":"KORUNA HOR \u010cESK\u00c9 REPUBLIKY","url":"https:\/\/korunahor.cz\/","logo":{"@type":"ImageObject","inLanguage":"pl-PL","@id":"https:\/\/korunahor.cz\/#\/schema\/logo\/image\/","url":"https:\/\/korunahor.cz\/wp-content\/uploads\/2020\/08\/cropped-Gorne-logo-do-strony_CZ_OK-scaled-2.jpg","contentUrl":"https:\/\/korunahor.cz\/wp-content\/uploads\/2020\/08\/cropped-Gorne-logo-do-strony_CZ_OK-scaled-2.jpg","width":2560,"height":311,"caption":"KORUNA HOR \u010cESK\u00c9 REPUBLIKY"},"image":{"@id":"https:\/\/korunahor.cz\/#\/schema\/logo\/image\/"}}]}},"_links":{"self":[{"href":"https:\/\/korunahor.cz\/index.php\/wp-json\/wp\/v2\/pages\/786","targetHints":{"allow":["GET"]}}],"collection":[{"href":"https:\/\/korunahor.cz\/index.php\/wp-json\/wp\/v2\/pages"}],"about":[{"href":"https:\/\/korunahor.cz\/index.php\/wp-json\/wp\/v2\/types\/page"}],"author":[{"embeddable":true,"href":"https:\/\/korunahor.cz\/index.php\/wp-json\/wp\/v2\/users\/1"}],"replies":[{"embeddable":true,"href":"https:\/\/korunahor.cz\/index.php\/wp-json\/wp\/v2\/comments?post=786"}],"version-history":[{"count":17,"href":"https:\/\/korunahor.cz\/index.php\/wp-json\/wp\/v2\/pages\/786\/revisions"}],"predecessor-version":[{"id":3093,"href":"https:\/\/korunahor.cz\/index.php\/wp-json\/wp\/v2\/pages\/786\/revisions\/3093"}],"wp:attachment":[{"href":"https:\/\/korunahor.cz\/index.php\/wp-json\/wp\/v2\/media?parent=786"}],"curies":[{"name":"wp","href":"https:\/\/api.w.org\/{rel}","templated":true}]}}