{"id":8,"date":"2020-08-29T14:20:26","date_gmt":"2020-08-29T12:20:26","guid":{"rendered":"http:\/\/korunahor.cz\/?page_id=8"},"modified":"2022-04-02T23:43:50","modified_gmt":"2022-04-02T21:43:50","slug":"o-nas","status":"publish","type":"page","link":"https:\/\/korunahor.cz\/index.php\/o-nas\/","title":{"rendered":"O N\u00c1S"},"content":{"rendered":"<p><\/p>\r\n<p>Pragniemy zach\u0119ci\u0107 Pa\u0144stwa do bli\u017cszego poznania Republiki Czeskiej poprzez zdobywanie jej najwy\u017cszych wzniesie\u0144. Wybrali\u015bmy najwy\u017csze <strong>82 szczyty,<\/strong> znajduj\u0105ce si\u0119 na terenach trzech z <a rel=\"noreferrer noopener\" href=\"http:\/\/korunahor.cz\/wp-content\/uploads\/2020\/08\/Czech_Republic_geomorphological_z-tekstem.jpg\" target=\"_blank\"><strong>czterech geomorfologicznych prowincji Republiki Czeskiej<\/strong><\/a>:<br \/><a rel=\"noreferrer noopener\" href=\"http:\/\/korunahor.cz\/wp-content\/uploads\/2020\/08\/Ceska-Vysocina-z-tekstem.jpg\" target=\"_blank\"><strong>Masywu Czeskiego (\u010cesk\u00e1 Vyso\u010dina)<\/strong><\/a><br \/><a rel=\"noreferrer noopener\" href=\"http:\/\/korunahor.cz\/wp-content\/uploads\/2020\/08\/Zapadni-Karpaty-z-tekstem.jpg\" target=\"_blank\"><strong>Karpat Zachodnich (Z\u00e1padn\u00ed Karpaty)<\/strong><\/a><br \/><a rel=\"noreferrer noopener\" href=\"http:\/\/korunahor.cz\/wp-content\/uploads\/2020\/08\/Stredoevropska-nizina-z-tekstem.jpg\" target=\"_blank\"><strong>Niziny \u015arodkowoeuropejskiej (St\u0159edoevropsk\u00e1 n\u00ed\u017eina)<\/strong><\/a><br \/>Czwarta prowincja, <a rel=\"noreferrer noopener\" href=\"http:\/\/korunahor.cz\/wp-content\/uploads\/2020\/08\/Nizina-Zachodniopanonska-z-tekstem.jpg\" target=\"_blank\"><strong>Nizina Zachodniopano\u0144ska<\/strong><\/a>, nie zosta\u0142a uj\u0119ta ze wzgl\u0119du na ca\u0142kowicie nizinny charakter.<\/p>\r\n<p><\/p>\r\n<p><\/p>\r\n<p>Wymienione <strong>prowincje<\/strong> dziel\u0105 si\u0119 na mniejsze jednostki \u2013 <strong>subprowincje<\/strong>. Te natomiast na <strong>makroregiony<\/strong>, kt\u00f3re sk\u0142adaj\u0105 si\u0119 z jeszcze mniejszych <strong>jednostek \u2013 mezoregion\u00f3w<\/strong>.<\/p>\r\n<p><\/p>\r\n<p><\/p>\r\n<p>W opracowaniu znalaz\u0142y si\u0119 wzniesienia wi\u0119kszo\u015bci wymienionych jednostek. Niekt\u00f3re \u2013 jak <a rel=\"noreferrer noopener\" href=\"https:\/\/pl.mapy.cz\/s\/dagakamule\" target=\"_blank\">\u015anie\u017cka<\/a> czy <a rel=\"noreferrer noopener\" href=\"https:\/\/pl.mapy.cz\/s\/jasuvutoca\" target=\"_blank\">Pradziad<\/a> \u2013 s\u0105 bardzo popularne i przez to cz\u0119sto odwiedzane. W wielu przypadkach s\u0105 to jednak g\u00f3ry i wzniesienia prawie nieznane.<\/p>\r\n<p><\/p>\r\n<p><\/p>\r\n<p>Poniewa\u017c naszym celem by\u0142o nie tylko zach\u0119cenie Pa\u0144stwa do wej\u015bcia na najwy\u017csze szczyty Republiki Czeskiej, proponujemy r\u00f3wnie\u017c odwiedzenie interesuj\u0105cych miejsc i obiekt\u00f3w, kt\u00f3re s\u0105 po\u0142o\u017cone stosunkowo niedaleko od zdobywanych wzniesie\u0144. Pozwoli to Pa\u0144stwu na poznanie wielu ciekawych miejscowo\u015bci, zobaczenia wspania\u0142ych zabytk\u00f3w architektury i odkrycia urokliwych atrakcji przyrodniczych, kt\u00f3re stanowi\u0105 o fascynuj\u0105cej r\u00f3\u017cnorodno\u015bci kraju naszych s\u0105siad\u00f3w.<\/p>\r\n<p><\/p>\r\n<p><\/p>\r\n<p class=\"has-text-align-right\">Zapraszamy!<\/p>\r\n<p><\/p>","protected":false},"excerpt":{"rendered":"<p>Pragniemy zach\u0119ci\u0107 Pa\u0144stwa do bli\u017cszego poznania Republiki Czeskiej poprzez zdobywanie jej najwy\u017cszych wzniesie\u0144. Wybrali\u015bmy najwy\u017csze 82 szczyty, znajduj\u0105ce si\u0119 na terenach trzech z czterech geomorfologicznych prowincji Republiki Czeskiej:Masywu Czeskiego (\u010cesk\u00e1 Vyso\u010dina)Karpat Zachodnich (Z\u00e1padn\u00ed Karpaty)Niziny \u015arodkowoeuropejskiej (St\u0159edoevropsk\u00e1 n\u00ed\u017eina)Czwarta prowincja, Nizina Zachodniopano\u0144ska, nie zosta\u0142a uj\u0119ta ze wzgl\u0119du na ca\u0142kowicie nizinny charakter. Wymienione prowincje dziel\u0105 si\u0119 na mniejsze&#8230;<\/p>\n","protected":false},"author":1,"featured_media":0,"parent":0,"menu_order":1,"comment_status":"closed","ping_status":"closed","template":"","meta":{"footnotes":""},"class_list":["post-8","page","type-page","status-publish","hentry"],"yoast_head":"<!-- This site is optimized with the Yoast SEO plugin v27.4 - https:\/\/yoast.com\/product\/yoast-seo-wordpress\/ -->\n<title>O N\u00c1S - KORUNA HOR \u010cESK\u00c9 REPUBLIKY<\/title>\n<meta name=\"description\" content=\"Pragniemy zach\u0119ci\u0107 Pa\u0144stwa do bli\u017cszego poznania Republiki Czeskiej poprzez zdobywanie jej najwy\u017cszych wzniesie\u0144\" \/>\n<meta name=\"robots\" content=\"index, follow, max-snippet:-1, max-image-preview:large, max-video-preview:-1\" \/>\n<link rel=\"canonical\" href=\"https:\/\/korunahor.cz\/index.php\/o-nas\/\" \/>\n<meta property=\"og:locale\" content=\"pl_PL\" \/>\n<meta property=\"og:type\" content=\"article\" \/>\n<meta property=\"og:title\" content=\"O N\u00c1S - KORUNA HOR \u010cESK\u00c9 REPUBLIKY\" \/>\n<meta property=\"og:description\" content=\"Pragniemy zach\u0119ci\u0107 Pa\u0144stwa do bli\u017cszego poznania Republiki Czeskiej poprzez zdobywanie jej najwy\u017cszych wzniesie\u0144\" \/>\n<meta property=\"og:url\" content=\"https:\/\/korunahor.cz\/index.php\/o-nas\/\" \/>\n<meta property=\"og:site_name\" content=\"KORUNA HOR \u010cESK\u00c9 REPUBLIKY\" \/>\n<meta property=\"article:modified_time\" content=\"2022-04-02T21:43:50+00:00\" \/>\n<meta name=\"twitter:card\" content=\"summary_large_image\" \/>\n<meta name=\"twitter:label1\" content=\"Szacowany czas czytania\" \/>\n\t<meta name=\"twitter:data1\" content=\"1 minuta\" \/>\n<script type=\"application\/ld+json\" class=\"yoast-schema-graph\">{\"@context\":\"https:\\\/\\\/schema.org\",\"@graph\":[{\"@type\":\"WebPage\",\"@id\":\"https:\\\/\\\/korunahor.cz\\\/index.php\\\/o-nas\\\/\",\"url\":\"https:\\\/\\\/korunahor.cz\\\/index.php\\\/o-nas\\\/\",\"name\":\"O N\u00c1S - KORUNA HOR \u010cESK\u00c9 REPUBLIKY\",\"isPartOf\":{\"@id\":\"https:\\\/\\\/korunahor.cz\\\/#website\"},\"datePublished\":\"2020-08-29T12:20:26+00:00\",\"dateModified\":\"2022-04-02T21:43:50+00:00\",\"description\":\"Pragniemy zach\u0119ci\u0107 Pa\u0144stwa do bli\u017cszego poznania Republiki Czeskiej poprzez zdobywanie jej najwy\u017cszych wzniesie\u0144\",\"breadcrumb\":{\"@id\":\"https:\\\/\\\/korunahor.cz\\\/index.php\\\/o-nas\\\/#breadcrumb\"},\"inLanguage\":\"pl-PL\",\"potentialAction\":[{\"@type\":\"ReadAction\",\"target\":[\"https:\\\/\\\/korunahor.cz\\\/index.php\\\/o-nas\\\/\"]}]},{\"@type\":\"BreadcrumbList\",\"@id\":\"https:\\\/\\\/korunahor.cz\\\/index.php\\\/o-nas\\\/#breadcrumb\",\"itemListElement\":[{\"@type\":\"ListItem\",\"position\":1,\"name\":\"Strona g\u0142\u00f3wna\",\"item\":\"https:\\\/\\\/korunahor.cz\\\/\"},{\"@type\":\"ListItem\",\"position\":2,\"name\":\"O N\u00c1S\"}]},{\"@type\":\"WebSite\",\"@id\":\"https:\\\/\\\/korunahor.cz\\\/#website\",\"url\":\"https:\\\/\\\/korunahor.cz\\\/\",\"name\":\"KORUNA HOR \u010cESK\u00c9 REPUBLIKY\",\"description\":\"R\u00e1di bychom v\u00e1s povzbudili k lep\u0161\u00edmu pozn\u00e1n\u00ed \u010cesk\u00e9 republiky d\u00edky z\u00edsk\u00e1v\u00e1n\u00ed jej\u00edch nejvy\u0161\u0161\u00edch vrch\u016f. Vybrali jsme 81 nejvy\u0161\u0161\u00edch vrchol\u016f nach\u00e1zej\u00edc\u00edch se na \u00fazem\u00ed t\u0159\u00ed ze \u010dty\u0159 geomorfologick\u00fdch provinci\u00ed \u010cesk\u00e9 republiky: \u010cesk\u00e9 Vyso\u010diny Z\u00e1padn\u00edch Karpat St\u0159edoevropsk\u00e9 n\u00ed\u017einy \u010dtvrt\u00e1 provincie, Z\u00e1padopanonsk\u00e1 p\u00e1nev, nebyla zde zahrnuta pro sv\u016fj n\u00ed\u017einn\u00fd charakter.\",\"publisher\":{\"@id\":\"https:\\\/\\\/korunahor.cz\\\/#organization\"},\"potentialAction\":[{\"@type\":\"SearchAction\",\"target\":{\"@type\":\"EntryPoint\",\"urlTemplate\":\"https:\\\/\\\/korunahor.cz\\\/?s={search_term_string}\"},\"query-input\":{\"@type\":\"PropertyValueSpecification\",\"valueRequired\":true,\"valueName\":\"search_term_string\"}}],\"inLanguage\":\"pl-PL\"},{\"@type\":\"Organization\",\"@id\":\"https:\\\/\\\/korunahor.cz\\\/#organization\",\"name\":\"KORUNA HOR \u010cESK\u00c9 REPUBLIKY\",\"url\":\"https:\\\/\\\/korunahor.cz\\\/\",\"logo\":{\"@type\":\"ImageObject\",\"inLanguage\":\"pl-PL\",\"@id\":\"https:\\\/\\\/korunahor.cz\\\/#\\\/schema\\\/logo\\\/image\\\/\",\"url\":\"https:\\\/\\\/korunahor.cz\\\/wp-content\\\/uploads\\\/2020\\\/08\\\/cropped-Gorne-logo-do-strony_CZ_OK-scaled-2.jpg\",\"contentUrl\":\"https:\\\/\\\/korunahor.cz\\\/wp-content\\\/uploads\\\/2020\\\/08\\\/cropped-Gorne-logo-do-strony_CZ_OK-scaled-2.jpg\",\"width\":2560,\"height\":311,\"caption\":\"KORUNA HOR \u010cESK\u00c9 REPUBLIKY\"},\"image\":{\"@id\":\"https:\\\/\\\/korunahor.cz\\\/#\\\/schema\\\/logo\\\/image\\\/\"}}]}<\/script>\n<!-- \/ Yoast SEO plugin. -->","yoast_head_json":{"title":"O N\u00c1S - KORUNA HOR \u010cESK\u00c9 REPUBLIKY","description":"Pragniemy zach\u0119ci\u0107 Pa\u0144stwa do bli\u017cszego poznania Republiki Czeskiej poprzez zdobywanie jej najwy\u017cszych wzniesie\u0144","robots":{"index":"index","follow":"follow","max-snippet":"max-snippet:-1","max-image-preview":"max-image-preview:large","max-video-preview":"max-video-preview:-1"},"canonical":"https:\/\/korunahor.cz\/index.php\/o-nas\/","og_locale":"pl_PL","og_type":"article","og_title":"O N\u00c1S - KORUNA HOR \u010cESK\u00c9 REPUBLIKY","og_description":"Pragniemy zach\u0119ci\u0107 Pa\u0144stwa do bli\u017cszego poznania Republiki Czeskiej poprzez zdobywanie jej najwy\u017cszych wzniesie\u0144","og_url":"https:\/\/korunahor.cz\/index.php\/o-nas\/","og_site_name":"KORUNA HOR \u010cESK\u00c9 REPUBLIKY","article_modified_time":"2022-04-02T21:43:50+00:00","twitter_card":"summary_large_image","twitter_misc":{"Szacowany czas czytania":"1 minuta"},"schema":{"@context":"https:\/\/schema.org","@graph":[{"@type":"WebPage","@id":"https:\/\/korunahor.cz\/index.php\/o-nas\/","url":"https:\/\/korunahor.cz\/index.php\/o-nas\/","name":"O N\u00c1S - KORUNA HOR \u010cESK\u00c9 REPUBLIKY","isPartOf":{"@id":"https:\/\/korunahor.cz\/#website"},"datePublished":"2020-08-29T12:20:26+00:00","dateModified":"2022-04-02T21:43:50+00:00","description":"Pragniemy zach\u0119ci\u0107 Pa\u0144stwa do bli\u017cszego poznania Republiki Czeskiej poprzez zdobywanie jej najwy\u017cszych wzniesie\u0144","breadcrumb":{"@id":"https:\/\/korunahor.cz\/index.php\/o-nas\/#breadcrumb"},"inLanguage":"pl-PL","potentialAction":[{"@type":"ReadAction","target":["https:\/\/korunahor.cz\/index.php\/o-nas\/"]}]},{"@type":"BreadcrumbList","@id":"https:\/\/korunahor.cz\/index.php\/o-nas\/#breadcrumb","itemListElement":[{"@type":"ListItem","position":1,"name":"Strona g\u0142\u00f3wna","item":"https:\/\/korunahor.cz\/"},{"@type":"ListItem","position":2,"name":"O N\u00c1S"}]},{"@type":"WebSite","@id":"https:\/\/korunahor.cz\/#website","url":"https:\/\/korunahor.cz\/","name":"KORUNA HOR \u010cESK\u00c9 REPUBLIKY","description":"R\u00e1di bychom v\u00e1s povzbudili k lep\u0161\u00edmu pozn\u00e1n\u00ed \u010cesk\u00e9 republiky d\u00edky z\u00edsk\u00e1v\u00e1n\u00ed jej\u00edch nejvy\u0161\u0161\u00edch vrch\u016f. Vybrali jsme 81 nejvy\u0161\u0161\u00edch vrchol\u016f nach\u00e1zej\u00edc\u00edch se na \u00fazem\u00ed t\u0159\u00ed ze \u010dty\u0159 geomorfologick\u00fdch provinci\u00ed \u010cesk\u00e9 republiky: \u010cesk\u00e9 Vyso\u010diny Z\u00e1padn\u00edch Karpat St\u0159edoevropsk\u00e9 n\u00ed\u017einy \u010dtvrt\u00e1 provincie, Z\u00e1padopanonsk\u00e1 p\u00e1nev, nebyla zde zahrnuta pro sv\u016fj n\u00ed\u017einn\u00fd charakter.","publisher":{"@id":"https:\/\/korunahor.cz\/#organization"},"potentialAction":[{"@type":"SearchAction","target":{"@type":"EntryPoint","urlTemplate":"https:\/\/korunahor.cz\/?s={search_term_string}"},"query-input":{"@type":"PropertyValueSpecification","valueRequired":true,"valueName":"search_term_string"}}],"inLanguage":"pl-PL"},{"@type":"Organization","@id":"https:\/\/korunahor.cz\/#organization","name":"KORUNA HOR \u010cESK\u00c9 REPUBLIKY","url":"https:\/\/korunahor.cz\/","logo":{"@type":"ImageObject","inLanguage":"pl-PL","@id":"https:\/\/korunahor.cz\/#\/schema\/logo\/image\/","url":"https:\/\/korunahor.cz\/wp-content\/uploads\/2020\/08\/cropped-Gorne-logo-do-strony_CZ_OK-scaled-2.jpg","contentUrl":"https:\/\/korunahor.cz\/wp-content\/uploads\/2020\/08\/cropped-Gorne-logo-do-strony_CZ_OK-scaled-2.jpg","width":2560,"height":311,"caption":"KORUNA HOR \u010cESK\u00c9 REPUBLIKY"},"image":{"@id":"https:\/\/korunahor.cz\/#\/schema\/logo\/image\/"}}]}},"_links":{"self":[{"href":"https:\/\/korunahor.cz\/index.php\/wp-json\/wp\/v2\/pages\/8","targetHints":{"allow":["GET"]}}],"collection":[{"href":"https:\/\/korunahor.cz\/index.php\/wp-json\/wp\/v2\/pages"}],"about":[{"href":"https:\/\/korunahor.cz\/index.php\/wp-json\/wp\/v2\/types\/page"}],"author":[{"embeddable":true,"href":"https:\/\/korunahor.cz\/index.php\/wp-json\/wp\/v2\/users\/1"}],"replies":[{"embeddable":true,"href":"https:\/\/korunahor.cz\/index.php\/wp-json\/wp\/v2\/comments?post=8"}],"version-history":[{"count":9,"href":"https:\/\/korunahor.cz\/index.php\/wp-json\/wp\/v2\/pages\/8\/revisions"}],"predecessor-version":[{"id":2966,"href":"https:\/\/korunahor.cz\/index.php\/wp-json\/wp\/v2\/pages\/8\/revisions\/2966"}],"wp:attachment":[{"href":"https:\/\/korunahor.cz\/index.php\/wp-json\/wp\/v2\/media?parent=8"}],"curies":[{"name":"wp","href":"https:\/\/api.w.org\/{rel}","templated":true}]}}