{"id":942,"date":"2020-09-15T15:09:58","date_gmt":"2020-09-15T13:09:58","guid":{"rendered":"http:\/\/korunahor.cz\/?page_id=942"},"modified":"2021-09-26T10:38:30","modified_gmt":"2021-09-26T08:38:30","slug":"942-2","status":"publish","type":"page","link":"https:\/\/korunahor.cz\/","title":{"rendered":""},"content":{"rendered":"<p><span style=\"font-family: tahoma, arial, helvetica, sans-serif;\"><span class=\"gmail_default\">\u200b\u200b<\/span>Chcete (je\u0161t\u011b l\u00e9pe) poznat \u010ceskou republiku?<span class=\"gmail_default\">\u200b \u200b<\/span>Co takhle zdolat (v\u0161echny) jej\u00ed vrcholy? Vybrali<span class=\"gmail_default\">\u200b \u200b<\/span>jsme pro v\u00e1s 81 nejvy\u0161\u0161\u00edch, kter\u00e9 se nach\u00e1zej\u00ed<span class=\"gmail_default\">\u200b \u200b<\/span>na \u00fazem\u00ed t\u0159\u00ed ze \u010dty\u0159 geomorfologick\u00fdch provinci\u00ed, na n\u011b\u017e se \u010cesko \u010dlen\u00ed.<\/span><br \/><br \/><span style=\"font-family: tahoma, arial, helvetica, sans-serif;\">V na\u0161em zpracov\u00e1n\u00ed se objevily velmi obl\u00edben\u00e9<span class=\"gmail_default\">\u200b \u200b<\/span>vrcholy \u2013 t\u0159eba Sn\u011b\u017eka nebo Prad\u011bd \u2013 kter\u00e9 se<span class=\"gmail_default\">\u200b \u200b<\/span>t\u011b\u0161\u00ed velk\u00e9 n\u00e1v\u0161t\u011bvnosti, ale stejn\u011b tak i hory a<span class=\"gmail_default\">\u200b \u200b<\/span>kopce skoro nezn\u00e1m\u00e9.<\/span><br \/><br \/><span style=\"font-family: tahoma, arial, helvetica, sans-serif;\">Sice jsme si dali za \u00fakol povzbudit v\u00e1s k v\u00fdstupu na nejvy\u0161\u0161\u00ed \u010desk\u00e9 vrcholy, ale p\u0159i t\u00e9to p\u0159\u00edle\u017eitosti z\u00e1rove\u0148 navrhujeme nav\u0161t\u00edvit atraktivn\u00ed lokality a objekty, nach\u00e1zej\u00edc\u00ed se v jejich<span class=\"gmail_default\">\u200b \u200b<\/span>p\u0159\u00edm\u00e9m okol\u00ed. Umo\u017en\u00ed v\u00e1m to poznat mnoho<span class=\"gmail_default\">\u200b \u200b<\/span>pozoruhodn\u00fdch m\u00edst, prohl\u00e9dnout si \u00fa\u017easn\u00e9<span class=\"gmail_default\">\u200b \u200b<\/span>architektonick\u00e9 pam\u00e1tky a objevit okouzluj\u00edc\u00ed<span class=\"gmail_default\">\u200b \u200b<\/span>p\u0159\u00edrodn\u00ed zaj\u00edmavosti, kter\u00e9 tvo\u0159\u00ed vskutku fasci<span class=\"gmail_default\">\u200b\u200b<\/span>nuj\u00edc\u00ed pestrost \u010desk\u00e9 zem\u011b.<\/span><br \/><br \/><span style=\"font-family: tahoma, arial, helvetica, sans-serif;\">Pr\u00e1v\u011b proto jsme pro v\u00e1s p\u0159ipravili \u010dty\u0159stup\u0148ov\u00fd odznak Koruny hor \u010cesk\u00e9 republiky a tak\u00e9<span class=\"gmail_default\">\u200b \u200b<\/span>kn\u00ed\u017eku se 176 stranami, do kter\u00e9 m\u016f\u017eete nejen<span class=\"gmail_default\">\u200b \u200b<\/span>sb\u00edrat potvrzen\u00ed dobyt\u00fdch vrchol\u016f, ale najdete vn\u00ed i mapky, GPS sou\u0159adnice a kr\u00e1tk\u00e9 informace<span class=\"gmail_default\">\u200b \u200b<\/span>o tom, co zaj\u00edmav\u00e9ho k vid\u011bn\u00ed je v okol\u00ed nav\u0161t\u011bvovan\u00fdch vrch\u016f.<\/span><\/p>\r\n<p><span style=\"font-family: tahoma, arial, helvetica, sans-serif;\">Po kliknut\u00ed na odznak se zobraz\u00ed seznam vrchol\u016f, kter\u00e9 je t\u0159eba dob\u00fdt pro dan\u00fd stupe\u0148. Vrcholy jsou sestaveny v po\u0159ad\u00ed od nejni\u017e\u0161\u00edho po nejvy\u0161\u0161\u00ed. Pod t\u00edmto seznamem najdete informace o fyzickogeografick\u00fdch regionech a tak\u00e9 n\u011bkolik tip\u016f na v\u00fdlety.<\/span><\/p>\r\n<p><span style=\"font-family: tahoma, arial, helvetica, sans-serif;\">Na e-mailovou adresu \u2013 <span style=\"color: #3366ff;\"><a href=\"mailto:info@korunahor.cz\" target=\"_blank\" rel=\"noopener\" style=\"color: #3366ff;\">info@korunahor.cz<\/a><\/span><a href=\"mailto:klub@korunahor.cz\"><\/a>\u00a0\u2013 m\u016f\u017eete zas\u00edlat fotografie, kter\u00e9 byly po\u0159\u00edzeny b\u011bhem dob\u00fdv\u00e1n\u00ed nejvy\u0161\u0161\u00edch vrch\u016f \u010cesk\u00e9 republiky. Budeme r\u00e1di, kdy\u017e n\u00e1m po\u0161lete nejen fotografie z vrchol\u016f, ale tak\u00e9 z m\u00edst, je\u017e objev\u00edte b\u011bhem sv\u00e9ho putov\u00e1n\u00ed. \u010casem se takov\u00e1 galerie stane jak\u00fdmsi pr\u016fvodcem po na\u0161\u00ed mimo\u0159\u00e1dn\u00e9 zemi.<\/span><\/p>\r\n<p><!-- \/wp:post-content --><\/p>\r\n<p><!-- wp:table {\"className\":\"is-style-regular\"} --><\/p>\r\n<figure class=\"wp-block-table is-style-regular\">\r\n<div id=\"wpsecol-cd64fba1-642b-7cc9-8b32-21d5ee4d2006\" class=\"csRow\">\r\n<div class=\"csColumnGap\" style=\"margin: 0; padding: 0; float: left; width: 0%;\"><img decoding=\"async\" src=\"https:\/\/korunahor.cz\/wp-content\/plugins\/wp-smart-editor\/plugins\/columns\/img\/1x1-pixel.png\" \/><\/div>\r\n<div class=\"csColumn\" style=\"margin: 0; padding: 0; float: left; width: 23.893805309734514%;\" data-posx0=\"0\" data-posx1=\"24.004424778761063\" data-padding=\"0\" data-responsive=\"1\">\r\n<div style=\"padding: 0px;\">\r\n<div class=\"preview_text csColumn_text\">\r\n<p><a href=\"https:\/\/korunahor.cz\/index.php\/zestawienie-wzniesien-i-ich-wysokosci-na-odznake-brazowa\/\" data-type=\"page\" data-id=\"1024\"><img loading=\"lazy\" decoding=\"async\" class=\"aligncenter wp-image-504\" style=\"width: 150px;\" src=\"http:\/\/korunahor.cz\/wp-content\/uploads\/2020\/08\/BRAZ_STR_male.jpg\" alt=\"\" width=\"150\" height=\"150\" \/><\/a><\/p>\r\n<\/div>\r\n<\/div>\r\n<\/div>\r\n<div class=\"csColumnGap\" style=\"margin: 0; padding: 0; float: left; width: 1.3274336283185841%;\"><img decoding=\"async\" src=\"https:\/\/korunahor.cz\/wp-content\/plugins\/wp-smart-editor\/plugins\/columns\/img\/1x1-pixel.png\" \/><\/div>\r\n<div class=\"csColumn\" style=\"margin: 0; padding: 0; float: left; width: 23.893805309734514%;\" data-posx0=\"25.331858407079643\" data-posx1=\"49.336283185840706\" data-padding=\"0\" data-responsive=\"1\">\r\n<div style=\"padding: 0px;\">\r\n<div class=\"preview_text csColumn_text\">\r\n<p><a href=\"https:\/\/korunahor.cz\/index.php\/zestawienie-wzniesien-i-ich-wysokosci-na-odznake-srebrna\/\" data-type=\"page\" data-id=\"1036\"><img loading=\"lazy\" decoding=\"async\" class=\"aligncenter wp-image-506\" style=\"width: 150px;\" src=\"http:\/\/korunahor.cz\/wp-content\/uploads\/2020\/08\/SREBRO_STR_male.jpg\" alt=\"\" width=\"150\" height=\"150\" \/><\/a><\/p>\r\n<\/div>\r\n<\/div>\r\n<\/div>\r\n<div class=\"csColumnGap\" style=\"margin: 0; padding: 0; float: left; width: 1.3274336283185841%;\"><img decoding=\"async\" src=\"https:\/\/korunahor.cz\/wp-content\/plugins\/wp-smart-editor\/plugins\/columns\/img\/1x1-pixel.png\" \/><\/div>\r\n<div class=\"csColumn\" style=\"margin: 0; padding: 0; float: left; width: 23.893805309734514%;\" data-posx0=\"50.66371681415929\" data-posx1=\"74.66814159292035\" data-padding=\"0\" data-responsive=\"1\">\r\n<div style=\"padding: 0px;\">\r\n<div class=\"preview_text csColumn_text\">\r\n<p><a href=\"https:\/\/korunahor.cz\/index.php\/zestawienie-wzniesien-i-ich-wysokosci-na-odznake-zlota\/\" data-type=\"page\" data-id=\"1041\"><img loading=\"lazy\" decoding=\"async\" class=\"aligncenter wp-image-507\" style=\"width: 150px;\" src=\"http:\/\/korunahor.cz\/wp-content\/uploads\/2020\/08\/ZLOTO_STR_male.jpg\" alt=\"\" width=\"150\" height=\"150\" \/><\/a><\/p>\r\n<\/div>\r\n<\/div>\r\n<\/div>\r\n<div class=\"csColumnGap\" style=\"margin: 0; padding: 0; float: left; width: 1.3274336283185841%;\"><img decoding=\"async\" src=\"https:\/\/korunahor.cz\/wp-content\/plugins\/wp-smart-editor\/plugins\/columns\/img\/1x1-pixel.png\" \/><\/div>\r\n<div class=\"csColumn\" style=\"margin: 0; padding: 0; float: left; width: 23.893805309734514%;\" data-posx0=\"75.99557522123894\" data-posx1=\"100\" data-padding=\"0\" data-responsive=\"1\">\r\n<div style=\"padding: 0px;\">\r\n<div class=\"preview_text csColumn_text\">\r\n<p><a href=\"https:\/\/korunahor.cz\/index.php\/zestawienie-wzniesien-i-ich-wysokosci-na-odznake-diamentowa\/\" data-type=\"page\" data-id=\"1032\"><img loading=\"lazy\" decoding=\"async\" class=\"aligncenter wp-image-505\" style=\"width: 150px;\" src=\"http:\/\/korunahor.cz\/wp-content\/uploads\/2020\/08\/DIAMENT_STR_male.jpg\" alt=\"\" width=\"150\" height=\"150\" \/><\/a><\/p>\r\n<\/div>\r\n<\/div>\r\n<\/div>\r\n<div class=\"csColumnGap\" style=\"margin: 0; padding: 0; float: left; width: 0.44247787610621003%;\"><img decoding=\"async\" src=\"https:\/\/korunahor.cz\/wp-content\/plugins\/wp-smart-editor\/plugins\/columns\/img\/1x1-pixel.png\" \/><\/div>\r\n<\/div>\r\n<\/figure>\r\n<p><!-- \/wp:table --><\/p>","protected":false},"excerpt":{"rendered":"<p>\u200b\u200bChcete (je\u0161t\u011b l\u00e9pe) poznat \u010ceskou republiku?\u200b \u200bCo takhle zdolat (v\u0161echny) jej\u00ed vrcholy? Vybrali\u200b \u200bjsme pro v\u00e1s 81 nejvy\u0161\u0161\u00edch, kter\u00e9 se nach\u00e1zej\u00ed\u200b \u200bna \u00fazem\u00ed t\u0159\u00ed ze \u010dty\u0159 geomorfologick\u00fdch provinci\u00ed, na n\u011b\u017e se \u010cesko \u010dlen\u00ed. V na\u0161em zpracov\u00e1n\u00ed se objevily velmi obl\u00edben\u00e9\u200b \u200bvrcholy \u2013 t\u0159eba Sn\u011b\u017eka nebo Prad\u011bd \u2013 kter\u00e9 se\u200b \u200bt\u011b\u0161\u00ed velk\u00e9 n\u00e1v\u0161t\u011bvnosti, ale stejn\u011b tak&#8230;<\/p>\n","protected":false},"author":1,"featured_media":0,"parent":0,"menu_order":0,"comment_status":"closed","ping_status":"closed","template":"","meta":{"footnotes":""},"class_list":["post-942","page","type-page","status-publish","hentry"],"yoast_head":"<!-- This site is optimized with the Yoast SEO plugin v27.4 - https:\/\/yoast.com\/product\/yoast-seo-wordpress\/ -->\n<title>- KORUNA HOR \u010cESK\u00c9 REPUBLIKY<\/title>\n<meta name=\"robots\" content=\"index, follow, max-snippet:-1, max-image-preview:large, max-video-preview:-1\" \/>\n<link rel=\"canonical\" href=\"https:\/\/korunahor.cz\/\" \/>\n<meta property=\"og:locale\" content=\"pl_PL\" \/>\n<meta property=\"og:type\" content=\"article\" \/>\n<meta property=\"og:title\" content=\"- KORUNA HOR \u010cESK\u00c9 REPUBLIKY\" \/>\n<meta property=\"og:description\" content=\"\u200b\u200bChcete (je\u0161t\u011b l\u00e9pe) poznat \u010ceskou republiku?\u200b \u200bCo takhle zdolat (v\u0161echny) jej\u00ed vrcholy? Vybrali\u200b \u200bjsme pro v\u00e1s 81 nejvy\u0161\u0161\u00edch, kter\u00e9 se nach\u00e1zej\u00ed\u200b \u200bna \u00fazem\u00ed t\u0159\u00ed ze \u010dty\u0159 geomorfologick\u00fdch provinci\u00ed, na n\u011b\u017e se \u010cesko \u010dlen\u00ed. V na\u0161em zpracov\u00e1n\u00ed se objevily velmi obl\u00edben\u00e9\u200b \u200bvrcholy \u2013 t\u0159eba Sn\u011b\u017eka nebo Prad\u011bd \u2013 kter\u00e9 se\u200b \u200bt\u011b\u0161\u00ed velk\u00e9 n\u00e1v\u0161t\u011bvnosti, ale stejn\u011b tak...\" \/>\n<meta property=\"og:url\" content=\"https:\/\/korunahor.cz\/\" \/>\n<meta property=\"og:site_name\" content=\"KORUNA HOR \u010cESK\u00c9 REPUBLIKY\" \/>\n<meta property=\"article:modified_time\" content=\"2021-09-26T08:38:30+00:00\" \/>\n<meta property=\"og:image\" content=\"https:\/\/korunahor.cz\/wp-content\/plugins\/wp-smart-editor\/plugins\/columns\/img\/1x1-pixel.png\" \/>\n<meta name=\"twitter:card\" content=\"summary_large_image\" \/>\n<meta name=\"twitter:label1\" content=\"Szacowany czas czytania\" \/>\n\t<meta name=\"twitter:data1\" content=\"2 minuty\" \/>\n<script type=\"application\/ld+json\" class=\"yoast-schema-graph\">{\"@context\":\"https:\\\/\\\/schema.org\",\"@graph\":[{\"@type\":\"WebPage\",\"@id\":\"https:\\\/\\\/korunahor.cz\\\/\",\"url\":\"https:\\\/\\\/korunahor.cz\\\/\",\"name\":\"- KORUNA HOR \u010cESK\u00c9 REPUBLIKY\",\"isPartOf\":{\"@id\":\"https:\\\/\\\/korunahor.cz\\\/#website\"},\"primaryImageOfPage\":{\"@id\":\"https:\\\/\\\/korunahor.cz\\\/#primaryimage\"},\"image\":{\"@id\":\"https:\\\/\\\/korunahor.cz\\\/#primaryimage\"},\"thumbnailUrl\":\"https:\\\/\\\/korunahor.cz\\\/wp-content\\\/plugins\\\/wp-smart-editor\\\/plugins\\\/columns\\\/img\\\/1x1-pixel.png\",\"datePublished\":\"2020-09-15T13:09:58+00:00\",\"dateModified\":\"2021-09-26T08:38:30+00:00\",\"inLanguage\":\"pl-PL\",\"potentialAction\":[{\"@type\":\"ReadAction\",\"target\":[\"https:\\\/\\\/korunahor.cz\\\/\"]}]},{\"@type\":\"ImageObject\",\"inLanguage\":\"pl-PL\",\"@id\":\"https:\\\/\\\/korunahor.cz\\\/#primaryimage\",\"url\":\"https:\\\/\\\/korunahor.cz\\\/wp-content\\\/plugins\\\/wp-smart-editor\\\/plugins\\\/columns\\\/img\\\/1x1-pixel.png\",\"contentUrl\":\"https:\\\/\\\/korunahor.cz\\\/wp-content\\\/plugins\\\/wp-smart-editor\\\/plugins\\\/columns\\\/img\\\/1x1-pixel.png\"},{\"@type\":\"WebSite\",\"@id\":\"https:\\\/\\\/korunahor.cz\\\/#website\",\"url\":\"https:\\\/\\\/korunahor.cz\\\/\",\"name\":\"KORUNA HOR \u010cESK\u00c9 REPUBLIKY\",\"description\":\"R\u00e1di bychom v\u00e1s povzbudili k lep\u0161\u00edmu pozn\u00e1n\u00ed \u010cesk\u00e9 republiky d\u00edky z\u00edsk\u00e1v\u00e1n\u00ed jej\u00edch nejvy\u0161\u0161\u00edch vrch\u016f. Vybrali jsme 81 nejvy\u0161\u0161\u00edch vrchol\u016f nach\u00e1zej\u00edc\u00edch se na \u00fazem\u00ed t\u0159\u00ed ze \u010dty\u0159 geomorfologick\u00fdch provinci\u00ed \u010cesk\u00e9 republiky: \u010cesk\u00e9 Vyso\u010diny Z\u00e1padn\u00edch Karpat St\u0159edoevropsk\u00e9 n\u00ed\u017einy \u010dtvrt\u00e1 provincie, Z\u00e1padopanonsk\u00e1 p\u00e1nev, nebyla zde zahrnuta pro sv\u016fj n\u00ed\u017einn\u00fd charakter.\",\"publisher\":{\"@id\":\"https:\\\/\\\/korunahor.cz\\\/#organization\"},\"potentialAction\":[{\"@type\":\"SearchAction\",\"target\":{\"@type\":\"EntryPoint\",\"urlTemplate\":\"https:\\\/\\\/korunahor.cz\\\/?s={search_term_string}\"},\"query-input\":{\"@type\":\"PropertyValueSpecification\",\"valueRequired\":true,\"valueName\":\"search_term_string\"}}],\"inLanguage\":\"pl-PL\"},{\"@type\":\"Organization\",\"@id\":\"https:\\\/\\\/korunahor.cz\\\/#organization\",\"name\":\"KORUNA HOR \u010cESK\u00c9 REPUBLIKY\",\"url\":\"https:\\\/\\\/korunahor.cz\\\/\",\"logo\":{\"@type\":\"ImageObject\",\"inLanguage\":\"pl-PL\",\"@id\":\"https:\\\/\\\/korunahor.cz\\\/#\\\/schema\\\/logo\\\/image\\\/\",\"url\":\"https:\\\/\\\/korunahor.cz\\\/wp-content\\\/uploads\\\/2020\\\/08\\\/cropped-Gorne-logo-do-strony_CZ_OK-scaled-2.jpg\",\"contentUrl\":\"https:\\\/\\\/korunahor.cz\\\/wp-content\\\/uploads\\\/2020\\\/08\\\/cropped-Gorne-logo-do-strony_CZ_OK-scaled-2.jpg\",\"width\":2560,\"height\":311,\"caption\":\"KORUNA HOR \u010cESK\u00c9 REPUBLIKY\"},\"image\":{\"@id\":\"https:\\\/\\\/korunahor.cz\\\/#\\\/schema\\\/logo\\\/image\\\/\"}}]}<\/script>\n<!-- \/ Yoast SEO plugin. -->","yoast_head_json":{"title":"- KORUNA HOR \u010cESK\u00c9 REPUBLIKY","robots":{"index":"index","follow":"follow","max-snippet":"max-snippet:-1","max-image-preview":"max-image-preview:large","max-video-preview":"max-video-preview:-1"},"canonical":"https:\/\/korunahor.cz\/","og_locale":"pl_PL","og_type":"article","og_title":"- KORUNA HOR \u010cESK\u00c9 REPUBLIKY","og_description":"\u200b\u200bChcete (je\u0161t\u011b l\u00e9pe) poznat \u010ceskou republiku?\u200b \u200bCo takhle zdolat (v\u0161echny) jej\u00ed vrcholy? Vybrali\u200b \u200bjsme pro v\u00e1s 81 nejvy\u0161\u0161\u00edch, kter\u00e9 se nach\u00e1zej\u00ed\u200b \u200bna \u00fazem\u00ed t\u0159\u00ed ze \u010dty\u0159 geomorfologick\u00fdch provinci\u00ed, na n\u011b\u017e se \u010cesko \u010dlen\u00ed. V na\u0161em zpracov\u00e1n\u00ed se objevily velmi obl\u00edben\u00e9\u200b \u200bvrcholy \u2013 t\u0159eba Sn\u011b\u017eka nebo Prad\u011bd \u2013 kter\u00e9 se\u200b \u200bt\u011b\u0161\u00ed velk\u00e9 n\u00e1v\u0161t\u011bvnosti, ale stejn\u011b tak...","og_url":"https:\/\/korunahor.cz\/","og_site_name":"KORUNA HOR \u010cESK\u00c9 REPUBLIKY","article_modified_time":"2021-09-26T08:38:30+00:00","og_image":[{"url":"https:\/\/korunahor.cz\/wp-content\/plugins\/wp-smart-editor\/plugins\/columns\/img\/1x1-pixel.png","type":"","width":"","height":""}],"twitter_card":"summary_large_image","twitter_misc":{"Szacowany czas czytania":"2 minuty"},"schema":{"@context":"https:\/\/schema.org","@graph":[{"@type":"WebPage","@id":"https:\/\/korunahor.cz\/","url":"https:\/\/korunahor.cz\/","name":"- KORUNA HOR \u010cESK\u00c9 REPUBLIKY","isPartOf":{"@id":"https:\/\/korunahor.cz\/#website"},"primaryImageOfPage":{"@id":"https:\/\/korunahor.cz\/#primaryimage"},"image":{"@id":"https:\/\/korunahor.cz\/#primaryimage"},"thumbnailUrl":"https:\/\/korunahor.cz\/wp-content\/plugins\/wp-smart-editor\/plugins\/columns\/img\/1x1-pixel.png","datePublished":"2020-09-15T13:09:58+00:00","dateModified":"2021-09-26T08:38:30+00:00","inLanguage":"pl-PL","potentialAction":[{"@type":"ReadAction","target":["https:\/\/korunahor.cz\/"]}]},{"@type":"ImageObject","inLanguage":"pl-PL","@id":"https:\/\/korunahor.cz\/#primaryimage","url":"https:\/\/korunahor.cz\/wp-content\/plugins\/wp-smart-editor\/plugins\/columns\/img\/1x1-pixel.png","contentUrl":"https:\/\/korunahor.cz\/wp-content\/plugins\/wp-smart-editor\/plugins\/columns\/img\/1x1-pixel.png"},{"@type":"WebSite","@id":"https:\/\/korunahor.cz\/#website","url":"https:\/\/korunahor.cz\/","name":"KORUNA HOR \u010cESK\u00c9 REPUBLIKY","description":"R\u00e1di bychom v\u00e1s povzbudili k lep\u0161\u00edmu pozn\u00e1n\u00ed \u010cesk\u00e9 republiky d\u00edky z\u00edsk\u00e1v\u00e1n\u00ed jej\u00edch nejvy\u0161\u0161\u00edch vrch\u016f. Vybrali jsme 81 nejvy\u0161\u0161\u00edch vrchol\u016f nach\u00e1zej\u00edc\u00edch se na \u00fazem\u00ed t\u0159\u00ed ze \u010dty\u0159 geomorfologick\u00fdch provinci\u00ed \u010cesk\u00e9 republiky: \u010cesk\u00e9 Vyso\u010diny Z\u00e1padn\u00edch Karpat St\u0159edoevropsk\u00e9 n\u00ed\u017einy \u010dtvrt\u00e1 provincie, Z\u00e1padopanonsk\u00e1 p\u00e1nev, nebyla zde zahrnuta pro sv\u016fj n\u00ed\u017einn\u00fd charakter.","publisher":{"@id":"https:\/\/korunahor.cz\/#organization"},"potentialAction":[{"@type":"SearchAction","target":{"@type":"EntryPoint","urlTemplate":"https:\/\/korunahor.cz\/?s={search_term_string}"},"query-input":{"@type":"PropertyValueSpecification","valueRequired":true,"valueName":"search_term_string"}}],"inLanguage":"pl-PL"},{"@type":"Organization","@id":"https:\/\/korunahor.cz\/#organization","name":"KORUNA HOR \u010cESK\u00c9 REPUBLIKY","url":"https:\/\/korunahor.cz\/","logo":{"@type":"ImageObject","inLanguage":"pl-PL","@id":"https:\/\/korunahor.cz\/#\/schema\/logo\/image\/","url":"https:\/\/korunahor.cz\/wp-content\/uploads\/2020\/08\/cropped-Gorne-logo-do-strony_CZ_OK-scaled-2.jpg","contentUrl":"https:\/\/korunahor.cz\/wp-content\/uploads\/2020\/08\/cropped-Gorne-logo-do-strony_CZ_OK-scaled-2.jpg","width":2560,"height":311,"caption":"KORUNA HOR \u010cESK\u00c9 REPUBLIKY"},"image":{"@id":"https:\/\/korunahor.cz\/#\/schema\/logo\/image\/"}}]}},"_links":{"self":[{"href":"https:\/\/korunahor.cz\/index.php\/wp-json\/wp\/v2\/pages\/942","targetHints":{"allow":["GET"]}}],"collection":[{"href":"https:\/\/korunahor.cz\/index.php\/wp-json\/wp\/v2\/pages"}],"about":[{"href":"https:\/\/korunahor.cz\/index.php\/wp-json\/wp\/v2\/types\/page"}],"author":[{"embeddable":true,"href":"https:\/\/korunahor.cz\/index.php\/wp-json\/wp\/v2\/users\/1"}],"replies":[{"embeddable":true,"href":"https:\/\/korunahor.cz\/index.php\/wp-json\/wp\/v2\/comments?post=942"}],"version-history":[{"count":42,"href":"https:\/\/korunahor.cz\/index.php\/wp-json\/wp\/v2\/pages\/942\/revisions"}],"predecessor-version":[{"id":2950,"href":"https:\/\/korunahor.cz\/index.php\/wp-json\/wp\/v2\/pages\/942\/revisions\/2950"}],"wp:attachment":[{"href":"https:\/\/korunahor.cz\/index.php\/wp-json\/wp\/v2\/media?parent=942"}],"curies":[{"name":"wp","href":"https:\/\/api.w.org\/{rel}","templated":true}]}}