{"id":953,"date":"2020-09-15T15:26:18","date_gmt":"2020-09-15T13:26:18","guid":{"rendered":"http:\/\/korunahor.cz\/?page_id=953"},"modified":"2025-03-18T20:27:27","modified_gmt":"2025-03-18T19:27:27","slug":"953-2","status":"publish","type":"page","link":"https:\/\/korunahor.cz\/index.php\/953-2\/","title":{"rendered":"Korona G\u00f3r Republiki Czeskiej \u2013 odkrywaj i zdobywaj!"},"content":{"rendered":"<p><span style=\"font-family: tahoma, arial, helvetica, sans-serif;\"><span class=\"gmail_default\">\u200b<\/span>Chcecie lepiej pozna\u0107\u00a0<span class=\"gmail_default\">\u200bRepublik\u0119 Czesk\u0105<\/span>? Co powiecie na<span class=\"gmail_default\">\u200b \u200b<\/span>zdobycie jej\u00a0<span class=\"gmail_default\">\u200bnajwy\u017cszych \u200b<\/span>szczyt\u00f3w? Wybrali\u015bmy dla Was ich a\u017c 81, kt\u00f3re znajduj\u0105 si\u0119 na terenie trzech z czterech prowincji geomorfologicznych, na kt\u00f3re\u00a0<span class=\"gmail_default\">\u200bkraj<\/span>\u00a0si\u0119<span class=\"gmail_default\">\u200b \u200b<\/span>dzieli.<\/span><\/p>\n<p><span style=\"font-family: tahoma, arial, helvetica, sans-serif;\">W naszym opracowaniu pojawi\u0142y si\u0119 bardzo<span class=\"gmail_default\">\u200b \u200b<\/span>popularne i cz\u0119sto odwiedzane szczyty \u2013 takie jak \u015anie\u017cka czy Pradziad, ale tak\u017ce g\u00f3ry i pag\u00f3rki prawie nieznane.<br \/><\/span><br \/><span style=\"font-family: tahoma, arial, helvetica, sans-serif;\">Cho\u0107 postawili\u015bmy sobie za zadanie zach\u0119cenie Was do zdobycia najwy\u017cszych szczyt\u00f3w, przy tej okazji proponujemy r\u00f3wnie\u017c odwiedzenie atrakcyjnych miejsc znajduj\u0105cych si\u0119 w ich bezpo\u015brednim s\u0105siedztwie. Pozwoli to Wam pozna\u0107 wiele niezwyk\u0142ych miejscowo\u015bci, zobaczy\u0107 niesamowite zabytki architektury i odkry\u0107 czaruj\u0105ce atrakcje przyrodnicze, kt\u00f3re tworz\u0105 naprawd\u0119 fascynuj\u0105c\u0105 r\u00f3\u017cnorodno\u015b\u0107 ziem<span class=\"gmail_default\">\u200b Republiki Czeskiej\u200b<\/span>.<\/span><\/p>\n<p><span style=\"font-family: tahoma, arial, helvetica, sans-serif;\"><span class=\"gmail_default\">\u200bP<\/span>rzygotowali\u015bmy czterostopniow\u0105 odznak\u0119 Korony G\u00f3r Republiki Czeskiej, a tak\u017ce ksi\u0105\u017ceczk\u0119 licz\u0105c\u0105 176 stron, w kt\u00f3rej mo\u017cna nie tylko zbiera\u0107 potwierdzenia zdobytych szczyt\u00f3w, ale tak\u017ce znale\u017a\u0107 map<span class=\"gmail_default\">\u200bki\u200b<\/span>, wsp\u00f3\u0142rz\u0119dne GPS oraz kr\u00f3tkie informacje o tym, co warto\u00a0<span class=\"gmail_default\">\u200b<\/span>w okolicy<span class=\"gmail_default\">\u200b\u00a0<\/span><span class=\"gmail_default\">\u200b<\/span>zobaczy\u0107<span class=\"gmail_default\">\u200b<\/span>.<\/span><\/p>\n<p><span style=\"font-family: tahoma, arial, helvetica, sans-serif;\">Po klikni\u0119ciu w odznak\u0119 wy\u015bwietli si\u0119 wykaz szczyt\u00f3w, kt\u00f3re nale\u017cy zdoby\u0107, \u017ceby uzyska\u0107 dany stopie\u0144. Szczyty zosta\u0142y u\u0142o\u017cone w kolejno\u015bci od najni\u017cszego do najwy\u017cszego. Poni\u017cej wykazu znajd\u0105 Pa\u0144stwo informacje o regionach fizycznogeograficznych oraz kilka wycieczkowych propozycji.<\/span><\/p>\n<p><span style=\"font-family: tahoma, arial, helvetica, sans-serif;\">Zach\u0119camy do przesy\u0142ania na nasz adres mailowy \u2013 <a href=\"mailto:info@korunahor.cz\" target=\"_blank\" rel=\"noopener\"><span style=\"color: #3366ff;\">info@korunahor.cz<\/span><\/a><a href=\"mailto:korunahor@gmail.com\"><\/a> \u2013 zdj\u0119\u0107, kt\u00f3re zostan\u0105 zrobione podczas zdobywania najwy\u017cszych wzniesie\u0144 Republiki Czeskiej. Prosimy o fotografie nie tylko ze szczyt\u00f3w, lecz r\u00f3wnie\u017c z miejsc, kt\u00f3re odkryj\u0105 Pa\u0144stwo podczas w\u0119dr\u00f3wek. Z czasem zestawienie takie stanie si\u0119 swoistym przewodnikiem po niezwyk\u0142ym kraju naszych po\u0142udniowych s\u0105siad\u00f3w.<\/span><\/p>\n<figure class=\"wp-block-table is-style-regular\">\n<div id=\"wpsecol-cd64fba1-642b-7cc9-8b32-21d5ee4d2006\" class=\"csRow\">\n<div class=\"csColumnGap\" style=\"margin: 0; padding: 0; float: left; width: 0%;\"><img decoding=\"async\" src=\"https:\/\/korunahor.cz\/wp-content\/plugins\/wp-smart-editor\/plugins\/columns\/img\/1x1-pixel.png\" \/><\/div>\n<div class=\"csColumn\" style=\"margin: 0; padding: 0; float: left; width: 23.893805309734514%;\" data-posx0=\"0\" data-posx1=\"24.004424778761063\" data-padding=\"0\" data-responsive=\"1\">\n<div style=\"padding: 0px;\">\n<div class=\"preview_text csColumn_text\">\n<p><a href=\"http:\/\/korunahor.cz\/index.php\/pl\/zestawienie-wzniesien-i-ich-wysokosci-na-odznake-brazowa-2\/\" data-type=\"page\" data-id=\"1024\"><img loading=\"lazy\" decoding=\"async\" width=\"150\" height=\"150\" class=\"wp-image-504 aligncenter\" style=\"width: 150px;\" src=\"http:\/\/korunahor.cz\/wp-content\/uploads\/2020\/08\/BRAZ_STR_male.jpg\" alt=\"\" \/><\/a><\/p>\n<\/div>\n<\/div>\n<\/div>\n<div class=\"csColumnGap\" style=\"margin: 0; padding: 0; float: left; width: 1.3274336283185841%;\"><img decoding=\"async\" src=\"https:\/\/korunahor.cz\/wp-content\/plugins\/wp-smart-editor\/plugins\/columns\/img\/1x1-pixel.png\" \/><\/div>\n<div class=\"csColumn\" style=\"margin: 0; padding: 0; float: left; width: 23.893805309734514%;\" data-posx0=\"25.331858407079643\" data-posx1=\"49.336283185840706\" data-padding=\"0\" data-responsive=\"1\">\n<div style=\"padding: 0px;\">\n<div class=\"preview_text csColumn_text\">\n<p><a href=\"http:\/\/korunahor.cz\/index.php\/pl\/zestawienie-wzniesien-i-ich-wysokosci-na-odznake-srebrna-2\/\" data-type=\"page\" data-id=\"1036\"><img loading=\"lazy\" decoding=\"async\" width=\"150\" height=\"150\" class=\"wp-image-506 aligncenter\" style=\"width: 150px;\" src=\"http:\/\/korunahor.cz\/wp-content\/uploads\/2020\/08\/SREBRO_STR_male.jpg\" alt=\"\" \/><\/a><\/p>\n<\/div>\n<\/div>\n<\/div>\n<div class=\"csColumnGap\" style=\"margin: 0; padding: 0; float: left; width: 1.3274336283185841%;\"><img decoding=\"async\" src=\"https:\/\/korunahor.cz\/wp-content\/plugins\/wp-smart-editor\/plugins\/columns\/img\/1x1-pixel.png\" \/><\/div>\n<div class=\"csColumn\" style=\"margin: 0; padding: 0; float: left; width: 23.893805309734514%;\" data-posx0=\"50.66371681415929\" data-posx1=\"74.66814159292035\" data-padding=\"0\" data-responsive=\"1\">\n<div style=\"padding: 0px;\">\n<div class=\"preview_text csColumn_text\">\n<p><a href=\"http:\/\/korunahor.cz\/index.php\/pl\/zestawienie-wzniesien-i-ich-wysokosci-na-odznake-zlota-2\/\" data-type=\"page\" data-id=\"1041\"><img loading=\"lazy\" decoding=\"async\" width=\"150\" height=\"150\" class=\"wp-image-507 aligncenter\" style=\"width: 150px;\" src=\"http:\/\/korunahor.cz\/wp-content\/uploads\/2020\/08\/ZLOTO_STR_male.jpg\" alt=\"\" \/><\/a><\/p>\n<\/div>\n<\/div>\n<\/div>\n<div class=\"csColumnGap\" style=\"margin: 0; padding: 0; float: left; width: 1.3274336283185841%;\"><img decoding=\"async\" src=\"https:\/\/korunahor.cz\/wp-content\/plugins\/wp-smart-editor\/plugins\/columns\/img\/1x1-pixel.png\" \/><\/div>\n<div class=\"csColumn\" style=\"margin: 0; padding: 0; float: left; width: 23.893805309734514%;\" data-posx0=\"75.99557522123894\" data-posx1=\"100\" data-padding=\"0\" data-responsive=\"1\">\n<div style=\"padding: 0px;\">\n<div class=\"preview_text csColumn_text\">\n<p><a href=\"http:\/\/korunahor.cz\/index.php\/pl\/zestawienie-wzniesien-i-ich-wysokosci-na-odznake-diamentowa-2\/\" data-type=\"page\" data-id=\"1032\"><img loading=\"lazy\" decoding=\"async\" width=\"150\" height=\"150\" class=\"wp-image-505 aligncenter\" style=\"width: 150px;\" src=\"http:\/\/korunahor.cz\/wp-content\/uploads\/2020\/08\/DIAMENT_STR_male.jpg\" alt=\"\" \/><\/a><\/p>\n<\/div>\n<\/div>\n<\/div>\n<div class=\"csColumnGap\" style=\"margin: 0; padding: 0; float: left; width: 0.44247787610621003%;\"><img decoding=\"async\" src=\"https:\/\/korunahor.cz\/wp-content\/plugins\/wp-smart-editor\/plugins\/columns\/img\/1x1-pixel.png\" \/><\/div>\n<\/div>\n<\/figure>\n","protected":false},"excerpt":{"rendered":"<p>\u200bChcecie lepiej pozna\u0107\u00a0\u200bRepublik\u0119 Czesk\u0105? Co powiecie na\u200b \u200bzdobycie jej\u00a0\u200bnajwy\u017cszych \u200bszczyt\u00f3w? Wybrali\u015bmy dla Was ich a\u017c 81, kt\u00f3re znajduj\u0105 si\u0119 na terenie trzech z czterech prowincji geomorfologicznych, na kt\u00f3re\u00a0\u200bkraj\u00a0si\u0119\u200b \u200bdzieli. W naszym opracowaniu pojawi\u0142y si\u0119 bardzo\u200b \u200bpopularne i cz\u0119sto odwiedzane szczyty \u2013 takie jak \u015anie\u017cka czy Pradziad, ale tak\u017ce g\u00f3ry i pag\u00f3rki prawie nieznane.Cho\u0107 postawili\u015bmy sobie&#8230;<\/p>\n","protected":false},"author":1,"featured_media":0,"parent":0,"menu_order":0,"comment_status":"closed","ping_status":"closed","template":"","meta":{"footnotes":""},"class_list":["post-953","page","type-page","status-publish","hentry"],"yoast_head":"<!-- This site is optimized with the Yoast SEO plugin v27.4 - https:\/\/yoast.com\/product\/yoast-seo-wordpress\/ -->\n<title>Korona G\u00f3r Republiki Czeskiej \u2013 odkrywaj i zdobywaj! - KORUNA HOR \u010cESK\u00c9 REPUBLIKY<\/title>\n<meta name=\"robots\" content=\"index, follow, max-snippet:-1, max-image-preview:large, max-video-preview:-1\" \/>\n<link rel=\"canonical\" href=\"https:\/\/korunahor.cz\/index.php\/953-2\/\" \/>\n<meta property=\"og:locale\" content=\"pl_PL\" \/>\n<meta property=\"og:type\" content=\"article\" \/>\n<meta property=\"og:title\" content=\"Korona G\u00f3r Republiki Czeskiej \u2013 odkrywaj i zdobywaj! - KORUNA HOR \u010cESK\u00c9 REPUBLIKY\" \/>\n<meta property=\"og:description\" content=\"\u200bChcecie lepiej pozna\u0107\u00a0\u200bRepublik\u0119 Czesk\u0105? Co powiecie na\u200b \u200bzdobycie jej\u00a0\u200bnajwy\u017cszych \u200bszczyt\u00f3w? Wybrali\u015bmy dla Was ich a\u017c 81, kt\u00f3re znajduj\u0105 si\u0119 na terenie trzech z czterech prowincji geomorfologicznych, na kt\u00f3re\u00a0\u200bkraj\u00a0si\u0119\u200b \u200bdzieli. W naszym opracowaniu pojawi\u0142y si\u0119 bardzo\u200b \u200bpopularne i cz\u0119sto odwiedzane szczyty \u2013 takie jak \u015anie\u017cka czy Pradziad, ale tak\u017ce g\u00f3ry i pag\u00f3rki prawie nieznane.Cho\u0107 postawili\u015bmy sobie...\" \/>\n<meta property=\"og:url\" content=\"https:\/\/korunahor.cz\/index.php\/953-2\/\" \/>\n<meta property=\"og:site_name\" content=\"KORUNA HOR \u010cESK\u00c9 REPUBLIKY\" \/>\n<meta property=\"article:modified_time\" content=\"2025-03-18T19:27:27+00:00\" \/>\n<meta property=\"og:image\" content=\"https:\/\/korunahor.cz\/wp-content\/plugins\/wp-smart-editor\/plugins\/columns\/img\/1x1-pixel.png\" \/>\n<meta name=\"twitter:card\" content=\"summary_large_image\" \/>\n<meta name=\"twitter:label1\" content=\"Szacowany czas czytania\" \/>\n\t<meta name=\"twitter:data1\" content=\"4 minuty\" \/>\n<script type=\"application\/ld+json\" class=\"yoast-schema-graph\">{\"@context\":\"https:\\\/\\\/schema.org\",\"@graph\":[{\"@type\":\"WebPage\",\"@id\":\"https:\\\/\\\/korunahor.cz\\\/index.php\\\/953-2\\\/\",\"url\":\"https:\\\/\\\/korunahor.cz\\\/index.php\\\/953-2\\\/\",\"name\":\"Korona G\u00f3r Republiki Czeskiej \u2013 odkrywaj i zdobywaj! - KORUNA HOR \u010cESK\u00c9 REPUBLIKY\",\"isPartOf\":{\"@id\":\"https:\\\/\\\/korunahor.cz\\\/#website\"},\"primaryImageOfPage\":{\"@id\":\"https:\\\/\\\/korunahor.cz\\\/index.php\\\/953-2\\\/#primaryimage\"},\"image\":{\"@id\":\"https:\\\/\\\/korunahor.cz\\\/index.php\\\/953-2\\\/#primaryimage\"},\"thumbnailUrl\":\"https:\\\/\\\/korunahor.cz\\\/wp-content\\\/plugins\\\/wp-smart-editor\\\/plugins\\\/columns\\\/img\\\/1x1-pixel.png\",\"datePublished\":\"2020-09-15T13:26:18+00:00\",\"dateModified\":\"2025-03-18T19:27:27+00:00\",\"breadcrumb\":{\"@id\":\"https:\\\/\\\/korunahor.cz\\\/index.php\\\/953-2\\\/#breadcrumb\"},\"inLanguage\":\"pl-PL\",\"potentialAction\":[{\"@type\":\"ReadAction\",\"target\":[\"https:\\\/\\\/korunahor.cz\\\/index.php\\\/953-2\\\/\"]}]},{\"@type\":\"ImageObject\",\"inLanguage\":\"pl-PL\",\"@id\":\"https:\\\/\\\/korunahor.cz\\\/index.php\\\/953-2\\\/#primaryimage\",\"url\":\"https:\\\/\\\/korunahor.cz\\\/wp-content\\\/plugins\\\/wp-smart-editor\\\/plugins\\\/columns\\\/img\\\/1x1-pixel.png\",\"contentUrl\":\"https:\\\/\\\/korunahor.cz\\\/wp-content\\\/plugins\\\/wp-smart-editor\\\/plugins\\\/columns\\\/img\\\/1x1-pixel.png\"},{\"@type\":\"BreadcrumbList\",\"@id\":\"https:\\\/\\\/korunahor.cz\\\/index.php\\\/953-2\\\/#breadcrumb\",\"itemListElement\":[{\"@type\":\"ListItem\",\"position\":1,\"name\":\"Strona g\u0142\u00f3wna\",\"item\":\"https:\\\/\\\/korunahor.cz\\\/\"},{\"@type\":\"ListItem\",\"position\":2,\"name\":\"Korona G\u00f3r Republiki Czeskiej \u2013 odkrywaj i zdobywaj!\"}]},{\"@type\":\"WebSite\",\"@id\":\"https:\\\/\\\/korunahor.cz\\\/#website\",\"url\":\"https:\\\/\\\/korunahor.cz\\\/\",\"name\":\"KORUNA HOR \u010cESK\u00c9 REPUBLIKY\",\"description\":\"R\u00e1di bychom v\u00e1s povzbudili k lep\u0161\u00edmu pozn\u00e1n\u00ed \u010cesk\u00e9 republiky d\u00edky z\u00edsk\u00e1v\u00e1n\u00ed jej\u00edch nejvy\u0161\u0161\u00edch vrch\u016f. Vybrali jsme 81 nejvy\u0161\u0161\u00edch vrchol\u016f nach\u00e1zej\u00edc\u00edch se na \u00fazem\u00ed t\u0159\u00ed ze \u010dty\u0159 geomorfologick\u00fdch provinci\u00ed \u010cesk\u00e9 republiky: \u010cesk\u00e9 Vyso\u010diny Z\u00e1padn\u00edch Karpat St\u0159edoevropsk\u00e9 n\u00ed\u017einy \u010dtvrt\u00e1 provincie, Z\u00e1padopanonsk\u00e1 p\u00e1nev, nebyla zde zahrnuta pro sv\u016fj n\u00ed\u017einn\u00fd charakter.\",\"publisher\":{\"@id\":\"https:\\\/\\\/korunahor.cz\\\/#organization\"},\"potentialAction\":[{\"@type\":\"SearchAction\",\"target\":{\"@type\":\"EntryPoint\",\"urlTemplate\":\"https:\\\/\\\/korunahor.cz\\\/?s={search_term_string}\"},\"query-input\":{\"@type\":\"PropertyValueSpecification\",\"valueRequired\":true,\"valueName\":\"search_term_string\"}}],\"inLanguage\":\"pl-PL\"},{\"@type\":\"Organization\",\"@id\":\"https:\\\/\\\/korunahor.cz\\\/#organization\",\"name\":\"KORUNA HOR \u010cESK\u00c9 REPUBLIKY\",\"url\":\"https:\\\/\\\/korunahor.cz\\\/\",\"logo\":{\"@type\":\"ImageObject\",\"inLanguage\":\"pl-PL\",\"@id\":\"https:\\\/\\\/korunahor.cz\\\/#\\\/schema\\\/logo\\\/image\\\/\",\"url\":\"https:\\\/\\\/korunahor.cz\\\/wp-content\\\/uploads\\\/2020\\\/08\\\/cropped-Gorne-logo-do-strony_CZ_OK-scaled-2.jpg\",\"contentUrl\":\"https:\\\/\\\/korunahor.cz\\\/wp-content\\\/uploads\\\/2020\\\/08\\\/cropped-Gorne-logo-do-strony_CZ_OK-scaled-2.jpg\",\"width\":2560,\"height\":311,\"caption\":\"KORUNA HOR \u010cESK\u00c9 REPUBLIKY\"},\"image\":{\"@id\":\"https:\\\/\\\/korunahor.cz\\\/#\\\/schema\\\/logo\\\/image\\\/\"}}]}<\/script>\n<!-- \/ Yoast SEO plugin. -->","yoast_head_json":{"title":"Korona G\u00f3r Republiki Czeskiej \u2013 odkrywaj i zdobywaj! - KORUNA HOR \u010cESK\u00c9 REPUBLIKY","robots":{"index":"index","follow":"follow","max-snippet":"max-snippet:-1","max-image-preview":"max-image-preview:large","max-video-preview":"max-video-preview:-1"},"canonical":"https:\/\/korunahor.cz\/index.php\/953-2\/","og_locale":"pl_PL","og_type":"article","og_title":"Korona G\u00f3r Republiki Czeskiej \u2013 odkrywaj i zdobywaj! - KORUNA HOR \u010cESK\u00c9 REPUBLIKY","og_description":"\u200bChcecie lepiej pozna\u0107\u00a0\u200bRepublik\u0119 Czesk\u0105? Co powiecie na\u200b \u200bzdobycie jej\u00a0\u200bnajwy\u017cszych \u200bszczyt\u00f3w? Wybrali\u015bmy dla Was ich a\u017c 81, kt\u00f3re znajduj\u0105 si\u0119 na terenie trzech z czterech prowincji geomorfologicznych, na kt\u00f3re\u00a0\u200bkraj\u00a0si\u0119\u200b \u200bdzieli. W naszym opracowaniu pojawi\u0142y si\u0119 bardzo\u200b \u200bpopularne i cz\u0119sto odwiedzane szczyty \u2013 takie jak \u015anie\u017cka czy Pradziad, ale tak\u017ce g\u00f3ry i pag\u00f3rki prawie nieznane.Cho\u0107 postawili\u015bmy sobie...","og_url":"https:\/\/korunahor.cz\/index.php\/953-2\/","og_site_name":"KORUNA HOR \u010cESK\u00c9 REPUBLIKY","article_modified_time":"2025-03-18T19:27:27+00:00","og_image":[{"url":"https:\/\/korunahor.cz\/wp-content\/plugins\/wp-smart-editor\/plugins\/columns\/img\/1x1-pixel.png","type":"","width":"","height":""}],"twitter_card":"summary_large_image","twitter_misc":{"Szacowany czas czytania":"4 minuty"},"schema":{"@context":"https:\/\/schema.org","@graph":[{"@type":"WebPage","@id":"https:\/\/korunahor.cz\/index.php\/953-2\/","url":"https:\/\/korunahor.cz\/index.php\/953-2\/","name":"Korona G\u00f3r Republiki Czeskiej \u2013 odkrywaj i zdobywaj! - KORUNA HOR \u010cESK\u00c9 REPUBLIKY","isPartOf":{"@id":"https:\/\/korunahor.cz\/#website"},"primaryImageOfPage":{"@id":"https:\/\/korunahor.cz\/index.php\/953-2\/#primaryimage"},"image":{"@id":"https:\/\/korunahor.cz\/index.php\/953-2\/#primaryimage"},"thumbnailUrl":"https:\/\/korunahor.cz\/wp-content\/plugins\/wp-smart-editor\/plugins\/columns\/img\/1x1-pixel.png","datePublished":"2020-09-15T13:26:18+00:00","dateModified":"2025-03-18T19:27:27+00:00","breadcrumb":{"@id":"https:\/\/korunahor.cz\/index.php\/953-2\/#breadcrumb"},"inLanguage":"pl-PL","potentialAction":[{"@type":"ReadAction","target":["https:\/\/korunahor.cz\/index.php\/953-2\/"]}]},{"@type":"ImageObject","inLanguage":"pl-PL","@id":"https:\/\/korunahor.cz\/index.php\/953-2\/#primaryimage","url":"https:\/\/korunahor.cz\/wp-content\/plugins\/wp-smart-editor\/plugins\/columns\/img\/1x1-pixel.png","contentUrl":"https:\/\/korunahor.cz\/wp-content\/plugins\/wp-smart-editor\/plugins\/columns\/img\/1x1-pixel.png"},{"@type":"BreadcrumbList","@id":"https:\/\/korunahor.cz\/index.php\/953-2\/#breadcrumb","itemListElement":[{"@type":"ListItem","position":1,"name":"Strona g\u0142\u00f3wna","item":"https:\/\/korunahor.cz\/"},{"@type":"ListItem","position":2,"name":"Korona G\u00f3r Republiki Czeskiej \u2013 odkrywaj i zdobywaj!"}]},{"@type":"WebSite","@id":"https:\/\/korunahor.cz\/#website","url":"https:\/\/korunahor.cz\/","name":"KORUNA HOR \u010cESK\u00c9 REPUBLIKY","description":"R\u00e1di bychom v\u00e1s povzbudili k lep\u0161\u00edmu pozn\u00e1n\u00ed \u010cesk\u00e9 republiky d\u00edky z\u00edsk\u00e1v\u00e1n\u00ed jej\u00edch nejvy\u0161\u0161\u00edch vrch\u016f. Vybrali jsme 81 nejvy\u0161\u0161\u00edch vrchol\u016f nach\u00e1zej\u00edc\u00edch se na \u00fazem\u00ed t\u0159\u00ed ze \u010dty\u0159 geomorfologick\u00fdch provinci\u00ed \u010cesk\u00e9 republiky: \u010cesk\u00e9 Vyso\u010diny Z\u00e1padn\u00edch Karpat St\u0159edoevropsk\u00e9 n\u00ed\u017einy \u010dtvrt\u00e1 provincie, Z\u00e1padopanonsk\u00e1 p\u00e1nev, nebyla zde zahrnuta pro sv\u016fj n\u00ed\u017einn\u00fd charakter.","publisher":{"@id":"https:\/\/korunahor.cz\/#organization"},"potentialAction":[{"@type":"SearchAction","target":{"@type":"EntryPoint","urlTemplate":"https:\/\/korunahor.cz\/?s={search_term_string}"},"query-input":{"@type":"PropertyValueSpecification","valueRequired":true,"valueName":"search_term_string"}}],"inLanguage":"pl-PL"},{"@type":"Organization","@id":"https:\/\/korunahor.cz\/#organization","name":"KORUNA HOR \u010cESK\u00c9 REPUBLIKY","url":"https:\/\/korunahor.cz\/","logo":{"@type":"ImageObject","inLanguage":"pl-PL","@id":"https:\/\/korunahor.cz\/#\/schema\/logo\/image\/","url":"https:\/\/korunahor.cz\/wp-content\/uploads\/2020\/08\/cropped-Gorne-logo-do-strony_CZ_OK-scaled-2.jpg","contentUrl":"https:\/\/korunahor.cz\/wp-content\/uploads\/2020\/08\/cropped-Gorne-logo-do-strony_CZ_OK-scaled-2.jpg","width":2560,"height":311,"caption":"KORUNA HOR \u010cESK\u00c9 REPUBLIKY"},"image":{"@id":"https:\/\/korunahor.cz\/#\/schema\/logo\/image\/"}}]}},"_links":{"self":[{"href":"https:\/\/korunahor.cz\/index.php\/wp-json\/wp\/v2\/pages\/953","targetHints":{"allow":["GET"]}}],"collection":[{"href":"https:\/\/korunahor.cz\/index.php\/wp-json\/wp\/v2\/pages"}],"about":[{"href":"https:\/\/korunahor.cz\/index.php\/wp-json\/wp\/v2\/types\/page"}],"author":[{"embeddable":true,"href":"https:\/\/korunahor.cz\/index.php\/wp-json\/wp\/v2\/users\/1"}],"replies":[{"embeddable":true,"href":"https:\/\/korunahor.cz\/index.php\/wp-json\/wp\/v2\/comments?post=953"}],"version-history":[{"count":39,"href":"https:\/\/korunahor.cz\/index.php\/wp-json\/wp\/v2\/pages\/953\/revisions"}],"predecessor-version":[{"id":3159,"href":"https:\/\/korunahor.cz\/index.php\/wp-json\/wp\/v2\/pages\/953\/revisions\/3159"}],"wp:attachment":[{"href":"https:\/\/korunahor.cz\/index.php\/wp-json\/wp\/v2\/media?parent=953"}],"curies":[{"name":"wp","href":"https:\/\/api.w.org\/{rel}","templated":true}]}}