{"id":999,"date":"2020-09-15T19:30:08","date_gmt":"2020-09-15T17:30:08","guid":{"rendered":"http:\/\/korunahor.cz\/?page_id=999"},"modified":"2020-10-19T15:41:59","modified_gmt":"2020-10-19T13:41:59","slug":"polityka-prywatnosci-2","status":"publish","type":"page","link":"https:\/\/korunahor.cz\/index.php\/polityka-prywatnosci-2\/","title":{"rendered":"Pou\u017e\u00edv\u00e1n\u00ed port\u00e1lu Koruna hor \u2013 soubory cookie"},"content":{"rendered":"<p><\/p>\r\n<h2 class=\"wp-block-heading\"><span style=\"font-family: tahoma, arial, helvetica, sans-serif; font-size: 20px; color: #ff0000;\">Pou\u017e\u00edv\u00e1n\u00ed port\u00e1lu Koruna hor \u2013 soubory cookie<\/span><\/h2>\r\n<p><span style=\"font-family: tahoma, arial, helvetica, sans-serif;\">Abychom u\u017eivateli umo\u017enili pou\u017e\u00edvat n\u00e1\u0161 port\u00e1l, pou\u017e\u00edv\u00e1me soubory cookie (tzv. cookies), kter\u00e9 se ukl\u00e1daj\u00ed na disk po\u010d\u00edta\u010de (v prohl\u00ed\u017ee\u010di).<\/span><\/p>\r\n<p><span style=\"font-family: tahoma, arial, helvetica, sans-serif;\">Pou\u017e\u00edv\u00e1me je:<\/span><\/p>\r\n<ul>\r\n<li><span style=\"font-family: tahoma, arial, helvetica, sans-serif;\">k identifikaci a ov\u011b\u0159en\u00ed p\u0159ihl\u00e1\u0161en\u00e9ho u\u017eivatele klubu Koruny hor<\/span><\/li>\r\n<li><span style=\"font-family: tahoma, arial, helvetica, sans-serif;\">abychom p\u0159izp\u016fsobili obsah webov\u00fdch str\u00e1nek za\u0159\u00edzen\u00ed u\u017eivatele (nap\u0159. zobrazen\u00ed mobiln\u00ed verze webu na mobiln\u00edch telefonech a desktopov\u00e9 verze na po\u010d\u00edta\u010d\u00edch)<\/span><\/li>\r\n<li><span style=\"font-family: tahoma, arial, helvetica, sans-serif;\">k shroma\u017e\u010fov\u00e1n\u00ed anonymn\u00ed statistiky o zp\u016fsobu a \u010detnosti pou\u017e\u00edv\u00e1n\u00ed na\u0161ich webov\u00fdch str\u00e1nek u\u017eivateli<\/span><\/li>\r\n<li><span style=\"font-family: tahoma, arial, helvetica, sans-serif;\">k zapamatov\u00e1n\u00ed informac\u00ed o fotografi\u00edch v galerii vytvo\u0159en\u00e9 na soci\u00e1ln\u00ed s\u00edti Instagram<\/span><\/li>\r\n<\/ul>\r\n<p><span style=\"font-family: tahoma, arial, helvetica, sans-serif;\">M\u016f\u017eete se rozhodnout, \u017ee nechcete, aby se soubory cookie ukl\u00e1daly do Va\u0161eho po\u010d\u00edta\u010de. M\u016f\u017eete je i smazat (v\u0161echny nebo jen n\u011bkter\u00e9). Z\u00e1le\u017e\u00ed na nastaven\u00ed prohl\u00ed\u017ee\u010de. Jak na to?<\/span><\/p>\r\n<ul>\r\n<li><span style=\"font-family: tahoma, arial, helvetica, sans-serif;\">v prohl\u00ed\u017ee\u010di <strong>Firefox<\/strong> vyberte tla\u010d\u00edtko: <strong>Mo\u017enosti<\/strong> \u21d2 <strong>Soukrom\u00ed (a zabezpe\u010den\u00ed)<\/strong><\/span><\/li>\r\n<li><span style=\"font-family: tahoma, arial, helvetica, sans-serif;\">v prohl\u00ed\u017ee\u010di <strong>Chrome <\/strong>vyberte tla\u010d\u00edtko: <strong>Nastaven\u00ed <\/strong><strong>\u21d2<\/strong><strong> Ochrana soukrom\u00ed a zabezpe\u010den\u00ed <\/strong><strong>\u21d2<\/strong><strong> Nastaven\u00ed webu <\/strong><\/span><\/li>\r\n<li><span style=\"font-family: tahoma, arial, helvetica, sans-serif;\">v prohl\u00ed\u017ee\u010di <strong>Internet Explorer<\/strong> vyberte tla\u010d\u00edtko: <strong>N\u00e1stroje<\/strong> \u21d2 <strong>Mo\u017enosti<\/strong> <strong>internetu<\/strong> \u21d2 <strong>Osobn\u00ed<\/strong> <strong>\u00fadaje<\/strong> (umo\u017e\u0148uje zvolit r\u016fzn\u00e9 \u00farovn\u011b ochrany) \u21d2 <strong>Pokro\u010dil\u00e9<\/strong> (chcete-li soubory cookie upravit ru\u010dn\u011b).<\/span><\/li>\r\n<li><span style=\"font-family: tahoma, arial, helvetica, sans-serif;\">v prohl\u00ed\u017ee\u010di Opera vyberte tla\u010d\u00edtko: <strong>Nastaven\u00ed<\/strong>\/<strong>P\u0159edvolby <\/strong><strong>\u21d2<\/strong><strong> Soukrom\u00ed &amp; bezpe\u010dnost <\/strong><strong>\u21d2<\/strong><strong> Cookies<\/strong><\/span><\/li>\r\n<\/ul>\r\n<p><span style=\"font-family: tahoma, arial, helvetica, sans-serif;\">Pamatujte, \u017ee v\u00fd\u0161e uveden\u00e1 nastaven\u00ed mus\u00ed b\u00fdt provedena pro ka\u017ed\u00fd prohl\u00ed\u017ee\u010d samostatn\u011b.<br \/><br \/><\/span><\/p>\r\n<h2><span style=\"font-family: tahoma, arial, helvetica, sans-serif; font-size: 20px; color: #ff0000;\">U\u017cytkowanie portalu Koruna hor &#8211; pliki cookies<\/span><\/h2>\r\n<p><span style=\"font-family: tahoma, arial, helvetica, sans-serif;\">W celu umo\u017cliwienia u\u017cytkownikowi korzystania z portalu wykorzystujemy pliki cookies (tzw. ciasteczka), kt\u00f3re zapisywane s\u0105 na dysku komputera (w przegl\u0105darce).<\/span><\/p>\r\n<p><span style=\"font-family: tahoma, arial, helvetica, sans-serif;\">Wykorzystujemy je do:<\/span><\/p>\r\n<ul>\r\n<li><span style=\"font-family: tahoma, arial, helvetica, sans-serif;\">identyfikacji i uwierzytelniania zg\u0142oszonego u\u017cytkownika klubu Koruny hor<\/span><\/li>\r\n<li><span style=\"font-family: tahoma, arial, helvetica, sans-serif;\">dostosowywania zawarto\u015bci serwis\u00f3w do urz\u0105dzenia u\u017cytkownika (np. wy\u015bwietlenie na telefonach kom\u00f3rkowych wersji mobilnej serwis\u00f3w, a na komputerach wersji desktop)<\/span><\/li>\r\n<li><span style=\"font-family: tahoma, arial, helvetica, sans-serif;\">zbierania anonimowych statystyk dotycz\u0105cych sposobu i cz\u0119stotliwo\u015bci korzystania przez u\u017cytkownik\u00f3w z naszych serwis\u00f3w internetowych<\/span><\/li>\r\n<li><span style=\"font-family: tahoma, arial, helvetica, sans-serif;\">zapami\u0119tywania informacji o zdj\u0119ciach umieszczonych w galerii utworzonej w serwisie spo\u0142eczno\u015bciowym Instagram<\/span><\/li>\r\n<\/ul>\r\n<p><span style=\"font-family: tahoma, arial, helvetica, sans-serif;\">Mo\u017cesz zdecydowa\u0107, \u017ce nie chcesz, by pliki cookies by\u0142y przechowywane na Twoim komputerze. Mo\u017cesz te\u017c je usun\u0105\u0107 (wszystkie lub tylko niekt\u00f3re). Decyduj\u0105ce s\u0105 ustawienia przegl\u0105darki. Jak to zrobi\u0107?<\/span><\/p>\r\n<ul>\r\n<li><span style=\"font-family: tahoma, arial, helvetica, sans-serif;\">w przegl\u0105darce <strong>Firefox<\/strong> wejd\u017a w: Opcje \u21d2 Prywatno\u015b\u0107.<\/span><\/li>\r\n<li><span style=\"font-family: tahoma, arial, helvetica, sans-serif;\">w przegl\u0105darce <strong>Chrome <\/strong><strong>wejd\u017a w: Ustawienia <\/strong><strong>\u21d2 Ustawienia zaawansowane <\/strong><strong>\u21d2 Prywatno\u015b\u0107 <\/strong><strong>\u21d2 Ustawienia tre\u015bci<\/strong><\/span><\/li>\r\n<li><span style=\"font-family: tahoma, arial, helvetica, sans-serif;\">w przegl\u0105darce <strong>Internet Explorer<\/strong><strong> wejd\u017a w: Narz\u0119dzia <\/strong><strong>\u21d2 Opcje internetowe <\/strong><strong>\u21d2 Prywatno\u015b\u0107 (pozwala wybra\u0107 r\u00f3\u017cne poziomy ochrony) <\/strong><strong>\u21d2 Zaawansowane<\/strong> (je\u015bli chcesz dostosowa\u0107 obs\u0142ug\u0119 cookies r\u0119cznie.<\/span><\/li>\r\n<li><span style=\"font-family: tahoma, arial, helvetica, sans-serif;\">w przegl\u0105darce Opera<strong> wejd\u017a w<\/strong>: <strong>Preferencje <\/strong><strong>\u21d2 Zaawansowane <\/strong><strong>\u21d2 Ciasteczka<\/strong><\/span><\/li>\r\n<\/ul>\r\n<p><span style=\"font-family: tahoma, arial, helvetica, sans-serif;\">Pami\u0119taj, \u017ce t\u0119 powy\u017csze ustawienia nale\u017cy wykona\u0107 osobno dla ka\u017cdej przegl\u0105darki.<\/span><\/p>\r\n<p><\/p>","protected":false},"excerpt":{"rendered":"<p>Pou\u017e\u00edv\u00e1n\u00ed port\u00e1lu Koruna hor \u2013 soubory cookie Abychom u\u017eivateli umo\u017enili pou\u017e\u00edvat n\u00e1\u0161 port\u00e1l, pou\u017e\u00edv\u00e1me soubory cookie (tzv. cookies), kter\u00e9 se ukl\u00e1daj\u00ed na disk po\u010d\u00edta\u010de (v prohl\u00ed\u017ee\u010di). Pou\u017e\u00edv\u00e1me je: k identifikaci a ov\u011b\u0159en\u00ed p\u0159ihl\u00e1\u0161en\u00e9ho u\u017eivatele klubu Koruny hor abychom p\u0159izp\u016fsobili obsah webov\u00fdch str\u00e1nek za\u0159\u00edzen\u00ed u\u017eivatele (nap\u0159. zobrazen\u00ed mobiln\u00ed verze webu na mobiln\u00edch telefonech a desktopov\u00e9 verze&#8230;<\/p>\n","protected":false},"author":1,"featured_media":0,"parent":0,"menu_order":0,"comment_status":"closed","ping_status":"closed","template":"","meta":{"footnotes":""},"class_list":["post-999","page","type-page","status-publish","hentry"],"yoast_head":"<!-- This site is optimized with the Yoast SEO plugin v27.4 - https:\/\/yoast.com\/product\/yoast-seo-wordpress\/ -->\n<title>Pou\u017e\u00edv\u00e1n\u00ed port\u00e1lu Koruna hor \u2013 soubory cookie - KORUNA HOR \u010cESK\u00c9 REPUBLIKY<\/title>\n<meta name=\"robots\" content=\"index, follow, max-snippet:-1, max-image-preview:large, max-video-preview:-1\" \/>\n<link rel=\"canonical\" href=\"https:\/\/korunahor.cz\/index.php\/polityka-prywatnosci-2\/\" \/>\n<meta property=\"og:locale\" content=\"pl_PL\" \/>\n<meta property=\"og:type\" content=\"article\" \/>\n<meta property=\"og:title\" content=\"Pou\u017e\u00edv\u00e1n\u00ed port\u00e1lu Koruna hor \u2013 soubory cookie - KORUNA HOR \u010cESK\u00c9 REPUBLIKY\" \/>\n<meta property=\"og:description\" content=\"Pou\u017e\u00edv\u00e1n\u00ed port\u00e1lu Koruna hor \u2013 soubory cookie Abychom u\u017eivateli umo\u017enili pou\u017e\u00edvat n\u00e1\u0161 port\u00e1l, pou\u017e\u00edv\u00e1me soubory cookie (tzv. cookies), kter\u00e9 se ukl\u00e1daj\u00ed na disk po\u010d\u00edta\u010de (v prohl\u00ed\u017ee\u010di). Pou\u017e\u00edv\u00e1me je: k identifikaci a ov\u011b\u0159en\u00ed p\u0159ihl\u00e1\u0161en\u00e9ho u\u017eivatele klubu Koruny hor abychom p\u0159izp\u016fsobili obsah webov\u00fdch str\u00e1nek za\u0159\u00edzen\u00ed u\u017eivatele (nap\u0159. zobrazen\u00ed mobiln\u00ed verze webu na mobiln\u00edch telefonech a desktopov\u00e9 verze...\" \/>\n<meta property=\"og:url\" content=\"https:\/\/korunahor.cz\/index.php\/polityka-prywatnosci-2\/\" \/>\n<meta property=\"og:site_name\" content=\"KORUNA HOR \u010cESK\u00c9 REPUBLIKY\" \/>\n<meta property=\"article:modified_time\" content=\"2020-10-19T13:41:59+00:00\" \/>\n<meta name=\"twitter:card\" content=\"summary_large_image\" \/>\n<meta name=\"twitter:label1\" content=\"Szacowany czas czytania\" \/>\n\t<meta name=\"twitter:data1\" content=\"2 minuty\" \/>\n<script type=\"application\/ld+json\" class=\"yoast-schema-graph\">{\"@context\":\"https:\\\/\\\/schema.org\",\"@graph\":[{\"@type\":\"WebPage\",\"@id\":\"https:\\\/\\\/korunahor.cz\\\/index.php\\\/polityka-prywatnosci-2\\\/\",\"url\":\"https:\\\/\\\/korunahor.cz\\\/index.php\\\/polityka-prywatnosci-2\\\/\",\"name\":\"Pou\u017e\u00edv\u00e1n\u00ed port\u00e1lu Koruna hor \u2013 soubory cookie - KORUNA HOR \u010cESK\u00c9 REPUBLIKY\",\"isPartOf\":{\"@id\":\"https:\\\/\\\/korunahor.cz\\\/#website\"},\"datePublished\":\"2020-09-15T17:30:08+00:00\",\"dateModified\":\"2020-10-19T13:41:59+00:00\",\"breadcrumb\":{\"@id\":\"https:\\\/\\\/korunahor.cz\\\/index.php\\\/polityka-prywatnosci-2\\\/#breadcrumb\"},\"inLanguage\":\"pl-PL\",\"potentialAction\":[{\"@type\":\"ReadAction\",\"target\":[\"https:\\\/\\\/korunahor.cz\\\/index.php\\\/polityka-prywatnosci-2\\\/\"]}]},{\"@type\":\"BreadcrumbList\",\"@id\":\"https:\\\/\\\/korunahor.cz\\\/index.php\\\/polityka-prywatnosci-2\\\/#breadcrumb\",\"itemListElement\":[{\"@type\":\"ListItem\",\"position\":1,\"name\":\"Strona g\u0142\u00f3wna\",\"item\":\"https:\\\/\\\/korunahor.cz\\\/\"},{\"@type\":\"ListItem\",\"position\":2,\"name\":\"Pou\u017e\u00edv\u00e1n\u00ed port\u00e1lu Koruna hor \u2013 soubory cookie\"}]},{\"@type\":\"WebSite\",\"@id\":\"https:\\\/\\\/korunahor.cz\\\/#website\",\"url\":\"https:\\\/\\\/korunahor.cz\\\/\",\"name\":\"KORUNA HOR \u010cESK\u00c9 REPUBLIKY\",\"description\":\"R\u00e1di bychom v\u00e1s povzbudili k lep\u0161\u00edmu pozn\u00e1n\u00ed \u010cesk\u00e9 republiky d\u00edky z\u00edsk\u00e1v\u00e1n\u00ed jej\u00edch nejvy\u0161\u0161\u00edch vrch\u016f. Vybrali jsme 81 nejvy\u0161\u0161\u00edch vrchol\u016f nach\u00e1zej\u00edc\u00edch se na \u00fazem\u00ed t\u0159\u00ed ze \u010dty\u0159 geomorfologick\u00fdch provinci\u00ed \u010cesk\u00e9 republiky: \u010cesk\u00e9 Vyso\u010diny Z\u00e1padn\u00edch Karpat St\u0159edoevropsk\u00e9 n\u00ed\u017einy \u010dtvrt\u00e1 provincie, Z\u00e1padopanonsk\u00e1 p\u00e1nev, nebyla zde zahrnuta pro sv\u016fj n\u00ed\u017einn\u00fd charakter.\",\"publisher\":{\"@id\":\"https:\\\/\\\/korunahor.cz\\\/#organization\"},\"potentialAction\":[{\"@type\":\"SearchAction\",\"target\":{\"@type\":\"EntryPoint\",\"urlTemplate\":\"https:\\\/\\\/korunahor.cz\\\/?s={search_term_string}\"},\"query-input\":{\"@type\":\"PropertyValueSpecification\",\"valueRequired\":true,\"valueName\":\"search_term_string\"}}],\"inLanguage\":\"pl-PL\"},{\"@type\":\"Organization\",\"@id\":\"https:\\\/\\\/korunahor.cz\\\/#organization\",\"name\":\"KORUNA HOR \u010cESK\u00c9 REPUBLIKY\",\"url\":\"https:\\\/\\\/korunahor.cz\\\/\",\"logo\":{\"@type\":\"ImageObject\",\"inLanguage\":\"pl-PL\",\"@id\":\"https:\\\/\\\/korunahor.cz\\\/#\\\/schema\\\/logo\\\/image\\\/\",\"url\":\"https:\\\/\\\/korunahor.cz\\\/wp-content\\\/uploads\\\/2020\\\/08\\\/cropped-Gorne-logo-do-strony_CZ_OK-scaled-2.jpg\",\"contentUrl\":\"https:\\\/\\\/korunahor.cz\\\/wp-content\\\/uploads\\\/2020\\\/08\\\/cropped-Gorne-logo-do-strony_CZ_OK-scaled-2.jpg\",\"width\":2560,\"height\":311,\"caption\":\"KORUNA HOR \u010cESK\u00c9 REPUBLIKY\"},\"image\":{\"@id\":\"https:\\\/\\\/korunahor.cz\\\/#\\\/schema\\\/logo\\\/image\\\/\"}}]}<\/script>\n<!-- \/ Yoast SEO plugin. -->","yoast_head_json":{"title":"Pou\u017e\u00edv\u00e1n\u00ed port\u00e1lu Koruna hor \u2013 soubory cookie - KORUNA HOR \u010cESK\u00c9 REPUBLIKY","robots":{"index":"index","follow":"follow","max-snippet":"max-snippet:-1","max-image-preview":"max-image-preview:large","max-video-preview":"max-video-preview:-1"},"canonical":"https:\/\/korunahor.cz\/index.php\/polityka-prywatnosci-2\/","og_locale":"pl_PL","og_type":"article","og_title":"Pou\u017e\u00edv\u00e1n\u00ed port\u00e1lu Koruna hor \u2013 soubory cookie - KORUNA HOR \u010cESK\u00c9 REPUBLIKY","og_description":"Pou\u017e\u00edv\u00e1n\u00ed port\u00e1lu Koruna hor \u2013 soubory cookie Abychom u\u017eivateli umo\u017enili pou\u017e\u00edvat n\u00e1\u0161 port\u00e1l, pou\u017e\u00edv\u00e1me soubory cookie (tzv. cookies), kter\u00e9 se ukl\u00e1daj\u00ed na disk po\u010d\u00edta\u010de (v prohl\u00ed\u017ee\u010di). Pou\u017e\u00edv\u00e1me je: k identifikaci a ov\u011b\u0159en\u00ed p\u0159ihl\u00e1\u0161en\u00e9ho u\u017eivatele klubu Koruny hor abychom p\u0159izp\u016fsobili obsah webov\u00fdch str\u00e1nek za\u0159\u00edzen\u00ed u\u017eivatele (nap\u0159. zobrazen\u00ed mobiln\u00ed verze webu na mobiln\u00edch telefonech a desktopov\u00e9 verze...","og_url":"https:\/\/korunahor.cz\/index.php\/polityka-prywatnosci-2\/","og_site_name":"KORUNA HOR \u010cESK\u00c9 REPUBLIKY","article_modified_time":"2020-10-19T13:41:59+00:00","twitter_card":"summary_large_image","twitter_misc":{"Szacowany czas czytania":"2 minuty"},"schema":{"@context":"https:\/\/schema.org","@graph":[{"@type":"WebPage","@id":"https:\/\/korunahor.cz\/index.php\/polityka-prywatnosci-2\/","url":"https:\/\/korunahor.cz\/index.php\/polityka-prywatnosci-2\/","name":"Pou\u017e\u00edv\u00e1n\u00ed port\u00e1lu Koruna hor \u2013 soubory cookie - KORUNA HOR \u010cESK\u00c9 REPUBLIKY","isPartOf":{"@id":"https:\/\/korunahor.cz\/#website"},"datePublished":"2020-09-15T17:30:08+00:00","dateModified":"2020-10-19T13:41:59+00:00","breadcrumb":{"@id":"https:\/\/korunahor.cz\/index.php\/polityka-prywatnosci-2\/#breadcrumb"},"inLanguage":"pl-PL","potentialAction":[{"@type":"ReadAction","target":["https:\/\/korunahor.cz\/index.php\/polityka-prywatnosci-2\/"]}]},{"@type":"BreadcrumbList","@id":"https:\/\/korunahor.cz\/index.php\/polityka-prywatnosci-2\/#breadcrumb","itemListElement":[{"@type":"ListItem","position":1,"name":"Strona g\u0142\u00f3wna","item":"https:\/\/korunahor.cz\/"},{"@type":"ListItem","position":2,"name":"Pou\u017e\u00edv\u00e1n\u00ed port\u00e1lu Koruna hor \u2013 soubory cookie"}]},{"@type":"WebSite","@id":"https:\/\/korunahor.cz\/#website","url":"https:\/\/korunahor.cz\/","name":"KORUNA HOR \u010cESK\u00c9 REPUBLIKY","description":"R\u00e1di bychom v\u00e1s povzbudili k lep\u0161\u00edmu pozn\u00e1n\u00ed \u010cesk\u00e9 republiky d\u00edky z\u00edsk\u00e1v\u00e1n\u00ed jej\u00edch nejvy\u0161\u0161\u00edch vrch\u016f. Vybrali jsme 81 nejvy\u0161\u0161\u00edch vrchol\u016f nach\u00e1zej\u00edc\u00edch se na \u00fazem\u00ed t\u0159\u00ed ze \u010dty\u0159 geomorfologick\u00fdch provinci\u00ed \u010cesk\u00e9 republiky: \u010cesk\u00e9 Vyso\u010diny Z\u00e1padn\u00edch Karpat St\u0159edoevropsk\u00e9 n\u00ed\u017einy \u010dtvrt\u00e1 provincie, Z\u00e1padopanonsk\u00e1 p\u00e1nev, nebyla zde zahrnuta pro sv\u016fj n\u00ed\u017einn\u00fd charakter.","publisher":{"@id":"https:\/\/korunahor.cz\/#organization"},"potentialAction":[{"@type":"SearchAction","target":{"@type":"EntryPoint","urlTemplate":"https:\/\/korunahor.cz\/?s={search_term_string}"},"query-input":{"@type":"PropertyValueSpecification","valueRequired":true,"valueName":"search_term_string"}}],"inLanguage":"pl-PL"},{"@type":"Organization","@id":"https:\/\/korunahor.cz\/#organization","name":"KORUNA HOR \u010cESK\u00c9 REPUBLIKY","url":"https:\/\/korunahor.cz\/","logo":{"@type":"ImageObject","inLanguage":"pl-PL","@id":"https:\/\/korunahor.cz\/#\/schema\/logo\/image\/","url":"https:\/\/korunahor.cz\/wp-content\/uploads\/2020\/08\/cropped-Gorne-logo-do-strony_CZ_OK-scaled-2.jpg","contentUrl":"https:\/\/korunahor.cz\/wp-content\/uploads\/2020\/08\/cropped-Gorne-logo-do-strony_CZ_OK-scaled-2.jpg","width":2560,"height":311,"caption":"KORUNA HOR \u010cESK\u00c9 REPUBLIKY"},"image":{"@id":"https:\/\/korunahor.cz\/#\/schema\/logo\/image\/"}}]}},"_links":{"self":[{"href":"https:\/\/korunahor.cz\/index.php\/wp-json\/wp\/v2\/pages\/999","targetHints":{"allow":["GET"]}}],"collection":[{"href":"https:\/\/korunahor.cz\/index.php\/wp-json\/wp\/v2\/pages"}],"about":[{"href":"https:\/\/korunahor.cz\/index.php\/wp-json\/wp\/v2\/types\/page"}],"author":[{"embeddable":true,"href":"https:\/\/korunahor.cz\/index.php\/wp-json\/wp\/v2\/users\/1"}],"replies":[{"embeddable":true,"href":"https:\/\/korunahor.cz\/index.php\/wp-json\/wp\/v2\/comments?post=999"}],"version-history":[{"count":5,"href":"https:\/\/korunahor.cz\/index.php\/wp-json\/wp\/v2\/pages\/999\/revisions"}],"predecessor-version":[{"id":2604,"href":"https:\/\/korunahor.cz\/index.php\/wp-json\/wp\/v2\/pages\/999\/revisions\/2604"}],"wp:attachment":[{"href":"https:\/\/korunahor.cz\/index.php\/wp-json\/wp\/v2\/media?parent=999"}],"curies":[{"name":"wp","href":"https:\/\/api.w.org\/{rel}","templated":true}]}}